{"id":418,"date":"2021-12-12T22:29:31","date_gmt":"2021-12-12T19:29:31","guid":{"rendered":"https:\/\/www.healdone.com\/?page_id=418\/"},"modified":"2022-09-27T17:19:34","modified_gmt":"2022-09-27T14:19:34","slug":"operations-capillaires","status":"publish","type":"page","link":"https:\/\/www.healdone.com\/fr\/operations-capillaires\/","title":{"rendered":"Op\u00e9rations capillaires"},"content":{"rendered":"<p>Heal Done vous offre la greffe de cheveux, de barbe, de sourcils et de moustache dans les meilleurs h\u00f4pitaux ; \u00e9quip\u00e9s de la derni\u00e8re g\u00e9n\u00e9ration d&rsquo;\u00e9quipements m\u00e9dicaux en Turquie.<\/p>\n<p>Il est temps que vos r\u00eaves deviennent r\u00e9alit\u00e9 avec Heal Done.<\/p>\n","protected":false},"excerpt":{"rendered":"<p>Heal Done vous offre la greffe de cheveux, de barbe, de sourcils et de moustache dans les meilleurs h\u00f4pitaux ; \u00e9quip\u00e9s de la derni\u00e8re g\u00e9n\u00e9ration d&rsquo;\u00e9quipements m\u00e9dicaux en Turquie. Il est temps que vos r\u00eaves deviennent r\u00e9alit\u00e9 avec Heal Done.<\/p>\n","protected":false},"author":1,"featured_media":1280,"parent":0,"menu_order":0,"comment_status":"closed","ping_status":"closed","template":"page-klinik-servis.php","meta":{"om_disable_all_campaigns":false,"_mi_skip_tracking":false,"footnotes":""},"class_list":["post-418","page","type-page","status-publish","has-post-thumbnail","hentry"],"_links":{"self":[{"href":"https:\/\/www.healdone.com\/fr\/wp-json\/wp\/v2\/pages\/418","targetHints":{"allow":["GET"]}}],"collection":[{"href":"https:\/\/www.healdone.com\/fr\/wp-json\/wp\/v2\/pages"}],"about":[{"href":"https:\/\/www.healdone.com\/fr\/wp-json\/wp\/v2\/types\/page"}],"author":[{"embeddable":true,"href":"https:\/\/www.healdone.com\/fr\/wp-json\/wp\/v2\/users\/1"}],"replies":[{"embeddable":true,"href":"https:\/\/www.healdone.com\/fr\/wp-json\/wp\/v2\/comments?post=418"}],"version-history":[{"count":0,"href":"https:\/\/www.healdone.com\/fr\/wp-json\/wp\/v2\/pages\/418\/revisions"}],"wp:featuredmedia":[{"embeddable":true,"href":"https:\/\/www.healdone.com\/fr\/wp-json\/wp\/v2\/media\/1280"}],"wp:attachment":[{"href":"https:\/\/www.healdone.com\/fr\/wp-json\/wp\/v2\/media?parent=418"}],"curies":[{"name":"wp","href":"https:\/\/api.w.org\/{rel}","templated":true}]}}