{"id":424,"date":"2021-12-12T22:39:02","date_gmt":"2021-12-12T19:39:02","guid":{"rendered":"https:\/\/www.healdone.com\/?page_id=424\/"},"modified":"2022-09-27T17:58:07","modified_gmt":"2022-09-27T14:58:07","slug":"la-greffe-de-barbe","status":"publish","type":"page","link":"https:\/\/www.healdone.com\/fr\/la-greffe-de-barbe\/","title":{"rendered":"La greffe de barbe"},"content":{"rendered":"<p>La greffe de barbe, qui est aussi populaire que la greffe de cheveux, est la solution pour les personnes qui ont des probl\u00e8mes de barbe tels que la perte de barbe ou des probl\u00e8mes de peau. Si vous recherchez un centre de greffe de barbe professionnel et de haute qualit\u00e9 en Turquie, nous vous recommandons vivement de contacter Heal Done.<\/p>\n<h2>Qu&rsquo;est-ce qu&rsquo;une greffe de barbe ?<br \/>\n<\/h2>\n<p>Le nombre de personnes qui cherchent \u00e0 comprendre c\u2019est quoi une greffe de barbe est tr\u00e8s \u00e9lev\u00e9. La greffe de barbe, qui peut \u00eatre d\u00e9finie comme la greffe de poils pr\u00e9lev\u00e9s sur diff\u00e9rentes zones du corps vers la zone de la barbe ; Permet aux gens d&rsquo;obtenir le look qu&rsquo;ils d\u00e9sirent. La structure de la peau et les caract\u00e9ristiques g\u00e9n\u00e9tiques diff\u00e8rent d&rsquo;une personne \u00e0 une autre, il peut donc y avoir des vides dans certaines parties de la zone de la barbe. De plus, la diminution de croissance de cheveux est un probl\u00e8me dont souffrent beaucoup de gens. En dehors de cela, les zones peuvent devenir d\u00e9pourvues de poils dans la zone de la barbe pour des raisons telles que des blessures caus\u00e9es par des accidents ou des br\u00fblures. Gr\u00e2ce \u00e0 la greffe de barbe, tous ces probl\u00e8mes peuvent \u00eatre r\u00e9solus de la meilleure fa\u00e7on possible.<\/p>\n<h2>\u00c9tapes de la greffe de barbe<br \/>\n<\/h2>\n<ul>\n<li>Un examen m\u00e9dical est effectu\u00e9 comme pr\u00e9vu avant la greffe de barbe.<\/li>\n<li>D\u00e9terminer la zone \u00e0 transplanter et calculer le nombre de greffons n\u00e9cessaires.<\/li>\n<li>Faire plusieurs tests, notamment des analyses de sang.<\/li>\n<li>Application de l\u2019anesth\u00e9sie locale.<\/li>\n<li>Comme dans le cas de la greffe de cheveux, les follicules pileux sont pr\u00e9lev\u00e9s de la zone donneuse et les racines des cheveux pr\u00e9lev\u00e9es sont plac\u00e9es dans la solution de greffe d&rsquo;organe pour les pr\u00e9server.<\/li>\n<li>Greffes combin\u00e9es, elles sont implant\u00e9es dans la zone qui souffre de perte de poils de barbe, selon le mode de transplantation d\u00e9termin\u00e9 par le m\u00e9decin qui effectuera l&rsquo;op\u00e9ration.<\/li>\n<\/ul>\n<h2>Comment se fait la greffe de barbe?<\/h2>\n<ul>\n<li>L&rsquo;\u00e9tape de collecte des follicules pileux est tr\u00e8s importante, car la nuque est choisie comme zone donneuse lors de la greffe de cheveux. En plus la zone de la barbe peut \u00e9galement \u00eatre pr\u00e9f\u00e9r\u00e9e pour le patient.<\/li>\n<li>Les follicules pileux sont pr\u00e9lev\u00e9s dans la zone s\u00e9lectionn\u00e9e et des canaux sont ouverts dans les zones \u00e0 transplanter, puis les racines des cheveux y sont implant\u00e9es.<\/li>\n<li>Apr\u00e8s la greffe de barbe, aucune cicatrice n&rsquo;appara\u00eet sur le visage du patient ou sur la zone donneuse, de plus, aucune douleur ne survient.<\/li>\n<li>La greffe de barbe est effectu\u00e9e avec une extr\u00eame prudence. Si la perte de barbe est limit\u00e9e seulement dans certaines zones, les cheveux sont transplant\u00e9s dans d&rsquo;autres zone pour obtenir une distribution mod\u00e9r\u00e9e.<\/li>\n<\/ul>\n<h2>Points \u00e0 prendre en consid\u00e9ration dans la greffe de barbe<\/h2>\n<p>Les r\u00e9sultats de la greffe de barbe ne sont pas toujours positifs, c&rsquo;est pourquoi, afin d&rsquo;obtenir une efficacit\u00e9 \u00e0 cent pour cent de la greffe de barbe, l&rsquo;op\u00e9ration doit \u00eatre effectu\u00e9e dans un centre agr\u00e9\u00e9 par le minist\u00e8re et sous la supervision de m\u00e9decins sp\u00e9cialis\u00e9s. La greffe de barbe, est une op\u00e9ration chirurgicale dont l&rsquo;exp\u00e9rience et le s\u00e9rieux sont des indispensables, en plus, le patient doit avoir une quantit\u00e9 suffisante de cheveux dans la zone donneuse. Apr\u00e8s certaines greffes de barbe, certaines infections peuvent survenir dans la zone du visage, d\u2019o\u00f9 la n\u00e9cessit\u00e9 de prendre soin du visage avant l&rsquo;op\u00e9ration. En d&rsquo;autres termes, il ne doit y avoir aucune blessure ou  irritation sur la peau du visage et la proc\u00e9dure doit \u00eatre effectu\u00e9e dans un environnement st\u00e9rile. La greffe de barbe est pratiqu\u00e9e sur des personnes ayant termin\u00e9 l&rsquo;adolescence.<\/p>\n<h2>Choses \u00e0 faire avant la greffe de barbe<\/h2>\n<ul>\n<li>Vous devez arr\u00eater de boire de l&rsquo;alcool au moins trois jours avant l&rsquo;op\u00e9ration.<\/li>\n<li>Vous devez cesser d&rsquo;utiliser des anticoagulants pendant au moins une ou deux semaines.<\/li>\n<li>Vous devez arr\u00eater de fumer au moins trois jours avant.<\/li>\n<\/ul>\n<h2>\u00c9l\u00e9ments \u00e0 consid\u00e9rer apr\u00e8s une greffe de barbe<\/h2>\n<ul>\n<li>Apr\u00e8s la greffe de barbe, la zone donneuse ne doit pas entrer en contact avec de l&rsquo;eau ou des produits chimiques. Les trois premiers jours apr\u00e8s la greffe de barbe sont tr\u00e8s importants, car les greffons implant\u00e9s collent \u00e0 la peau pendant cette p\u00e9riode.<\/li>\n<li>Il est recommand\u00e9 de rester \u00e0 l&rsquo;\u00e9cart de l&rsquo;alcool et des cigarettes pour ceux qui ont de nouvelles barbes, surtout la premi\u00e8re semaine.<\/li>\n<li>Des rougeurs et des desquamations peuvent appara\u00eetre dans la zone transplant\u00e9e. \u00c0 ce stade, vous ne devez pas gratter cette zone, sinon cela pourrait couper les cheveux.<\/li>\n<li>eviter l\u2019utilisation de produits cosm\u00e9tiques.<\/li>\n<\/ul>\n<h2>Processus de gu\u00e9rison apr\u00e8s la greffe de barbe<\/h2>\n<p>Les analg\u00e9siques doivent \u00eatre utilis\u00e9s dans la premi\u00e8re semaine apr\u00e8s l&rsquo;op\u00e9ration, et des pr\u00e9cautions doivent \u00eatre prises pour \u00e9viter les coups violents sur la zone du visage. Apr\u00e8s un certain temps, une perte choc des cheveux transplant\u00e9s peut survenir et le premier rasage de la barbe doit \u00eatre effectu\u00e9 apr\u00e8s au moins trois mois. La barbe prend une ann\u00e9e enti\u00e8re \u00e0 retrouver son aspect naturel apr\u00e8s la greffe de barbe.<\/p>\n<h2>Prix de la greffe de barbe<\/h2>\n<p>Le prix d&rsquo;une greffe de barbe est tres recherch\u00e9 sur Internet, on peut dire que les prix varient selon le centre de greffe et l&rsquo;exp\u00e9rience du m\u00e9decin qui va r\u00e9aliser l&rsquo;op\u00e9ration. Il est important de se concentrer sur le succ\u00e8s de l&rsquo;op\u00e9ration plus que sur son co\u00fbt, \u00e9tant donn\u00e9 que les prix sont adapt\u00e9s au budget des patients.<\/p>\n<h2>Qui peut faire une  greffe de barbe?<\/h2>\n<p>La greffe de barbe, un processus qui a sauv\u00e9 la vie de plusieurs personnes, \u00e7a peut \u00eatre pratiqu\u00e9e sur toute personne pr\u00e9sentant des cicatrices ou des marques de br\u00fblures apparues dans la zone de la barbe r\u00e9sultant des blessures accidentelles. De plus, c&rsquo;est une bou\u00e9e de sauvetage pour ceux qui ont une barbe asym\u00e9trique et une moustache clairsem\u00e9e.<\/p>\n<h2>Types de greffe de barbe<\/h2>\n<p>Les diff\u00e9rents types de greffes de barbe, aident les gens \u00e0 obtenir des barbes d&rsquo;apparence naturelle aussi rapidement que possible.<\/p>\n<h3>Greffe de barbe par saphir FUE<\/h3>\n<p>Un saphir compos\u00e9 de pierres pr\u00e9cieuses est utilis\u00e9. Dans cette m\u00e9thode, la greffe de barbe est effectu\u00e9e avec pr\u00e9cision et en d\u00e9tail, et gr\u00e2ce \u00e0 l&rsquo;utilisation d&rsquo;une lame tr\u00e8s tranchante, la possibilit\u00e9 de tout dommage dans le processus est \u00e9limin\u00e9e.<\/p>\n<h3>Greffe de barbe par technique FUE douce<\/h3>\n<p>L&rsquo;anesth\u00e9sie est appliqu\u00e9e \u00e0 une dose adapt\u00e9e aux caract\u00e9ristiques physiques du patient, de sorte que le patient ne ressente aucune douleur.<\/p>\n<h3>Greffe de barbe avec la technique DHI<\/h3>\n<p>Les poils de barbe sont extraits avec des aiguilles FUE d&rsquo;un diam\u00e8tre de 0,5-0,7 mm \u00e0 la demande, et les poils sont ins\u00e9r\u00e9s dans l&rsquo;aiguille du stylo Choi, connu sous le nom de stylo de greffe de barbe, cette technique est appliqu\u00e9e sur la zone \u00e0 transplanter sans la toucher par les mains.<\/p>\n<h3>Greffe de barbe avec la technique TDF<\/h3>\n<p>La greffe de barbe \u00e0 grands espaces s&rsquo;effectue en deux s\u00e9ances pendant deux jours cons\u00e9cutifs. Cette technique convient \u00e0 ceux qui souhaitent reprendre leur vie en un peu de temps apr\u00e8s la greffe de barbe.<\/p>\n","protected":false},"excerpt":{"rendered":"<p>La greffe de barbe, qui est aussi populaire que la greffe de cheveux, est la solution pour les personnes qui ont des probl\u00e8mes de barbe tels que la perte de barbe ou des probl\u00e8mes de peau. Si vous recherchez un centre de greffe de barbe professionnel et de haute qualit\u00e9 en Turquie, nous vous recommandons [&hellip;]<\/p>\n","protected":false},"author":1,"featured_media":1641,"parent":0,"menu_order":0,"comment_status":"closed","ping_status":"closed","template":"page.php","meta":{"om_disable_all_campaigns":false,"_mi_skip_tracking":false,"footnotes":""},"class_list":["post-424","page","type-page","status-publish","has-post-thumbnail","hentry"],"_links":{"self":[{"href":"https:\/\/www.healdone.com\/fr\/wp-json\/wp\/v2\/pages\/424","targetHints":{"allow":["GET"]}}],"collection":[{"href":"https:\/\/www.healdone.com\/fr\/wp-json\/wp\/v2\/pages"}],"about":[{"href":"https:\/\/www.healdone.com\/fr\/wp-json\/wp\/v2\/types\/page"}],"author":[{"embeddable":true,"href":"https:\/\/www.healdone.com\/fr\/wp-json\/wp\/v2\/users\/1"}],"replies":[{"embeddable":true,"href":"https:\/\/www.healdone.com\/fr\/wp-json\/wp\/v2\/comments?post=424"}],"version-history":[{"count":0,"href":"https:\/\/www.healdone.com\/fr\/wp-json\/wp\/v2\/pages\/424\/revisions"}],"wp:featuredmedia":[{"embeddable":true,"href":"https:\/\/www.healdone.com\/fr\/wp-json\/wp\/v2\/media\/1641"}],"wp:attachment":[{"href":"https:\/\/www.healdone.com\/fr\/wp-json\/wp\/v2\/media?parent=424"}],"curies":[{"name":"wp","href":"https:\/\/api.w.org\/{rel}","templated":true}]}}