{"id":439,"date":"2021-12-13T00:00:22","date_gmt":"2021-12-12T21:00:22","guid":{"rendered":"https:\/\/www.healdone.com\/?page_id=439\/"},"modified":"2022-09-28T23:25:32","modified_gmt":"2022-09-28T20:25:32","slug":"esthetique-dentaire","status":"publish","type":"page","link":"https:\/\/www.healdone.com\/fr\/esthetique-dentaire\/","title":{"rendered":"Esth\u00e9tique dentaire"},"content":{"rendered":"<h2>c&rsquo;est quoi l&rsquo;esth\u00e9tique dentaire<\/h2>\n<p>La sant\u00e9 bucco-dentaire est d&rsquo;une grande importance pour les gens, car le processus de la digestion commence par la bouche, consid\u00e9rant que les dents servent \u00e0 couper et \u00e0 broyer les aliments puis \u00e0 les envoyer \u00e0 l&rsquo;estomac. Donc les dents manquantes, pourries ou malsaines, peuvent avoir des r\u00e9percussions sur tout le corps humain. De plus, les dents sont importantes pour obtenir un sourire parfait. Surtout lors des rencontres entre amis ou on aime rire et parler. Cependant, Des dents manquantes, pourries et de mauvaise apparence peuvent tout g\u00e2cher. Par cons\u00e9quent, les dents sont tr\u00e8s importantes dans la vie humaine que ce soit physiologiquement ou psychologiquement.<br \/>\nLa dentisterie esth\u00e9tique est une excellente option pour ceux qui ont des probl\u00e8mes dentaires, c&rsquo;est-\u00e0-dire qu&rsquo;il permet aux gens d\u2019avoir les dents dont ils ont toujours r\u00eav\u00e9.<\/p>\n<h2>Qu&rsquo;est-ce que la dentisterie esth\u00e9tique?<\/h2>\n<p>Ceux qui souhaitent avoir des belles et saines dents se demandent toujours: qu\u2019est-ce que la dentisterie esth\u00e9tique ? Car c&rsquo;est la proc\u00e9dure n\u00e9cessaire dans le cas o\u00f9 une personne fait face \u00e0 un probl\u00e8me dans l&rsquo;aspect g\u00e9n\u00e9ral de la dent. Comme certaines dents leur apparence est loin d&rsquo;\u00eatre esth\u00e9tique; le d\u00e9salignement Les dents les unes par rapport aux autres pose \u00e9galement un gros probl\u00e8me. De plus, certaines personnes souhaitent avoir une structure dentaire saine.Dans tous ces cas, la dentisterie esth\u00e9tique est la meilleure solution. La dentisterie cosm\u00e9tique \u00e9limine les probl\u00e8mes de structure dentaire cong\u00e9nitaux ou acquis. Gr\u00e2ce \u00e0 cette sp\u00e9cialit\u00e9, il est possible d&rsquo;avoir des dents dispos\u00e9es sym\u00e9triquement.<\/p>\n<h2>Quelles sont les proc\u00e9dures dentaires cosm\u00e9tiques?<\/h2>\n<p>Gr\u00e2ce \u00e0 la dentisterie esth\u00e9tique, on peut obtenir une sym\u00e9trie entre les m\u00e2choires inf\u00e9rieure et sup\u00e9rieure et une forme de bouche harmonieuse. Il devient \u00e9galement possible de se d\u00e9barrasser de la mauvaise haleine et des probl\u00e8mes de mastication, et par cons\u00e9quent augmenter sa confiance en soi. Des facteurs tels que les r\u00e9sidus d&rsquo;aliments et de cigarettes ne provoquent plus le jaunissement des dents et l&rsquo;immunit\u00e9 de la bouche et des dents est renforc\u00e9e. Ainsi, les gens peuvent avoir la possibilit\u00e9 de parler de mani\u00e8re plus efficace et avec confiance.<\/p>\n<p>Les differents types de proc\u00e9dures dentaires cosm\u00e9tiques:<br \/>\n\u2022 Esth\u00e9tique du sourire : dans ce type, il est pr\u00e9vu d\u2019obtenir le plus beau sourire qui combine la beaut\u00e9 et le naturel. Au cours de l&rsquo;esth\u00e9tique du sourire, des proc\u00e9dures telles que le blanchiment, les implants, les amalgames en porcelaine et la correction du sourire gingival sont effectu\u00e9es. En outre des facteurs tels que la forme du visage du patient, son sexe, la couleur de sa peau, ses l\u00e8vres, le bord des l\u00e8vres, l&rsquo;alignement de ses dents et leur couleur \u00e9galement sont pris en compte.<br \/>\n\u2022 Esth\u00e9tique de la gencive: Certaines personnes souffrent de probl\u00e8mes de sourire, car leur confiance en soi est alt\u00e9r\u00e9e lorsque leur tissu gingival est tr\u00e8s visible ou parce qu&rsquo;elles ont des dents courtes. La proc\u00e9dure de remodelage gingival est la meilleure solution \u00e0 ces probl\u00e8mes, \u00e0 travers laquelle des dispositifs laser sont utilis\u00e9s sans provoquer aucun saignement.<\/p>\n<p>Blanchiment des dents : Un autre type de dentisterie esth\u00e9tique, qui est un traitement totalement inoffensif \u00e0 l&rsquo;aide du gel appropri\u00e9 et qui peut \u00eatre r\u00e9p\u00e9t\u00e9 en prenant en consid\u00e9ration les \u00e9l\u00e9ments cosm\u00e9tiques.<\/p>\n<p>Applications de collage dentaire: plusieurs gens souffrent de certains probl\u00e8mes dentaires, en particulier le devant de la bouche. Les principales causes sont les accidents, par cons\u00e9quent divers probl\u00e8mes apparaissent, tels que les fractures et les dents croches, ou les dents courtes et petites. Ces probl\u00e8mes sont r\u00e9solus gr\u00e2ce \u00e0 des proc\u00e9dures de composite dentaire, o\u00f9 des obturations composites sont s\u00e9lectionn\u00e9es et adapt\u00e9es \u00e0 la couleur des dents du patient, tout en pr\u00eatant attention aux formes de base de leurs dents.<\/p>\n<h3>Avant l&rsquo;esth\u00e9tique dentaire<\/h3>\n<p>Avant la dentisterie esth\u00e9tique, il faut savoir exactement ce qu&rsquo;on veut.<br \/>\nBeaucoup de patients veulent avoir des placages, mais en m\u00eame temps ils sont inquiets par la possibilit\u00e9 d\u2019affaiblir la structure de leurs dents. Dans ce cas il faut consulter un sp\u00e9cialiste. En outre, il est important de v\u00e9rifier si les dents sont sym\u00e9triques ou non de plus l&rsquo;effet de l&rsquo;augmentation des l\u00e8vres doit \u00e9galement \u00eatre pris au s\u00e9rieux. En fin de compte, ce sont les exigences personnelles dans le domaine de la dentisterie esth\u00e9tique qui guident le traitement.<\/p>\n<h3>les points a prendre en consid\u00e9rations apr\u00e8s l&rsquo;esth\u00e9tique dentaire<\/h3>\n<p>Les patients doivent \u00e9viter de cracher, de toucher la zone et de tirer les l\u00e8vres et les joues apr\u00e8s la dentisterie esth\u00e9tique.<br \/>\n\u2022 La zone trait\u00e9e doit \u00eatre bross\u00e9e selon les recommandations du m\u00e9decin.<br \/>\n\u2022 Il faut consommer des aliments mous, surtout les trois premiers jours.<br \/>\n\u2022 \u00c9viter Les mouvements qui augmentent le rythme cardiaque et provoquent des saignements.<\/p>\n<h3>Qui sont les candidats \u00e0 la dentisterie esth\u00e9tique ?<\/h3>\n<p>Une autre question tout aussi importante que la fa\u00e7on d\u2019effectuer la dentisterie esth\u00e9tique, c\u2019est : pour qui ?<br \/>\n\u2022 Ceux qui pensent avoir un probl\u00e8me de la sant\u00e9 de la bouche, des dents ou du sourire.<br \/>\n\u2022 Ceux qui souffrent d&rsquo;encombrement dans l&rsquo;alignement des dents.<br \/>\n\u2022 Ceux qui ont de grands espaces entre les dents.<br \/>\nLes personnes aux dents fonc\u00e9es.<br \/>\nGr\u00e2ce \u00e0 la dentisterie esth\u00e9tique, il est possible d&rsquo;avoir de tr\u00e8s belles dents et des sourires sains.<\/p>\n<h3>Prix de la dentisterie esth\u00e9tique<\/h3>\n<p>Ces jours-ci en 2022, les prix moyens de la dentisterie esth\u00e9tique sont de 2 500 $ US. Les prix peuvent varier en fonction de crit\u00e8res tels que le type de processus et les mat\u00e9riaux \u00e0 utiliser.<\/p>\n","protected":false},"excerpt":{"rendered":"<p>c&rsquo;est quoi l&rsquo;esth\u00e9tique dentaire La sant\u00e9 bucco-dentaire est d&rsquo;une grande importance pour les gens, car le processus de la digestion commence par la bouche, consid\u00e9rant que les dents servent \u00e0 couper et \u00e0 broyer les aliments puis \u00e0 les envoyer \u00e0 l&rsquo;estomac. Donc les dents manquantes, pourries ou malsaines, peuvent avoir des r\u00e9percussions sur tout [&hellip;]<\/p>\n","protected":false},"author":1,"featured_media":71,"parent":0,"menu_order":0,"comment_status":"closed","ping_status":"closed","template":"page.php","meta":{"om_disable_all_campaigns":false,"_mi_skip_tracking":false,"footnotes":""},"class_list":["post-439","page","type-page","status-publish","has-post-thumbnail","hentry"],"_links":{"self":[{"href":"https:\/\/www.healdone.com\/fr\/wp-json\/wp\/v2\/pages\/439","targetHints":{"allow":["GET"]}}],"collection":[{"href":"https:\/\/www.healdone.com\/fr\/wp-json\/wp\/v2\/pages"}],"about":[{"href":"https:\/\/www.healdone.com\/fr\/wp-json\/wp\/v2\/types\/page"}],"author":[{"embeddable":true,"href":"https:\/\/www.healdone.com\/fr\/wp-json\/wp\/v2\/users\/1"}],"replies":[{"embeddable":true,"href":"https:\/\/www.healdone.com\/fr\/wp-json\/wp\/v2\/comments?post=439"}],"version-history":[{"count":0,"href":"https:\/\/www.healdone.com\/fr\/wp-json\/wp\/v2\/pages\/439\/revisions"}],"wp:featuredmedia":[{"embeddable":true,"href":"https:\/\/www.healdone.com\/fr\/wp-json\/wp\/v2\/media\/71"}],"wp:attachment":[{"href":"https:\/\/www.healdone.com\/fr\/wp-json\/wp\/v2\/media?parent=439"}],"curies":[{"name":"wp","href":"https:\/\/api.w.org\/{rel}","templated":true}]}}