{"id":444,"date":"2021-12-13T00:26:46","date_gmt":"2021-12-12T21:26:46","guid":{"rendered":"https:\/\/www.healdone.com\/?page_id=444\/"},"modified":"2022-09-28T23:50:14","modified_gmt":"2022-09-28T20:50:14","slug":"hollywood-smile","status":"publish","type":"page","link":"https:\/\/www.healdone.com\/fr\/hollywood-smile\/","title":{"rendered":"Hollywood Smile"},"content":{"rendered":"<p>Les gens veulent un beau sourire plus que toute autre chose, mais, le nombre de personnes qui ne peuvent pas sourire comme ils le souhaitent en raison de divers probl\u00e8mes dentaires est tr\u00e8s \u00e9lev\u00e9. Aujourd&rsquo;hui, gr\u00e2ce au d\u00e9veloppement m\u00e9dical et technologique, on a d\u00e9couvert des solutions permanentes et efficaces pour les diff\u00e9rents probl\u00e8mes dentaires dont vous pourriez souffrir.<\/p>\n<h2>Le Hollywood Smile devient populaire de jour en jour et plusieurs se demandent: Le Hollywood Smile c\u2019est quoi ?<\/h2>\n<h3>Qu&rsquo;est-ce qu&rsquo;un Hollywood smile ?<\/h3>\n<p>Comme son nom l&rsquo;indique, c&rsquo;est le sourire parfait sur les visages de nombreuses c\u00e9l\u00e9brit\u00e9s et mod\u00e8les. Il porte les sp\u00e9cificit\u00e9s des dents blanches, align\u00e9es, nacr\u00e9es et sans espace. Plusieurs personnes souffrent de diff\u00e9rents probl\u00e8mes dentaires dus \u00e0 des facteurs g\u00e9n\u00e9tiques et divers,<br \/>\net gr\u00e2ce au Hollywood Smile, on a trouv\u00e9 la solution efficace \u00e0 tous les probl\u00e8mes dentaires.<\/p>\n<h3>Quels sont les types de Hollywood Smile?<\/h3>\n<p>Bien qu&rsquo;il n&rsquo;y ait pas de technologie ou de m\u00e9thode pour la dentisterie esth\u00e9tique, obtenir un sourire de star hollywoodienne est un objectif qui est pris en compte, en plus de la conception num\u00e9rique du sourire, il est obtenu gr\u00e2ce \u00e0 certaines proc\u00e9dures dentaires cosm\u00e9tiques.<\/p>\n<p>Il y a quelques points que vous devez savoir sur le sourire hollywoodien, les stars d&rsquo;Hollywood; ne sourient pas \u00e0 pleines dents juste parce qu\u2019ils ont de belles dents, ils sont \u00e9galement form\u00e9s \u00e0 rire. Donc, nous devons dire que le sourire hollywoodien n&rsquo;est pas bas\u00e9 seulement sur le design, mais aussi sur la performance.<br \/>\nBeaucoups de gens cherche \u00e0 savoir quelle sont les types de Hollywood smile qui existe en Turquie, et s\u2019int\u00e9ressent beaucoup plus aux les facettes, comme la qualit\u00e9 d&rsquo;un hollywood smile, qui se compose de plusieurs types de facettes, varie en fonction du prix, mais il existe plusieurs types de hollywood smile adapt\u00e9s \u00e0 tous les budgets.<\/p>\n<p>\u2022 facette en porcelaine: garantit la meilleure proc\u00e9dure pour un Hollywood smile. Gr\u00e2ce au facettes en porcelaine, qui assure d\u2019\u00e9viter les erreurs cosm\u00e9tiques, comme dans ce processus, il est important de recouvrir l&rsquo;\u00e9mail avec des facettes et en l&rsquo;absence d&rsquo;une couche d&rsquo;\u00e9mail, la qualit\u00e9 du composant des r\u00e9sultats finale ne sera pas obtenue.<br \/>\n\u2022 Facette dentaire Lumineer: un type de facettes dentaires semi-transparentes, contrairement aux facettes en porcelaine, elles ont des structures faibles, ce qui est particuli\u00e8rement attrayant pour ceux qui ne veulent pas amincir la couche d&rsquo;\u00e9mail pour am\u00e9liorer l&rsquo;aspect esth\u00e9tique des dents.<br \/>\n\u2022 Facettes en r\u00e9sine composite : Il faut dire qu&rsquo;elles sont faites du m\u00eame mat\u00e9riau que les obturations dentaires, et en termes de proc\u00e9dure, elles sont plus faciles par rapport aux facettes en porcelaine et en luminaire, de plus, elles peuvent \u00eatre modifi\u00e9es pour s&rsquo;adapter \u00e0 certaines caract\u00e9ristiques de forme et couleur.<\/p>\n<p>Hollywood smile, une proc\u00e9dure qui comprend une longue phase de traitement. Ceux qui souhaitent b\u00e9n\u00e9ficier de cette proc\u00e9dure, doivent d&rsquo;abord traiter la maladie parodontale, en plus, il est n\u00e9cessaire de compl\u00e9ter les dents manquantes par des implants.<\/p>\n<p>Selon le nombre de dents \u00e0 recouvrir avec le proc\u00e9d\u00e9 papier porcelaine, la proc\u00e9dure prend de 5 \u00e0 10 jours. De plus, on peut dire que la p\u00e9riode de pansement dure entre 7 et 14 jours si les facettes sont en porcelaine de zirconium.<\/p>\n<h3>Avant la chirurgie du Hollywood Smile<\/h3>\n<p>Ceux qui veulent avoir le plus beau sourire avec un hollywood Smile doivent pr\u00eater attention \u00e0 certains des d\u00e9tails suivants avant l&rsquo;op\u00e9ration.<br \/>\n\u2022 Tout d&rsquo;abord, vous ne devez pas manger d&rsquo;aliments qui irritent la structure du palais.<br \/>\n\u2022Certains patients souffre de mal de gorge, alors ce probl\u00e8me doit \u00eatre trait\u00e9 avant l\u2019operation. De plus, il est n\u00e9cessaire d&rsquo;examiner attentivement l&rsquo;\u00e9tat du patient et de v\u00e9rifier si le Hollywood smile peut \u00eatre un risque pour la sant\u00e9.<br \/>\nIl faut opter pour les h\u00f4pitaux dot\u00e9s d&rsquo;infrastructures solides et bien \u00e9quip\u00e9es. Pour ceux qui souhaitent obtenir un bon r\u00e9sultat il devraient se concentrer sur la qualit\u00e9 du centre o\u00f9 l&rsquo;op\u00e9ration est effectu\u00e9e, plut\u00f4t que sur le prix.<\/p>\n<h3>Comment se d\u00e9roule l&rsquo;op\u00e9ration du hollywood Smile?<\/h3>\n<p>Hollywood Smile, une proc\u00e9dure tr\u00e8s simple, o\u00f9 de fines facettes c\u00e9ramiques sont coll\u00e9es sur les dents. De plus, dans certains cas, une augmentation des l\u00e8vres est r\u00e9alis\u00e9e. Le m\u00e9decin traitant cr\u00e9e d&rsquo;abord un mod\u00e8le dentaire sp\u00e9cifique au patient qui r\u00e9v\u00e8le la structure des dents et m\u00e2choire.<br \/>\nDans l&rsquo;\u00e9tape suivante, la forme id\u00e9ale des dents est pr\u00e9par\u00e9e par ordinateur, o\u00f9 les mod\u00e8les dentaires sont pr\u00e9par\u00e9s en fonction des donn\u00e9es obtenues, puis les mod\u00e8les pr\u00e9par\u00e9s sont attach\u00e9s aux dents, afin que le m\u00e9decin puisse v\u00e9rifier plus tard la position finale des dents trait\u00e9es.<\/p>\n<p>Un hollywood smile est avant tout une proc\u00e9dure cosm\u00e9tique. Par cons\u00e9quent, la forme et l&rsquo;apparence des dents sont les d\u00e9tails les plus importants de ce processus. La forme que donnent les prototypes est constamment v\u00e9rifi\u00e9e. Et lorsque le patient est satisfait des prototypes, il est muni des vraies dents dans un d\u00e9lai de sept \u00e0 10 jours.<\/p>\n<p>De cette fa\u00e7on, le processus du hollywood Smile se termine. Les facettes en c\u00e9ramique qui sont coll\u00e9es aux dents lors de ce processus; emp\u00eache la surface de la dent de se fissurer, de s&rsquo;\u00e9roder et de pourrir.<\/p>\n<h3>Les \u00e9tapes du processus du Hollywood Smile<\/h3>\n<p>\u2022 C&rsquo;est un processus qui se d\u00e9roule de diff\u00e9rentes mani\u00e8res en plus de la dentisterie esth\u00e9tique. O\u00f9 le m\u00e9decin d\u00e9cide quelle est le type le plus appropri\u00e9 et dont le patient a besoin, en plus du blanchiment des dents, des facettes en c\u00e9ramique et composites, facettes enti\u00e8rement en c\u00e9ramique, facettes \u00e0 base de zirconium, traitement implantaire et traitement orthodontique Chirurgie dentaire, parodontale.<br \/>\nLes gommes blanches et les gommes roses sont modifi\u00e9es. Des efforts sont faits pour r\u00e9duire la couleur noire qui appara\u00eet entre les dents et les gencives, et la longueur et la taille des dents sont augment\u00e9es.<br \/>\n\u2022 Les proportions de la largeur et de la longueur des dents. Pr\u00e9parez-vous \u00e0 atteindre le nombre d&rsquo;or.<\/p>\n<h3>Apr\u00e8s la chirurgie du Hollywood Smile<\/h3>\n<p>Vous devez consulter le dentiste qui effectue l&rsquo;op\u00e9ration r\u00e9guli\u00e8rement.<br \/>\n\u2022 Il est pr\u00e9f\u00e9rable d&rsquo;utiliser des dentifrices non abrasifs contenant du fluor.<br \/>\n\u2022 Vous devez utiliser du fil dentaire. et faire des bruissements de bouche r\u00e9guli\u00e8rement.<br \/>\n\u2022 Vous ne devriez pas manger d&rsquo;aliments riches en sucre.<br \/>\n\u2022 En plus des aliments tels que les noix et les noisettes, des objets tels que les bouchons de bouteilles et les stylos ne doivent pas entrer en contact avec les dents.<\/p>\n<h3>Quel est le prix d\u2019un Hollywood smile ?<\/h3>\n<p>Le prix d&rsquo;un hollywood Smile est l&rsquo;un des d\u00e9tails les plus intrigants. On peut dire que le prix en 2022 est d&rsquo;environ 2 500 $.<\/p>\n","protected":false},"excerpt":{"rendered":"<p>Les gens veulent un beau sourire plus que toute autre chose, mais, le nombre de personnes qui ne peuvent pas sourire comme ils le souhaitent en raison de divers probl\u00e8mes dentaires est tr\u00e8s \u00e9lev\u00e9. Aujourd&rsquo;hui, gr\u00e2ce au d\u00e9veloppement m\u00e9dical et technologique, on a d\u00e9couvert des solutions permanentes et efficaces pour les diff\u00e9rents probl\u00e8mes dentaires dont [&hellip;]<\/p>\n","protected":false},"author":1,"featured_media":1524,"parent":0,"menu_order":0,"comment_status":"closed","ping_status":"closed","template":"page.php","meta":{"om_disable_all_campaigns":false,"_mi_skip_tracking":false,"footnotes":""},"class_list":["post-444","page","type-page","status-publish","has-post-thumbnail","hentry"],"_links":{"self":[{"href":"https:\/\/www.healdone.com\/fr\/wp-json\/wp\/v2\/pages\/444","targetHints":{"allow":["GET"]}}],"collection":[{"href":"https:\/\/www.healdone.com\/fr\/wp-json\/wp\/v2\/pages"}],"about":[{"href":"https:\/\/www.healdone.com\/fr\/wp-json\/wp\/v2\/types\/page"}],"author":[{"embeddable":true,"href":"https:\/\/www.healdone.com\/fr\/wp-json\/wp\/v2\/users\/1"}],"replies":[{"embeddable":true,"href":"https:\/\/www.healdone.com\/fr\/wp-json\/wp\/v2\/comments?post=444"}],"version-history":[{"count":0,"href":"https:\/\/www.healdone.com\/fr\/wp-json\/wp\/v2\/pages\/444\/revisions"}],"wp:featuredmedia":[{"embeddable":true,"href":"https:\/\/www.healdone.com\/fr\/wp-json\/wp\/v2\/media\/1524"}],"wp:attachment":[{"href":"https:\/\/www.healdone.com\/fr\/wp-json\/wp\/v2\/media?parent=444"}],"curies":[{"name":"wp","href":"https:\/\/api.w.org\/{rel}","templated":true}]}}