{"id":447,"date":"2021-12-13T00:30:17","date_gmt":"2021-12-12T21:30:17","guid":{"rendered":"https:\/\/www.healdone.com\/?page_id=447\/"},"modified":"2022-09-28T23:52:56","modified_gmt":"2022-09-28T20:52:56","slug":"traitement-dentaire","status":"publish","type":"page","link":"https:\/\/www.healdone.com\/fr\/traitement-dentaire\/","title":{"rendered":"Traitement dentaire"},"content":{"rendered":"<h2>Orthodontie<\/h2>\n<p>Les dents sont \u00e9galement importantes en termes d&rsquo;esth\u00e9tique et de sant\u00e9. Plusieurs personnes se plaignent de la forme de leurs dents, \u00e0 cause de leur  mauvais alignement. Ce probl\u00e8me peut \u00eatre r\u00e9solu de la mani\u00e8re la plus efficace par un traitement orthodontique.<\/p>\n<h2>Qu&rsquo;est-ce qu&rsquo;un traitement orthodontique ?<\/h2>\n<p>On peut dire que si les probl\u00e8mes dentaires ne sont pas r\u00e9solus le plus rapidement possible, la sant\u00e9 physique et psychologique sera affect\u00e9e n\u00e9gativement. Afin d&rsquo;\u00e9liminer presque tous les troubles dentaires, certaines options de traitement telles que l&rsquo;orthodontie sont utilis\u00e9es. Mais, il faut planifier \u00e0 l&rsquo;avance \u00e0 qui, dans quelles conditions et quand le traitement orthodontique sera appliqu\u00e9.<\/p>\n<p>Beaucoup de gens se demandent pourquoi on a un appareil orthodontique. L&rsquo;orthodontie est une m\u00e9thode de traitement utile pour \u00e9liminer les espaces entre les dents, en particulier le probl\u00e8me des dents irr\u00e9guli\u00e8res et l&rsquo;articulation de la m\u00e2choire, trouver une solution \u00e0 l&rsquo;encombrement des dents, ainsi que concevoir un sourire et dans l&rsquo;application de certains traitements dentaires n\u00e9cessaires. Elle est \u00e9galement efficace pour organiser les dents et la m\u00e2choire de la meilleure fa\u00e7on possible.<br \/>\nComment se d\u00e9roule un traitement orthodontique ?<br \/>\nPour r\u00e9pandre a ceux qui se demandent comment installer une orth\u00e8se, il faut mentionner que le traitement est effectu\u00e9 avec diff\u00e9rentes techniques. Car plus d&rsquo;un support ou d\u2019appareil est utilis\u00e9s. Selon un calendrier; les support m\u00e9talliques sont plac\u00e9s sur les dents, et pass\u00e9s aux poign\u00e9es appel\u00e9es bracket, et une force constante est appliqu\u00e9e sur les dents \u00e0 un certain rythme. De cette mani\u00e8re, on s&rsquo;assure que les dents sont positionn\u00e9es dans les directions souhait\u00e9es.<br \/>\nEn Turquie, il n&rsquo;est pas possible d&rsquo;obtenir des r\u00e9sultats imm\u00e9diats d&rsquo;un traitement orthodontique. En d&rsquo;autres termes, il s&rsquo;agit d&rsquo;un traitement de longue dur\u00e9e et il est n\u00e9cessaire de r\u00e9ajuster la pression appliqu\u00e9e sur les dents \u00e0 certains intervalles de temps.<\/p>\n<h3>\u00c9tapes orthodontiques<\/h3>\n<p>Orthodontie; Commun\u00e9ment appel\u00e9 traitement orthodontique, il s&rsquo;agit d&rsquo;un type de traitement visant \u00e0 prot\u00e9ger la sant\u00e9 des dents et des gencives. De plus, il pr\u00e9vient les probl\u00e8mes auxquels une personne peut \u00eatre confront\u00e9e avec l&rsquo;\u00e2ge.<br \/>\nLe traitement orthodontique s&rsquo;effectue en deux \u00e9tapes : Premi\u00e8rement, il faut s&rsquo;assurer que les dents sont plac\u00e9es aux endroits souhait\u00e9s avec les bons angles. Deuxi\u00e8mement, il vise \u00e0 prot\u00e9ger la position des dents en place et \u00e0 assurer leur p\u00e9rennit\u00e9. Il existe trois diff\u00e9rents types d&rsquo;appareils dentaires qui doivent \u00eatre fix\u00e9s aux dents, o\u00f9 le choix est fait entre les appareils dentaires en mat\u00e9riaux m\u00e9talliques, en plastique et en c\u00e9ramique, en g\u00e9n\u00e9ral, les dentistes pr\u00e9f\u00e8rent les appareils dentaires en m\u00e9tal. Mais, Esth\u00e9tiquement, d&rsquo;autres types d&rsquo;appareils dentaires sont davantage choisis. En faisant passer un fil appel\u00e9 fil d&rsquo;arc \u00e0 l&rsquo;int\u00e9rieur des arcades, ce fil d\u00e9termine la direction des mouvements qu&rsquo;il faut donner aux dents. Autrement dit, gr\u00e2ce \u00e0 ce fil, les dents arrivent \u00e0 un angle droit.<br \/>\nDans la deuxi\u00e8me \u00e9tape du traitement orthodontique, vise \u00e0 fixer d\u00e9finitivement les dents \u00e0 leur place et positions ad\u00e9quate. Dans le cas d\u2019\u00e9chec \u00e7a se traduit par le retour des dents \u00e0 leur place pr\u00e9c\u00e9dente. Ici, nous pouvons dire que le traitement orthodontique a \u00e9chou\u00e9.<\/p>\n<h3>Types de bretelles dentaires <\/h3>\n<p>\u2022 Appareil dentaire en m\u00e9tal : La meilleure option pour ceux qui ont commenc\u00e9 un traitement orthodontique lorsqu&rsquo;ils \u00e9taient jeunes. Les traitements avec ces accolades prennent moins de temps. En plus qu&rsquo;il est plus durable.<br \/>\n\u2022 les brackets c\u00e9ramiques: C\u2019est le mod\u00e8le des appareils qui est moins visible, par cons\u00e9quent, il est pr\u00e9f\u00e9r\u00e9 par les personnes ayant des int\u00e9r\u00eats \u00e0 leur apparence. Ils peuvent \u00eatre d\u00e9finis comme des arcs transparents.<br \/>\n\u2022 Appareils orthodontiques internes : c\u2019est le mod\u00e8le le plus populaire parmi les types d&rsquo;orthodontie. \u00c7a se caract\u00e9rise par la fixation des entretoises \u00e0 la surface int\u00e9rieure, car elles ne sont pas perceptibles de l&rsquo;ext\u00e9rieur. Cependant, l&rsquo;un de ses inconv\u00e9nients est que le processus de traitement prend plus de temps.<br \/>\n\u2022 Bretelles transparentes: C\u2019est le type connu sous le nom de bagues sans fil, \u00e7a se caract\u00e9rise par  la discr\u00e9tion car il n\u2019est pas visible et par cons\u00e9quent ne pose pas de probl\u00e8me esth\u00e9tique. Les plaques sont tr\u00e8s faciles \u00e0 nettoyer, ce qui permet au patient d&rsquo;avoir la meilleure hygi\u00e8ne bucco-dentaire.<\/p>\n<h2>Quelle est la dur\u00e9e d\u2019un traitement orthodontique?<\/p>\n<h2>\nBeaucoup de gens se demande pour combien de temps il faut porter un appareil dentaire! Alors, il faut dire que la dur\u00e9e du fil d\u00e9pend de la structure de la dent. La dur\u00e9e du traitement orthodontique peut varier de huit mois \u00e0 deux ans. Mais \u00e7a peut prendre trois \u00e0 quatre mois dans les cas les plus simple o\u00f9 il y a un probl\u00e8me avec quelques dents seulement.<\/p>\n<h3>\u00c9l\u00e9ments \u00e0 prendre en consid\u00e9ration apr\u00e8s un traitement orthodontique<\/h3>\n<p>Apr\u00e8s avoir r\u00e9pondu \u00e0 la question sur la dur\u00e9e d\u2019un traitement orthodontique, maintenant on doit parler de ce qu\u2019il faut prendre en consid\u00e9ration apr\u00e8s le traitement! Tout d&rsquo;abord, on doit accorder de l\u2019importance aux soins et \u00e0 l&rsquo;hygi\u00e8ne bucco-dentaires plus que d&rsquo;habitude. On doit \u00e9viter de consommer les aliments et les boissons solides, acides et collants.  Il faut \u00e9viter aussi de manger en mordant. Afin de prot\u00e9ger les bagues, un dispositif de protection intra-oral doit \u00eatre utilis\u00e9.<\/p>\n<h3>Avantages de l&rsquo;orthodontie<\/h3>\n<p>\u2022 Lorsqu&rsquo;on parle des avantages de l&rsquo;orthodontie, la premi\u00e8re chose qui vient \u00e0 l&rsquo;esprit est que vous avez des dents saines et droites, car la confiance en soi est meilleur lorsqu&rsquo;on a des dents align\u00e9es et homog\u00e8nes.<br \/>\n\u2022 Corriger les probl\u00e8mes orthodontiques.<br \/>\n\u2022 Eliminer le probl\u00e8me de mastication caus\u00e9 par les dents tordues.<br \/>\n\u2022 Se d\u00e9barrasser du tartre dentaire et du probl\u00e8me de carie qui y est li\u00e9.<\/p>\n<h3>Inconv\u00e9nients de l&rsquo;orthodontie<\/h3>\n<p>\u2022 L&rsquo;inconv\u00e9nient le plus important du traitement orthodontique est la sensation d&rsquo;inconfort ressentie par le patient pendant le traitement. Mais, l&rsquo;impact de ce probl\u00e8me est r\u00e9duit gr\u00e2ce \u00e0 l\u2019aligneur invisible et esth\u00e9tique.<br \/>\n\u2022 Les porteurs d&rsquo;orthodontie ne peuvent pas manger et boire autant qu&rsquo;ils le souhaitent.<br \/>\n\u2022 Si la bouche et les dents ne sont pas soign\u00e9es, le traitement ne sera pas efficace.<\/p>\n<p>Quel est le prix du traitement orthodontique<br \/>\nOn ne peut pas r\u00e9pandre \u00e0 cette question! Parce que les prix varient selon le type de traitement. Cependant, le prix moyen de l&rsquo;orthodontie en ce moment est de 1 500 $.<\/p>\n","protected":false},"excerpt":{"rendered":"<p>Orthodontie Les dents sont \u00e9galement importantes en termes d&rsquo;esth\u00e9tique et de sant\u00e9. Plusieurs personnes se plaignent de la forme de leurs dents, \u00e0 cause de leur mauvais alignement. Ce probl\u00e8me peut \u00eatre r\u00e9solu de la mani\u00e8re la plus efficace par un traitement orthodontique. Qu&rsquo;est-ce qu&rsquo;un traitement orthodontique ? On peut dire que si les probl\u00e8mes [&hellip;]<\/p>\n","protected":false},"author":1,"featured_media":82,"parent":0,"menu_order":0,"comment_status":"closed","ping_status":"closed","template":"page.php","meta":{"om_disable_all_campaigns":false,"_mi_skip_tracking":false,"footnotes":""},"class_list":["post-447","page","type-page","status-publish","has-post-thumbnail","hentry"],"_links":{"self":[{"href":"https:\/\/www.healdone.com\/fr\/wp-json\/wp\/v2\/pages\/447","targetHints":{"allow":["GET"]}}],"collection":[{"href":"https:\/\/www.healdone.com\/fr\/wp-json\/wp\/v2\/pages"}],"about":[{"href":"https:\/\/www.healdone.com\/fr\/wp-json\/wp\/v2\/types\/page"}],"author":[{"embeddable":true,"href":"https:\/\/www.healdone.com\/fr\/wp-json\/wp\/v2\/users\/1"}],"replies":[{"embeddable":true,"href":"https:\/\/www.healdone.com\/fr\/wp-json\/wp\/v2\/comments?post=447"}],"version-history":[{"count":0,"href":"https:\/\/www.healdone.com\/fr\/wp-json\/wp\/v2\/pages\/447\/revisions"}],"wp:featuredmedia":[{"embeddable":true,"href":"https:\/\/www.healdone.com\/fr\/wp-json\/wp\/v2\/media\/82"}],"wp:attachment":[{"href":"https:\/\/www.healdone.com\/fr\/wp-json\/wp\/v2\/media?parent=447"}],"curies":[{"name":"wp","href":"https:\/\/api.w.org\/{rel}","templated":true}]}}