{"id":449,"date":"2021-12-13T00:34:27","date_gmt":"2021-12-12T21:34:27","guid":{"rendered":"https:\/\/www.healdone.com\/?page_id=449\/"},"modified":"2022-09-28T23:54:03","modified_gmt":"2022-09-28T20:54:03","slug":"autres-procedures","status":"publish","type":"page","link":"https:\/\/www.healdone.com\/fr\/autres-procedures\/","title":{"rendered":"Autres proc\u00e9dures"},"content":{"rendered":"<p>En plus de la greffe de cheveux et de diverses chirurgies esth\u00e9tiques, Heal Done Center accorde de l\u2019importance aussi a d\u2019autres sp\u00e9cialit\u00e9s notamment l&rsquo;ophtalmologie et la r\u00e9duction gastrique.<\/p>\n<p>c&rsquo;est la canfiance de nos patients qui cr\u00e9e notre avenir <\/p>\n","protected":false},"excerpt":{"rendered":"<p>En plus de la greffe de cheveux et de diverses chirurgies esth\u00e9tiques, Heal Done Center accorde de l\u2019importance aussi a d\u2019autres sp\u00e9cialit\u00e9s notamment l&rsquo;ophtalmologie et la r\u00e9duction gastrique. c&rsquo;est la canfiance de nos patients qui cr\u00e9e notre avenir<\/p>\n","protected":false},"author":1,"featured_media":1284,"parent":0,"menu_order":0,"comment_status":"closed","ping_status":"closed","template":"page-klinik-servis.php","meta":{"om_disable_all_campaigns":false,"_mi_skip_tracking":false,"footnotes":""},"class_list":["post-449","page","type-page","status-publish","has-post-thumbnail","hentry"],"_links":{"self":[{"href":"https:\/\/www.healdone.com\/fr\/wp-json\/wp\/v2\/pages\/449","targetHints":{"allow":["GET"]}}],"collection":[{"href":"https:\/\/www.healdone.com\/fr\/wp-json\/wp\/v2\/pages"}],"about":[{"href":"https:\/\/www.healdone.com\/fr\/wp-json\/wp\/v2\/types\/page"}],"author":[{"embeddable":true,"href":"https:\/\/www.healdone.com\/fr\/wp-json\/wp\/v2\/users\/1"}],"replies":[{"embeddable":true,"href":"https:\/\/www.healdone.com\/fr\/wp-json\/wp\/v2\/comments?post=449"}],"version-history":[{"count":0,"href":"https:\/\/www.healdone.com\/fr\/wp-json\/wp\/v2\/pages\/449\/revisions"}],"wp:featuredmedia":[{"embeddable":true,"href":"https:\/\/www.healdone.com\/fr\/wp-json\/wp\/v2\/media\/1284"}],"wp:attachment":[{"href":"https:\/\/www.healdone.com\/fr\/wp-json\/wp\/v2\/media?parent=449"}],"curies":[{"name":"wp","href":"https:\/\/api.w.org\/{rel}","templated":true}]}}