{"id":451,"date":"2021-12-13T00:37:38","date_gmt":"2021-12-12T21:37:38","guid":{"rendered":"https:\/\/www.healdone.com\/?page_id=451\/"},"modified":"2022-09-28T23:58:46","modified_gmt":"2022-09-28T20:58:46","slug":"ophtalmologie","status":"publish","type":"page","link":"https:\/\/www.healdone.com\/fr\/ophtalmologie\/","title":{"rendered":"Ophtalmologie"},"content":{"rendered":"<p>Beaucoup de jeunes r\u00eavent de faire des \u00e9tudes en m\u00e9decine, et apr\u00e8s six ans ils commencent leur formation sp\u00e9cialis\u00e9e. C\u2019est difficile pour les nouveau dipl\u00f4m\u00e9s en m\u00e9decine de choisir leur sp\u00e9cialit\u00e9. L\u2019ophtalmologie, un domaine que tr\u00e8s peu de gens connaissent, mais \u00e0 cause des traitements d&rsquo;ophtalmologie en Turquie, les gens peuvent trouver des solutions \u00e0 leurs probl\u00e8mes.<\/p>\n<h2>Qu&rsquo;est-ce que l&rsquo;ophtalmologie ?<\/h2>\n<p>L&rsquo;ophtalmologie s&rsquo;occupe d&rsquo;examiner \u00e0 la fois la structure de l&rsquo;\u0153il et les maladies qui surviennent dans l&rsquo;\u0153il, et elle examine non seulement les yeux des humains, mais aussi les yeux des animaux, et la raison en est que la structure de l&rsquo;\u0153il de l\u2019homme et de l\u2019animale est presque la m\u00eame.<\/p>\n<p>L\u2019\u0153il; c&rsquo;est l&rsquo;une des parties les plus sensibles du corps. Tout au long de l&rsquo;histoire, il a \u00e9t\u00e9 observ\u00e9 que de nombreuses civilisations ont pris soin de l&rsquo;\u0153il et ont recherch\u00e9 des solutions aux maladies des yeux, on sait que les \u00c9gyptiens ont grandement contribu\u00e9 au d\u00e9veloppement de la science de l&rsquo;ophtalmologie. L\u2019ophtalmologie s\u2019agit du diagnostic, du traitement et de la pr\u00e9vention des maladies oculaires, en plus des parties situ\u00e9es autour de l&rsquo;\u0153il.<\/p>\n<p>L&rsquo;\u0153il, le syst\u00e8me visuel; vous pouvez rencontrer de nombreux cas n\u00e9cessitant une prise en charge au sein du centre. Consid\u00e9rant que, l&rsquo;ophtalmologie est tr\u00e8s efficace gr\u00e2ce \u00e0 la microchirurgie dans le diagnostic et le traitement de ces cas.<\/p>\n<p>Un autre nom pour un ophtalmologiste est ophtalmologue. L&rsquo;ophtalmologiste est responsable du diagnostic et du traitement de toutes les maladies oculaires. En plus d&rsquo;effectuer toutes les interventions chirurgicales n\u00e9cessaires li\u00e9es \u00e0 l&rsquo;\u0153il sans causer de probl\u00e8mes. Gr\u00e2ce aux traitements ophtalmologiques, la qualit\u00e9 de vie des gens s&rsquo;am\u00e9liore.<\/p>\n<h3>Les traitements d&rsquo;ophtalmologie<\/h3>\n<p>Il existe de nombreux types de traitements en ophtalmologie, tels que la corn\u00e9e et la surface de l&rsquo;\u0153il, la r\u00e9tine, le strabisme et l&rsquo;ophtalmologie p\u00e9diatrique, la chirurgie r\u00e9tinienne et vitr\u00e9enne, la cataracte et la chirurgie r\u00e9fractive, traumatologie oculaire et ophtalmologie m\u00e9dico-l\u00e9gale, glaucome, neuro-ophtalmologie et maladies infectieuses de l&rsquo;\u0153il, \u00e7a donne la meilleur solution aux probl\u00e8mes de vue.<\/p>\n<h3>Strabisme et ophtalmologie p\u00e9diatrique<\/h3>\n<p>La cataracte, le glaucome et de nombreuses autres maladies r\u00e9tiniennes apparaissent surtout chez les adultes, mais ces maladies peuvent \u00e9galement se pr\u00e9senter \u00e0 la naissance ou dans les premiers stades de la vie. Des maladies r\u00e9tiniennes pr\u00e9coces et aigu\u00ebs sont observ\u00e9es chez les enfants. De plus, de nombreuses maladies g\u00e9n\u00e9tiques de la r\u00e9tine apparaissent dans l&rsquo;enfance.<\/p>\n<p>L\u2019ophtalmologie p\u00e9diatrique est un champ efficace pour la surveillance du d\u00e9veloppement visuel des enfants, le traitement du strabisme et la correction des erreurs de r\u00e9fraction. L\u2019\u0153il paresseux affecte n\u00e9gativement la vie de nombreuses personnes, car l&rsquo;\u0153il paresseux doit \u00eatre trait\u00e9 d\u00e8s le plus jeune \u00e2ge. \u00bb<\/p>\n<h3>Corn\u00e9e et surface oculaire<\/h3>\n<p>Les maladies li\u00e9es \u00e0 la surface ant\u00e9rieure de l&rsquo;\u0153il sont diagnostiqu\u00e9es et trait\u00e9es dans la corn\u00e9e unit\u00e9 des centres de sant\u00e9, gr\u00e2ce \u00e0 des m\u00e9thodes telles que la photographie du segment ant\u00e9rieur, topographie corn\u00e9enne, myoographie, microscopie confocale et optique du segment ant\u00e9rieur topographie de coh\u00e9rence, qui permettent de diagnostiquer les maladies corn\u00e9ennes. En outre, les proc\u00e9dures de traitement sont effectu\u00e9es par greffe de cellules souches limbiques et greffe de corn\u00e9e \u00bb.<\/p>\n<h3>R\u00e9tine<\/h3>\n<p>La r\u00e9tine est connue comme une membrane tr\u00e8s fine ; \u00c7a peut se d\u00e9tacher rapidement de la paroi oculaire en raison de conditions telles que la d\u00e9chirure et la perforation, qui peut entra\u00eener une perte de vision, une d\u00e9chirure r\u00e9tinienne doit donc \u00eatre trait\u00e9e imm\u00e9diatement.<\/p>\n<h3>Chirurgie r\u00e9tinienne et cristalline<\/h3>\n<p>Connue sous le nom de chirurgie r\u00e9tinienne, elle peut \u00eatre d\u00e9finie comme l&rsquo;\u00e9limination d&rsquo;une substance g\u00e9latineuse directement derri\u00e8re l&rsquo;\u0153il et traitant chirurgicalement les probl\u00e8mes de r\u00e9tine.<br \/>\nCataracte et chirurgie r\u00e9fractive<br \/>\nLa cataracte, d\u00e9finie comme la perte de transparence du cristallin de l&rsquo;\u0153il et de son transformation en verre d\u00e9poli, se produit selon l&rsquo;\u00e2ge. Une solution \u00e0 cette maladie est trouv\u00e9e gr\u00e2ce \u00e0 une intervention chirurgicale pratiqu\u00e9e \u00e0 travers une tr\u00e8s petite incision.<br \/>\nBlessures aux yeux et ophtalmologie<br \/>\nC&rsquo;est une option de traitement qui traite les traumatismes au visage, car elle traite les blessures \u00e0 la t\u00eate et au visage qui mettent la sant\u00e9 de l&rsquo;\u0153il et de son environnement en danger.<\/p>\n<h3>Glaucome<\/h3>\n<p>Elle a plusieurs appellations, tels que la pression intraoculaire et les cataractes, \u00e7a d\u00e9signe les dommages aux nerfs optiques dus \u00e0 une augmentation de la pression intraoculaire. Gu\u00e9rir \u00e0 cent pour cent n\u2019est pas possible, mais, des efforts sont faits pour minimiser les d\u00e9g\u00e2ts caus\u00e9s.<\/p>\n<h3>Neurologie<\/h3>\n<p>Ceux qui ont des probl\u00e8mes de leurs yeux souffre \u00e0 de graves maux de t\u00eate. La neurologie est une science qui traite les maux de t\u00eate caus\u00e9s par les maladies oculaires, en d&rsquo;autres termes, elle s&rsquo;occupe de maladies courantes des yeux et du syst\u00e8me nerveux.<\/p>\n<h3>Infections oculaires<\/h3>\n<p>Elles sont d\u00e9finies comme des infections qui se produisent avec des sympt\u00f4mes tels que l&rsquo;enflure et la rougeur dans la partie interne de la paupi\u00e8re ou dans la partie blanche de l&rsquo;\u0153il.<\/p>\n<h3>Chirurgie d&#8217;embellissement des yeux<\/h3>\n<p>Il existe de nombreuses chirurgies d&#8217;embellissement qui sont pr\u00e9f\u00e9r\u00e9es dans le domaine de l&rsquo;ophtalmologie en Turquie ; de nombreuses personnes souhaitent obtenir plus d&rsquo;informations sur les chirurgies esth\u00e9tiques en ophtalmologie.<br \/>\n\u2022 Agrandissement des yeux \u00e9troits : il est r\u00e9alis\u00e9 avec plusieurs techniques, telles que les injections de remplissage, la chirurgie des paupi\u00e8res inf\u00e9rieures et la chirurgie des paupi\u00e8res tombantes.<br \/>\nCorrection de l&rsquo;amblyopie : Les forces et les points d&rsquo;impact de six muscles oculaires sont modifi\u00e9s.<br \/>\n\u2022 Chirurgie de la protrusion oculaire<br \/>\n\u2022 Chirurgie des yeux noirs<br \/>\n\u2022 Chirurgie des yeux asiatiques<br \/>\n\u2022 Traitements de bl\u00e9pharoplastie et d&rsquo;\u00e9limination des rides : Il est possible de raffermir la paupi\u00e8re avec une chirurgie des muscles releveurs, une chirurgie des muscles de M\u00fcller ou des m\u00e9thodes de suspension.<br \/>\n\u2022 Op\u00e9ration pour \u00e9liminer les cernes sous et autour des yeux : Avec des options telles que la m\u00e9soth\u00e9rapie et le remplissage l\u00e9ger, il devient possible d&rsquo;\u00e9liminer les cernes sous et autour des yeux.<br \/>\n\u2022 Chirurgie pour se d\u00e9barrasser des rides du sourire<\/p>\n<h2>Quel est le prix des op\u00e9rations d&rsquo;ophtalmologie?<\/h2>\n<p>Les personnes ayant de graves probl\u00e8mes oculaires se posent une question sur le prix des soins d&rsquo;ophtalmologie, on peut donc dire que les prix des op\u00e9rations d&rsquo;ophtalmologie varient selon le type d&rsquo;op\u00e9ration. En d&rsquo;autres termes, il existe des diff\u00e9rences de prix entre les interventions chirurgicales et esth\u00e9tiques, car les prix moyens des traitements d&rsquo;ophtalmologie esth\u00e9tique sont de 1 500 $ et plus.<\/p>\n","protected":false},"excerpt":{"rendered":"<p>Beaucoup de jeunes r\u00eavent de faire des \u00e9tudes en m\u00e9decine, et apr\u00e8s six ans ils commencent leur formation sp\u00e9cialis\u00e9e. C\u2019est difficile pour les nouveau dipl\u00f4m\u00e9s en m\u00e9decine de choisir leur sp\u00e9cialit\u00e9. L\u2019ophtalmologie, un domaine que tr\u00e8s peu de gens connaissent, mais \u00e0 cause des traitements d&rsquo;ophtalmologie en Turquie, les gens peuvent trouver des solutions \u00e0 [&hellip;]<\/p>\n","protected":false},"author":1,"featured_media":92,"parent":0,"menu_order":0,"comment_status":"closed","ping_status":"closed","template":"page.php","meta":{"om_disable_all_campaigns":false,"_mi_skip_tracking":false,"footnotes":""},"class_list":["post-451","page","type-page","status-publish","has-post-thumbnail","hentry"],"_links":{"self":[{"href":"https:\/\/www.healdone.com\/fr\/wp-json\/wp\/v2\/pages\/451","targetHints":{"allow":["GET"]}}],"collection":[{"href":"https:\/\/www.healdone.com\/fr\/wp-json\/wp\/v2\/pages"}],"about":[{"href":"https:\/\/www.healdone.com\/fr\/wp-json\/wp\/v2\/types\/page"}],"author":[{"embeddable":true,"href":"https:\/\/www.healdone.com\/fr\/wp-json\/wp\/v2\/users\/1"}],"replies":[{"embeddable":true,"href":"https:\/\/www.healdone.com\/fr\/wp-json\/wp\/v2\/comments?post=451"}],"version-history":[{"count":0,"href":"https:\/\/www.healdone.com\/fr\/wp-json\/wp\/v2\/pages\/451\/revisions"}],"wp:featuredmedia":[{"embeddable":true,"href":"https:\/\/www.healdone.com\/fr\/wp-json\/wp\/v2\/media\/92"}],"wp:attachment":[{"href":"https:\/\/www.healdone.com\/fr\/wp-json\/wp\/v2\/media?parent=451"}],"curies":[{"name":"wp","href":"https:\/\/api.w.org\/{rel}","templated":true}]}}