{"id":119,"date":"2021-10-20T19:58:27","date_gmt":"2021-10-20T16:58:27","guid":{"rendered":"https:\/\/www.healdone.com\/?page_id=119"},"modified":"2025-01-23T19:45:21","modified_gmt":"2025-01-23T16:45:21","slug":"iletisim","status":"publish","type":"page","link":"https:\/\/www.healdone.com\/tr\/iletisim\/","title":{"rendered":"Healdone Sa\u011fl\u0131k Merkezi \u0130leti\u015fim"},"content":{"rendered":"<p>Barbaros Hayrettin pa\u015fa mah 2274 sok. 12C No:55, 34517 Esenyurt\/\u0130stanbul<\/p>\n<p>+90 212 885 00 00<br \/>\n+90 542 125 35 10<\/p>\n<p>info@healdone.com<\/p>\n","protected":false},"excerpt":{"rendered":"<p>Barbaros Hayrettin pa\u015fa mah 2274 sok. 12C No:55, 34517 Esenyurt\/\u0130stanbul +90 212 885 00 00 +90 542 125 35 10 info@healdone.com<\/p>\n","protected":false},"author":1,"featured_media":1316,"parent":0,"menu_order":0,"comment_status":"closed","ping_status":"closed","template":"page-iletisim.php","meta":{"om_disable_all_campaigns":false,"_mi_skip_tracking":false,"footnotes":""},"class_list":["post-119","page","type-page","status-publish","has-post-thumbnail","hentry"],"_links":{"self":[{"href":"https:\/\/www.healdone.com\/tr\/wp-json\/wp\/v2\/pages\/119","targetHints":{"allow":["GET"]}}],"collection":[{"href":"https:\/\/www.healdone.com\/tr\/wp-json\/wp\/v2\/pages"}],"about":[{"href":"https:\/\/www.healdone.com\/tr\/wp-json\/wp\/v2\/types\/page"}],"author":[{"embeddable":true,"href":"https:\/\/www.healdone.com\/tr\/wp-json\/wp\/v2\/users\/1"}],"replies":[{"embeddable":true,"href":"https:\/\/www.healdone.com\/tr\/wp-json\/wp\/v2\/comments?post=119"}],"version-history":[{"count":1,"href":"https:\/\/www.healdone.com\/tr\/wp-json\/wp\/v2\/pages\/119\/revisions"}],"predecessor-version":[{"id":2322,"href":"https:\/\/www.healdone.com\/tr\/wp-json\/wp\/v2\/pages\/119\/revisions\/2322"}],"wp:featuredmedia":[{"embeddable":true,"href":"https:\/\/www.healdone.com\/tr\/wp-json\/wp\/v2\/media\/1316"}],"wp:attachment":[{"href":"https:\/\/www.healdone.com\/tr\/wp-json\/wp\/v2\/media?parent=119"}],"curies":[{"name":"wp","href":"https:\/\/api.w.org\/{rel}","templated":true}]}}