{"id":1571,"date":"2022-03-23T11:54:52","date_gmt":"2022-03-23T08:54:52","guid":{"rendered":"https:\/\/www.healdone.com\/?page_id=1571\/"},"modified":"2022-03-23T11:54:52","modified_gmt":"2022-03-23T08:54:52","slug":"mide-balonu","status":"publish","type":"page","link":"https:\/\/www.healdone.com\/tr\/mide-balonu\/","title":{"rendered":"Mide Balonu Nedir? Fiyatlar\u0131 Ne Kadar?"},"content":{"rendered":"<p>\u0130nsanlar; hareketsiz ya\u015fam ve dengesiz beslenme y\u00fcz\u00fcnden kilo al\u0131rlar. Her ya\u015ftan insan\u0131 olumsuz etkileyen fazla kilo problemini ortadan kald\u0131rmak ad\u0131na farkl\u0131 se\u00e7enekler vard\u0131r. Bunlardan birisi de mide balonu olarak bilinir.<\/p>\n<h2>Mide Balonu Nedir?<\/h2>\n<p>Fazla kilolar\u0131ndan \u015fikayet eden insanlar\u0131n akl\u0131nda mide balonu nedir sorusu bulunuyor. Her \u015feyden \u00f6nce, bu y\u00f6ntemin d\u00fcnya \u00e7ap\u0131nda uyguland\u0131\u011f\u0131n\u0131 ve g\u00fcvenilirli\u011fini kan\u0131tlad\u0131\u011f\u0131n\u0131 s\u00f6ylemeliyiz. Ancak, zannedildi\u011fi gibi ameliyat de\u011fildir. Baz\u0131 durumlarda obezite cerrahisine bir haz\u0131rl\u0131k olarak d\u00fc\u015f\u00fcn\u00fclebilir. Mide balonu s\u0131ras\u0131nda hastalar\u0131n midelerinin i\u00e7 k\u0131sm\u0131na i\u00e7i suyla veya havayla dolu balon yerle\u015ftirilir. Hastan\u0131n tamamen uyutulmad\u0131\u011f\u0131 bir operasyon olu\u015fuyla dikkat \u00e7eker.<\/p>\n<p>Mide balonu; sedasyon etkisi alt\u0131nda ger\u00e7ekle\u015fir. K\u0131sa s\u00fcren basit bir i\u015flem olmas\u0131ndan dolay\u0131 insanlar\u0131n g\u00f6z\u00fcn\u00fc korkutmamal\u0131d\u0131r. Buna ek olarak, operasyonun ard\u0131ndan hastan\u0131n hayat\u0131n\u0131 riske atacak t\u00fcrden komplikasyonlara kesinlikle rastlanmaz. Bir\u00e7ok ki\u015fi; mide balonunun i\u015fe yaray\u0131p yaramad\u0131\u011f\u0131n\u0131 merak eder. Ancak, bu i\u015flemin ard\u0131ndan ki\u015fide a\u00e7l\u0131k hissi olu\u015fmamas\u0131 s\u00f6z konusu de\u011fildir. \u00c7\u00fcnk\u00fc, yaln\u0131zca ki\u015finin temel g\u0131da al\u0131m\u0131n\u0131 k\u0131s\u0131tlamak ad\u0131na mideye yerle\u015ftirilir. Bir ba\u015fka deyi\u015fle, yemek yemeye ba\u015flayan ki\u015finin midesi en k\u0131sa s\u00fcrede dolar. Tokluk hissine rastlan\u0131r. Daha az yemek yiyen ki\u015fi en k\u0131sa s\u00fcrede kilo verir.<\/p>\n<h2>Mide Balonu Nas\u0131l Tak\u0131l\u0131r?<\/h2>\n<p>Bu i\u015flemden faydalanmak isteyenler mide balonu nas\u0131l tak\u0131l\u0131r sorusuna cevap bulmak ad\u0131na ara\u015ft\u0131rma yap\u0131yorlar. \u0130\u015flemin bir haz\u0131rl\u0131k s\u00fcreci vard\u0131r. Hasta; operasyon \u00f6ncesinde sekiz saat a\u00e7 kalmal\u0131d\u0131r. Son olarak i\u015flemden sekiz veya on saat \u00f6nce bir \u015feyler yenmelidir. Ki\u015finin sabah a\u00e7 karn\u0131na operasyonun yap\u0131laca\u011f\u0131 merkeze gelmesi gerekir. Ard\u0131ndan, hastaya i\u015flem \u00f6ncesinde bir damar yolu a\u00e7\u0131l\u0131r. Damar yolundan hastaya sakinle\u015ftirici verilir. Hastan\u0131n yar\u0131 uykulu bir pozisyona getirilmesi ama\u00e7lan\u0131r.<\/p>\n<p>Mide balonu; ac\u0131s\u0131z ve a\u011fr\u0131s\u0131z bir operasyon olu\u015fuyla fark yarat\u0131r. \u0130\u015flem s\u0131ras\u0131nda mide balonunun midenin i\u00e7 k\u0131sm\u0131na yerle\u015ftirilmesi ad\u0131na endoskop ad\u0131 verilen k\u00fc\u00e7\u00fck bir kameradan faydalan\u0131l\u0131r. S\u00f6z konusu kameran\u0131n d\u0131\u015far\u0131daki monit\u00f6rlere yans\u0131tt\u0131\u011f\u0131 g\u00f6r\u00fcnt\u00fc sayesinde i\u015flemi ger\u00e7ekle\u015ftirecek olan doktor midenin i\u00e7 yap\u0131s\u0131n\u0131 detayl\u0131 bir \u015fekilde g\u00f6rme \u015fans\u0131na eri\u015fir. Operasyon esnas\u0131nda kamera yemek borusu \u00fczerinden hastan\u0131n midesine kadar indirilir. Bu noktada, hastan\u0131n refl\u00fc, \u00fclser, gastrit gibi sorunlar\u0131n\u0131n olup olmad\u0131\u011f\u0131 kontrol edilir.<br \/>\nMide balonu; hastan\u0131n midesine indirildikten sonra \u015fi\u015firme i\u015flemi ba\u015flar. Balonu \u015fi\u015firmek ad\u0131na fizyolojik bir serumdan faydalan\u0131l\u0131r. Sonu\u00e7 olarak, mide balonu; 450-500cc hacmine kadar \u015fi\u015firilir. S\u00f6z konusu s\u00fcre\u00e7 en \u00e7ok 15 dakika i\u00e7erisinde tamamlan\u0131r. Hastan\u0131n operasyonun ard\u0131ndan 1-2 saat dinlenmesi gerekir. Mide balonunun ard\u0131ndan ortaya ciddi bir yan etki \u00e7\u0131kmaz. \u0130nsanlar\u0131n g\u00fcnl\u00fck hayatlar\u0131na devam etmelerinde herhangi bir sak\u0131nca bulunmaz.<\/p>\n<h2>Mide Balonu Avantajlar\u0131 Nelerdir?<\/h2>\n<ul>\n<li>Cerrahi bir i\u015flem olmamas\u0131ndan m\u00fctevellit hastalar \u00e7ok k\u0131sa s\u00fcrede taburcu olup hayatlar\u0131na devam ederler.<\/li>\n<li>Endoskopi y\u00f6ntemi ile en \u00e7ok 15 dakika i\u00e7erisinde mideye yerle\u015ftirilir.<\/li>\n<li>Hasta; bir s\u00fcre dinlendikten sonra g\u00fcnl\u00fck hayat\u0131na d\u00f6ner.<\/li>\n<li>Beklenmeyen bir komplikasyon halinde mide balonu etkisiz hale getirilir.<\/li>\n<li>Mide balonu; mide ba\u015fta olmak \u00fczere herhangi bir organ\u0131n \u00e7al\u0131\u015fmas\u0131n\u0131 olumsuz etkilemez. Ayr\u0131ca, 6-8 ay sonra \u00e7\u0131kar\u0131ld\u0131\u011f\u0131nda midenin eski haline d\u00f6nmesine rastlan\u0131r.<\/li>\n<li>Hasta; operasyonun ard\u0131ndan 6-8 ay i\u00e7erisinde 9-15 kg aras\u0131 kilo vererek mide balonunun etkisini g\u00f6rmeye ba\u015flar.<\/li>\n<li>\u0130lk uygulaman\u0131n ard\u0131ndan herhangi bir faydaya rastlanmad\u0131\u011f\u0131 hallerde tekrar edilebilecek bir i\u015flemdir.<\/li>\n<li>Di\u011fer zay\u0131flama y\u00f6ntemlerine k\u0131yasla daha az maliyetlidir.<\/li>\n<\/ul>\n<h2>Mide Balonu Dezavantajlar\u0131 Nelerdir?<\/h2>\n<ul>\n<li>Mide balonu y\u00fcz\u00fcnden insanlar\u0131n sa\u011fl\u0131klar\u0131n\u0131n olumsuz etkilenmesi s\u00f6z konusu de\u011fildir.<\/li>\n<li>Birtak\u0131m yan etkilere rastlanabilir. Bu yan etkiler aras\u0131nda kusma, kar\u0131n a\u011fr\u0131s\u0131, ishal ve mide bulant\u0131s\u0131 gelir.<\/li>\n<li>Kanama olu\u015fma ihtimali \u00e7ok azd\u0131r.<\/li>\n<li>Anestezi ve sedasyon riskleri nadir olarak g\u00f6r\u00fcl\u00fcr. Ki\u015finin sa\u011fl\u0131k durumu en iyi \u015fekilde analiz edildi\u011fi takdirde bu riskler ortadan kald\u0131r\u0131l\u0131r.<\/li>\n<li>Mide balonunun patlamas\u0131na veya s\u0131zd\u0131rmas\u0131na rastlan\u0131r. Ancak, teknoloji sayesinde muayeneler esnas\u0131nda bu duruma \u00e7\u00f6z\u00fcm bulunur.<\/li>\n<li>Ki\u015finin midesini k\u00fc\u00e7\u00fcltmesi s\u00f6z konusu de\u011fildir. Ayr\u0131ca, beslenmesine dikkat etmeyen birisi mide balonuna ra\u011fmen kilo veremeyebilir.<\/li>\n<\/ul>\n<h2>Mide Balonunun Yan Etkileri Nelerdir?<\/h2>\n<ul>\n<li>Kusma ve mide bulant\u0131s\u0131; mide balonu yan etkileri aras\u0131nda yer al\u0131r. Ancak, bu iki yan etki; en \u00e7ok iki \u00fc\u00e7 g\u00fcn i\u00e7erisinde ortadan kaybolur.<\/li>\n<li>Mideye yabanc\u0131 bir madde yerle\u015ftirilmi\u015f olmas\u0131; hastan\u0131n k\u0131sa bir s\u00fcre kar\u0131n a\u011fr\u0131s\u0131 ya\u015famas\u0131na sebebiyet verebilir.<\/li>\n<\/ul>\n<h2>Mide Balonu Sonras\u0131 Beslenme ve Dikkat Edilmesi Gerekenler<\/h2>\n<p>Mide sonras\u0131 beslenme son derece \u00f6nemlidir. Uzmanlar; hastan\u0131n bilhassa ilk iki \u00fc\u00e7 g\u00fcn tamamen s\u0131v\u0131 bir diyet ile beslenmesini tavsiye ederler. Bir ba\u015fka deyi\u015fle, tanesiz \u00e7orbalar, meyve sular\u0131 ve komposto t\u00fcketilebilir. Ayr\u0131ca, bol bol su t\u00fcketilmelidir. Ki\u015finin yaz aylar\u0131nda iki litre, normal zamanlarda ise 1.5 litre su t\u00fcketmesi gerekir.<br \/>\nYemek s\u0131ras\u0131nda s\u0131v\u0131 i\u00e7ilmemelidir. Yemekten yar\u0131m saat sonra s\u0131v\u0131 al\u0131m\u0131na ba\u015flanmal\u0131d\u0131r. Karbonhidrat yerine protein a\u011f\u0131rl\u0131kl\u0131 beslenme tercih edilmelidir. G\u00fcnde 30-35 dakika y\u00fcr\u00fcy\u00fc\u015f yap\u0131lmal\u0131d\u0131r. Buna ek olarak, egzersizler kesinlikle ihmal edilmemelidir.<\/p>\n<h2>Mide Balonu Ameliyat\u0131 Fiyatlar\u0131<\/h2>\n<p>Hem Avrupa\u2019n\u0131n hem de Ortado\u011fu\u2019nun farkl\u0131 \u00fclkelerinden vatanda\u015flar\u0131n mide balonu ameliyat\u0131 i\u00e7in T\u00fcrkiye\u2019ye geldiklerini s\u00f6ylemek gerekir. Bunun sebebi operasyon fiyatlar\u0131n\u0131n d\u00fc\u015f\u00fck olmas\u0131d\u0131r. Ayr\u0131ca, hastan\u0131n rahat\u0131 ad\u0131na en k\u00fc\u00e7\u00fck detaylara dahi dikkat edilir. Mide balonu fiyatlar\u0131; ortalama 2500 Amerikan dolar\u0131 olarak ifade edilebilir. Yine de en do\u011fru bilgiyi almak ad\u0131na operasyonu ger\u00e7ekle\u015ftirecek merkez ile ileti\u015fim kurulmal\u0131d\u0131r.<\/p>\n","protected":false},"excerpt":{"rendered":"<p>\u0130nsanlar; hareketsiz ya\u015fam ve dengesiz beslenme y\u00fcz\u00fcnden kilo al\u0131rlar. Her ya\u015ftan insan\u0131 olumsuz etkileyen fazla kilo problemini ortadan kald\u0131rmak ad\u0131na farkl\u0131 se\u00e7enekler vard\u0131r. Bunlardan birisi de mide balonu olarak bilinir. Mide Balonu Nedir? Fazla kilolar\u0131ndan \u015fikayet eden insanlar\u0131n akl\u0131nda mide balonu nedir sorusu bulunuyor. Her \u015feyden \u00f6nce, bu y\u00f6ntemin d\u00fcnya \u00e7ap\u0131nda uyguland\u0131\u011f\u0131n\u0131 ve g\u00fcvenilirli\u011fini kan\u0131tlad\u0131\u011f\u0131n\u0131 [&hellip;]<\/p>\n","protected":false},"author":1,"featured_media":1572,"parent":0,"menu_order":0,"comment_status":"closed","ping_status":"closed","template":"","meta":{"om_disable_all_campaigns":false,"_mi_skip_tracking":false,"footnotes":""},"class_list":["post-1571","page","type-page","status-publish","has-post-thumbnail","hentry"],"_links":{"self":[{"href":"https:\/\/www.healdone.com\/tr\/wp-json\/wp\/v2\/pages\/1571","targetHints":{"allow":["GET"]}}],"collection":[{"href":"https:\/\/www.healdone.com\/tr\/wp-json\/wp\/v2\/pages"}],"about":[{"href":"https:\/\/www.healdone.com\/tr\/wp-json\/wp\/v2\/types\/page"}],"author":[{"embeddable":true,"href":"https:\/\/www.healdone.com\/tr\/wp-json\/wp\/v2\/users\/1"}],"replies":[{"embeddable":true,"href":"https:\/\/www.healdone.com\/tr\/wp-json\/wp\/v2\/comments?post=1571"}],"version-history":[{"count":0,"href":"https:\/\/www.healdone.com\/tr\/wp-json\/wp\/v2\/pages\/1571\/revisions"}],"wp:featuredmedia":[{"embeddable":true,"href":"https:\/\/www.healdone.com\/tr\/wp-json\/wp\/v2\/media\/1572"}],"wp:attachment":[{"href":"https:\/\/www.healdone.com\/tr\/wp-json\/wp\/v2\/media?parent=1571"}],"curies":[{"name":"wp","href":"https:\/\/api.w.org\/{rel}","templated":true}]}}