{"id":1580,"date":"2022-03-23T13:32:58","date_gmt":"2022-03-23T10:32:58","guid":{"rendered":"https:\/\/www.healdone.com\/?page_id=1580\/"},"modified":"2022-03-23T13:32:58","modified_gmt":"2022-03-23T10:32:58","slug":"mide-botoksu","status":"publish","type":"page","link":"https:\/\/www.healdone.com\/tr\/mide-botoksu\/","title":{"rendered":"Mide Botoksu Nedir? Fiyat\u0131 Ne Kadar?"},"content":{"rendered":"<p>Her ya\u015ftan insan kilo vermek ister. Bu amac\u0131na ula\u015fmay\u0131 hedefleyenlerin \u00f6n\u00fcnde birden \u00e7ok se\u00e7enek vard\u0131r. Kilo verme y\u00f6ntemlerinin her birisi sa\u011fl\u0131kl\u0131 de\u011fildir. Uzmanlar taraf\u0131ndan onaylanmam\u0131\u015f bir y\u00f6ntem ile kilo vermeye \u00e7al\u0131\u015fanlar\u0131n farkl\u0131 sa\u011fl\u0131k sorunlar\u0131 ile kar\u015f\u0131la\u015fmas\u0131na rastlan\u0131r. Mide botoksu; son y\u0131llarda pop\u00fclerli\u011fini artt\u0131ran bir uygulamad\u0131r. Bir\u00e7ok ki\u015finin akl\u0131nda mide botoksu nedir sorusu yer al\u0131r.<\/p>\n<h2>Mide Botoksu Nedir?<\/h2>\n<p>Endoskopik y\u00f6ntemden faydalan\u0131larak midenin belirli b\u00f6lgelerine botoks enjekte edilmesine mide botoksu ad\u0131 verilir. \u0130nsanlar; mide botoksu sayesinde kilo verme \u015fans\u0131na eri\u015firler. Bu y\u00f6ntem sayesinde mide kaslar\u0131n\u0131n kas\u0131lmas\u0131 s\u0131n\u0131rland\u0131r\u0131l\u0131r. Bir ba\u015fka deyi\u015fle, mide; \u00e7ok daha uzun bir s\u00fcrede bo\u015fal\u0131r. Bu sayede, ki\u015finin i\u015ftah\u0131 azal\u0131r. \u0130\u015ftah\u0131 azalan birisi daha az yemek yiyerek kilo verme \u015fans\u0131na eri\u015fir. En sa\u011fl\u0131kl\u0131 kilo verme y\u00f6ntemlerinin ba\u015f\u0131nda gelir.<\/p>\n<h2>Mide Botoksu Nas\u0131l Yap\u0131l\u0131r?<\/h2>\n<p>Bu y\u00f6ntem ile kilo vermeyi d\u00fc\u015f\u00fcnenler; mide botoksu nas\u0131l yap\u0131l\u0131r sorusuna doyurucu bir cevap bulmak istiyorlar. Mide botoksu anestezi ekibinin ki\u015fide derin uyku olu\u015fturmas\u0131yla yap\u0131lan bir i\u015flemdir. Bir ba\u015fka deyi\u015fle, solunum devam ederken ger\u00e7ekle\u015ftirilir. Ki\u015finin uyutulmas\u0131, i\u015flemin yap\u0131lmas\u0131 ve ki\u015finin uyand\u0131r\u0131lmas\u0131 olmak \u00fczere \u00fc\u00e7 farkl\u0131 etaptan olu\u015fur. Bu i\u015flem sayesinde midenin belirli b\u00f6lgelerine botoks enjekte edilerek ki\u015finin sa\u011fl\u0131kl\u0131 bir \u015fekilde kilo vermesi ama\u00e7lan\u0131r. Mide botoksu; 15-20 dakika s\u00fcren bir operasyondur. Ki\u015finin \u00fczerinde herhangi bir etkisi olmaz. Hatta, mide botoksu ge\u00e7iren yap\u0131lan i\u015flemlerin hi\u00e7birisini hat\u0131rlamaz ve hissetmez.<\/p>\n<h3>Mide Botoksu Kimlere Yap\u0131l\u0131r?<\/h3>\n<p>Fazla kilolar\u0131ndan \u015fikayet eden insanlar i\u00e7in kurtar\u0131c\u0131 bir i\u015flem olarak bilinen mide botoksu; yine de her insan i\u00e7in uygun de\u011fildir. Bu noktada, mide botoksu kimlere yap\u0131l\u0131r konusu ara\u015ft\u0131r\u0131lmal\u0131d\u0131r.<\/p>\n<ul>\n<li>Her \u015feyden \u00f6nce, bu operasyondan faydalanmak isteyenin en az 18 ya\u015f\u0131nda olmas\u0131 gerekti\u011fini s\u00f6ylemek gerekir. Ayr\u0131ca, ki\u015finin fazla kilolar\u0131n\u0131n olmas\u0131 \u00f6nemli bir husustur.<\/li>\n<li>Ki\u015finin illaki obez kategorisinde olmas\u0131 gerekmez. Bir ba\u015fka deyi\u015fle, be\u015f kilo fazlas\u0131 olanlar da yirmi kilo fazlas\u0131 olanlar da bu i\u015flemden faydalanabilirler.<\/li>\n<li>V\u00fccut kitle endeksi de \u00f6nem ta\u015f\u0131yan hususlardan birisidir. Bu noktada, uzmanlar; v\u00fccut kitle endeksi 25 ila 60 aras\u0131 olanlar\u0131n mide botoksundan faydalanmas\u0131n\u0131n m\u00fcmk\u00fcn oldu\u011funu s\u00f6ylerler.<\/li>\n<li>Obezite ameliyat\u0131 sayesinde insanlar fazla kilolar\u0131ndan kal\u0131c\u0131 olarak kurtulabilirler. Ancak, b\u0131\u00e7ak alt\u0131na yatmak istemeyenlerin say\u0131s\u0131 bir hayli fazlad\u0131r. Bu noktada, obezite ameliyat\u0131 ge\u00e7irmek istemeyenler i\u00e7in en uygun kilo verme se\u00e7ene\u011finin mide botoksu oldu\u011funu hat\u0131rlatmak gerekir.<\/li>\n<li>Her insan obezite ameliyat\u0131 i\u00e7in uygun de\u011fildir. Bir ba\u015fka deyi\u015fle, insanlar\u0131n bu ameliyat\u0131 ge\u00e7irmesine birtak\u0131m sa\u011fl\u0131k sorunlar\u0131ndan dolay\u0131 izin verilmez. Ancak, mide botoksu ile herhangi bir sorun olmadan fazla kilolardan kurtulmak m\u00fcmk\u00fcn hale gelir.<\/li>\n<li>\u0130nsanlar\u0131n kilo vermesinin \u00f6n\u00fcndeki en b\u00fcy\u00fck engel hi\u00e7 \u015f\u00fcphesiz yeme al\u0131\u015fkanl\u0131klar\u0131n\u0131 de\u011fi\u015ftirememeleridir. Bir\u00e7ok ki\u015fi; \u00e7ok k\u0131sa s\u00fcrede ac\u0131k\u0131r. Ayr\u0131ca, tatl\u0131 ba\u011f\u0131ml\u0131l\u0131\u011f\u0131ndan kurtulamayanlar\u0131n say\u0131s\u0131 bir hayli fazlad\u0131r. Bu noktada, mide botoksu ile a\u00e7l\u0131k ve tatl\u0131 krizlerinin \u00f6n\u00fcne ge\u00e7ilir.<\/li>\n<\/ul>\n<h2>Mide Botoksu Yan Etkileri Nelerdir?<\/h2>\n<p>Mide botoksu; her ya\u015ftan insan i\u00e7in uygun bir i\u015flem olsa da bu operasyona mesafeli yakla\u015fanlar da vard\u0131r. Bu noktada, bilhassa mide botoksu yan etkileri merak edilir.<\/p>\n<ul>\n<li>Botoks; t\u0131bb\u0131n y\u0131llardan bu yana kulland\u0131\u011f\u0131 bir se\u00e7enektir. Alan\u0131nda uzman bir doktor taraf\u0131ndan do\u011fru bir dozajda uygulanan botoksun herhangi bir zarar\u0131 bulunmaz.<\/li>\n<li>Yine de baz\u0131 ki\u015filerin mide botoksu i\u00e7in uygun olmad\u0131klar\u0131n\u0131 s\u00f6ylemek gerekir. Bu ki\u015filerin ba\u015f\u0131nda kas hastal\u0131\u011f\u0131 olanlar ve botoksa kar\u015f\u0131 alerjisi bulunanlar gelir. Bu t\u00fcr sorunlardan muzdarip olanlar\u0131n mide botoksuna ba\u015fvurmas\u0131 ortaya birtak\u0131m s\u0131k\u0131nt\u0131lar \u00e7\u0131karabilir.<\/li>\n<li>Mide botoksunun kalp ve mide \u00fczerinde birtak\u0131m olumsuz durumlara sebebiyet verdi\u011fi do\u011fru de\u011fildir.<\/li>\n<\/ul>\n<h2>\nMide Botoksu Avantajlar\u0131 Nelerdir?<\/h2>\n<ul>\n<li>Yaln\u0131zca 15-20 dakika i\u00e7erisinde olup biten bir uygulama olmakla beraber ki\u015finin g\u00fcnl\u00fck hayat\u0131n\u0131 olumsuz etkilemez.<\/li>\n<li>\u0130\u015ftah ve a\u00e7l\u0131k \u00fczerinde etkili olan kaslar etkisiz hale getirilir.<\/li>\n<li>Ameliyat gerektirmeyen bir y\u00f6ntem olu\u015fu ile dikkat \u00e7eker.<\/li>\n<li>Tokluk hissinin uzamas\u0131, i\u015ftah\u0131n azalmas\u0131 ve daha az yemek yenmesi gibi sonu\u00e7lar\u0131 ile fark\u0131n\u0131 ortaya koyan bir operasyondur.<\/li>\n<li>Yaln\u0131zca bir hafta i\u00e7erisinde a\u00e7l\u0131k hissi ortadan kaybolur.<\/li>\n<\/ul>\n<h2>Mide Botoksu Dezavantajlar\u0131 Nelerdir?<\/h2>\n<ul>\n<li>Mide botoksu; kas hastal\u0131\u011f\u0131 olanlar\u0131 veya botoksa kar\u015f\u0131 alerjisi olanlar\u0131 olumsuz etkiler. Bu ki\u015filerin operasyon ge\u00e7irmemesi \u00f6nerilir.<\/li>\n<li>Mide botoksunun mideye ve genel olarak v\u00fccuda herhangi bir zarar\u0131 olmaz.<\/li>\n<li>\u0130\u015flemin ard\u0131ndan beslenmesine dikkat etmeyenler yeniden kilo alma sorunu ile kar\u015f\u0131 kar\u015f\u0131ya kal\u0131rlar.<\/li>\n<\/ul>\n<h2>Mide Botoksu Sonras\u0131 Beslenme ve Dikkat Edilmesi Gerekenler<\/h2>\n<p>Mide botoksu; mucizevi bir tedavi de\u011fildir. Bir ba\u015fka deyi\u015fle, insanlar\u0131n mide botoksunun ard\u0131ndan kilo vermeleri garanti olarak g\u00f6r\u00fclmemelidir. Ancak, beslenmesine dikkat eden birisi operasyon sonras\u0131nda ideal kilosuna k\u0131sa s\u00fcrede ula\u015f\u0131r. Mide botoksu sonras\u0131 beslenme olduk\u00e7a \u00f6nemlidir. Operasyon ge\u00e7iren ki\u015finin fast food beslenme tarz\u0131ndan uzakla\u015fmas\u0131 \u015fartt\u0131r. Ayr\u0131ca, genel olarak a\u015f\u0131r\u0131 ya\u011fl\u0131 ve karbonhidrat a\u011f\u0131rl\u0131kl\u0131 beslenmeden uzak durulmal\u0131d\u0131r. Mide botoksunun ard\u0131ndan sa\u011fl\u0131kl\u0131 beslenmeye a\u011f\u0131rl\u0131k verilmelidir. Son olarak, asitli i\u00e7ecekler kesinlikle t\u00fcketilmemelidir.<\/p>\n<h2>Mide Botoksu Ameliyat\u0131 Fiyatlar\u0131<\/h2>\n<p>\u0130deal kilosuna kavu\u015fmak isteyenler i\u00e7in harika bir se\u00e7enek olan mide botoksu her ge\u00e7en g\u00fcn daha \u00e7ok ki\u015finin tercihi oluyor. \u0130nsanlar; mide botoksu fiyat hakk\u0131nda bilgi almak istiyorlar. Bu noktada, siz de Healdone ile ileti\u015fime ge\u00e7erek g\u00fcncel mide botoksu fiyatlar\u0131 hakk\u0131nda kesin bilgiler edinebilirsiniz.<\/p>\n","protected":false},"excerpt":{"rendered":"<p>Her ya\u015ftan insan kilo vermek ister. Bu amac\u0131na ula\u015fmay\u0131 hedefleyenlerin \u00f6n\u00fcnde birden \u00e7ok se\u00e7enek vard\u0131r. Kilo verme y\u00f6ntemlerinin her birisi sa\u011fl\u0131kl\u0131 de\u011fildir. Uzmanlar taraf\u0131ndan onaylanmam\u0131\u015f bir y\u00f6ntem ile kilo vermeye \u00e7al\u0131\u015fanlar\u0131n farkl\u0131 sa\u011fl\u0131k sorunlar\u0131 ile kar\u015f\u0131la\u015fmas\u0131na rastlan\u0131r. Mide botoksu; son y\u0131llarda pop\u00fclerli\u011fini artt\u0131ran bir uygulamad\u0131r. Bir\u00e7ok ki\u015finin akl\u0131nda mide botoksu nedir sorusu yer al\u0131r. Mide [&hellip;]<\/p>\n","protected":false},"author":1,"featured_media":1581,"parent":0,"menu_order":0,"comment_status":"closed","ping_status":"closed","template":"","meta":{"om_disable_all_campaigns":false,"_mi_skip_tracking":false,"footnotes":""},"class_list":["post-1580","page","type-page","status-publish","has-post-thumbnail","hentry"],"_links":{"self":[{"href":"https:\/\/www.healdone.com\/tr\/wp-json\/wp\/v2\/pages\/1580","targetHints":{"allow":["GET"]}}],"collection":[{"href":"https:\/\/www.healdone.com\/tr\/wp-json\/wp\/v2\/pages"}],"about":[{"href":"https:\/\/www.healdone.com\/tr\/wp-json\/wp\/v2\/types\/page"}],"author":[{"embeddable":true,"href":"https:\/\/www.healdone.com\/tr\/wp-json\/wp\/v2\/users\/1"}],"replies":[{"embeddable":true,"href":"https:\/\/www.healdone.com\/tr\/wp-json\/wp\/v2\/comments?post=1580"}],"version-history":[{"count":0,"href":"https:\/\/www.healdone.com\/tr\/wp-json\/wp\/v2\/pages\/1580\/revisions"}],"wp:featuredmedia":[{"embeddable":true,"href":"https:\/\/www.healdone.com\/tr\/wp-json\/wp\/v2\/media\/1581"}],"wp:attachment":[{"href":"https:\/\/www.healdone.com\/tr\/wp-json\/wp\/v2\/media?parent=1580"}],"curies":[{"name":"wp","href":"https:\/\/api.w.org\/{rel}","templated":true}]}}