{"id":1589,"date":"2022-03-23T14:02:42","date_gmt":"2022-03-23T11:02:42","guid":{"rendered":"https:\/\/www.healdone.com\/?page_id=1589\/"},"modified":"2022-03-23T14:02:42","modified_gmt":"2022-03-23T11:02:42","slug":"mide-kelepcesi","status":"publish","type":"page","link":"https:\/\/www.healdone.com\/tr\/mide-kelepcesi\/","title":{"rendered":"Mide Kelep\u00e7esi Nedir? Kimlere Tak\u0131l\u0131r?"},"content":{"rendered":"<p>2020\u2019li y\u0131llarda oldu\u011fumuz \u015fu g\u00fcnlerde insanlar\u0131n fazla kilo problemiyle kar\u015f\u0131 kar\u015f\u0131ya olduklar\u0131n\u0131 s\u00f6yleyebiliriz. Bilhassa Covid-19 d\u00f6neminde evde daha \u00e7ok vakit ge\u00e7irenler hareketsizlikten dolay\u0131 kilo ald\u0131lar. Bu y\u00fczden, insanlar\u0131n kilo vermenin yollar\u0131n\u0131 arad\u0131klar\u0131 biliniyor. Diyet, egzersiz ve di\u011fer obezite tedavi se\u00e7eneklerinden herhangi bir verim alamayanlar i\u00e7in mide kelep\u00e7esi se\u00e7ene\u011fi mevcut! Bir\u00e7ok ki\u015finin akl\u0131nda mide kelep\u00e7esi nedir sorusu bulunuyor.<\/p>\n<h2>Mide Kelep\u00e7esi Nedir?<\/h2>\n<p>Mide kelep\u00e7esi sayesinde fazla kilolar\u0131n yar\u0131s\u0131ndan ilk bir y\u0131l i\u00e7erisinde kurtulmak m\u00fcmk\u00fcn hale gelir. Bu uygulama; bilhassa ideal kilosuna k\u0131yasla 40-50 kilo aras\u0131 fazlal\u0131\u011f\u0131 bulunan insanlara hitap eder. Laparoskopik ameliyat y\u00f6nteminden faydalan\u0131l\u0131r. Ortalama bir saat i\u00e7erisinde tamamlan\u0131r. Ayr\u0131ca, genel anestezi alt\u0131nda ger\u00e7ekle\u015ftirilen bir operasyondur. Kar\u0131n b\u00f6lgesine a\u00e7\u0131lan birka\u00e7 cerrahi kesik ile yap\u0131lan bu i\u015flemin ard\u0131ndan hastalar en k\u0131sa s\u00fcrede iyile\u015firler. Ancak, yine de hastan\u0131n 1-2 g\u00fcn hastanede kalmas\u0131 gerekir.<br \/>\nMide kelep\u00e7esi nedir diye d\u00fc\u015f\u00fcnenlere bu kelep\u00e7enin metalik t\u00fcrde \u00fcretilmedi\u011fini s\u00f6ylemek gerekir. Silikon t\u00fcr\u00fc maddelerle \u00fcretilen bir kelep\u00e7e t\u00fcr\u00fcd\u00fcr. Tak\u0131lmas\u0131 s\u0131ras\u0131nda organ ve dokulara herhangi bir zarar verilmesi s\u00f6z konusu de\u011fildir. Mide kelep\u00e7esinin hemen alt k\u0131sm\u0131nda \u015fi\u015firilebilir bir balon vard\u0131r. Bu balon; kelep\u00e7e uygulamas\u0131n\u0131n ard\u0131ndan cerrah taraf\u0131ndan \u015fi\u015firilir. Bu sayede, organ ve dokulara herhangi bir zarar verilmeden yeterince s\u0131k\u0131l\u0131r.<br \/>\nHer obezite hastas\u0131n\u0131n mide kelep\u00e7esinden faydalanmas\u0131 s\u00f6z konusu de\u011fildir. Bilhassa v\u00fccut kitle endeksi en az 40 olan hastalar i\u00e7in uygundur.<\/p>\n<h2>Mide Kelep\u00e7esi Nas\u0131l Tak\u0131l\u0131r?<\/h2>\n<p>Bu operasyon; hem hasta hem de doktor i\u00e7in sorunsuz ge\u00e7er. Kar\u0131n b\u00f6lgesinin hijyeninin sa\u011flanmas\u0131n\u0131n ard\u0131ndan b\u00f6lgeye bir cm\u2019yi a\u015fmayan birka\u00e7 k\u00fc\u00e7\u00fck kesik at\u0131l\u0131r. S\u00f6z konusu kesikler sayesinde yemek borusu ile mide ba\u011flant\u0131 noktas\u0131na ula\u015f\u0131l\u0131r. Birtak\u0131m teknolojik aletlerden yararlan\u0131larak mide kelep\u00e7esi yerle\u015ftirilir. Kelep\u00e7enin hemen alt\u0131nda kelep\u00e7e ile beraber bulunan bir balon yer al\u0131r. Kelep\u00e7enin balonu \u015fi\u015firilir. Bu sayede, s\u00f6z konusu alan; organ ve dokulara herhangi bir zarar vermeden daralt\u0131l\u0131r. Bir ba\u015fka deyi\u015fle, k\u00fc\u00e7\u00fck bir mide odac\u0131\u011f\u0131 meydana getirilir. Yiyecekler; bu alana midenin geri kalan k\u0131sm\u0131na k\u0131yasla \u00e7ok daha yava\u015f bir \u015fekilde ilerler. Bu sayede, hastalar; normale k\u0131yasla \u00e7ok daha k\u0131sa s\u00fcrede tokluk hissine ula\u015f\u0131rlar.<br \/>\nMide kelep\u00e7esi nas\u0131l tak\u0131l\u0131r diye d\u00fc\u015f\u00fcnenlere bu i\u015flemin sorunsuz bir \u015fekilde yap\u0131ld\u0131\u011f\u0131n\u0131 s\u00f6ylemek gerekir. Hastan\u0131n herhangi bir a\u011fr\u0131 veya ac\u0131 hissetmesinin \u00f6n\u00fcne ge\u00e7ilir. Hasta; daha az kalori al\u0131r. Bu sayede, operasyonun ertesinde k\u0131sa s\u00fcrede zay\u0131flamaya ba\u015flar. Mide kelep\u00e7esi; di\u011fer obezite tedavi y\u00f6ntemlerine k\u0131yasla birtak\u0131m avantajlara sahiptir. Kapal\u0131 ameliyat tekni\u011finin kullan\u0131lmas\u0131yla fark\u0131n\u0131 belli eder. Bu sayede, hasta; k\u0131sa s\u00fcrede aya\u011fa kalkarak normal hayat\u0131na sorunsuz bir \u015fekilde devam eder.<\/p>\n<h3>Mide Kelep\u00e7esi Kimlere Tak\u0131l\u0131r?<\/h3>\n<p>Fazla kilolar\u0131ndan \u015fikayet eden insanlar\u0131n akl\u0131nda mide kelep\u00e7esi kimlere tak\u0131l\u0131r sorusu yer al\u0131yor. Ki\u015finin 18-65 ya\u015f aral\u0131\u011f\u0131nda olmas\u0131 gerekir. Bunun yan\u0131 s\u0131ra, v\u00fccut kitle endeksi en az 40 olmal\u0131d\u0131r. Hastan\u0131n operasyonu engelleyecek t\u00fcrden bir sa\u011fl\u0131k sorununa sahip olmamas\u0131 gerekir. Sonu\u00e7 olarak, ideal kilosundan yakla\u015f\u0131k k\u0131rk kilo fazlas\u0131 olanlar i\u00e7in uygun bir operasyondur.<\/p>\n<h2>Mide Kelep\u00e7esi Avantajlar\u0131 Nelerdir?<\/h2>\n<ul>\n<li>Kapal\u0131 ameliyat tekni\u011fi ile ger\u00e7ekle\u015ftirilir. Bir ba\u015fka deyi\u015fle, kar\u0131n hi\u00e7bir \u015fekilde a\u00e7\u0131lmaz.<\/li>\n<li>Kar\u0131n duvar\u0131nda zannedilenden \u00e7ok daha k\u00fc\u00e7\u00fck bir iz kal\u0131r.<\/li>\n<li>Hasta; kendisini zorlayacak t\u00fcrden a\u011fr\u0131larla kar\u015f\u0131la\u015fmaz. K\u0131sa s\u00fcre i\u00e7erisinde iyile\u015fir.<\/li>\n<li>Kelep\u00e7enin a\u00e7\u0131kl\u0131\u011f\u0131; hastan\u0131n kilo verme h\u0131z\u0131na g\u00f6re ayarlanabilir.<\/li>\n<li>Kelep\u00e7enin hastan\u0131n v\u00fccudunda \u00f6m\u00fcr boyu kalmas\u0131nda bir sak\u0131nca yoktur.<\/li>\n<li>Herhangi bir komplikasyon halinde kelep\u00e7e \u00e7\u0131kart\u0131labilir.<\/li>\n<li>Mide kelep\u00e7esi sayesinde hasta ge\u00e7mi\u015fe k\u0131yasla daha az yemek yer. Bilhassa kat\u0131 g\u0131da al\u0131m\u0131 s\u0131n\u0131rland\u0131r\u0131l\u0131r.<\/li>\n<li>Di\u011fer ameliyatlar i\u00e7in herhangi bir sorun te\u015fkil etmesi s\u00f6z konusu bile de\u011fildir.<\/li>\n<\/ul>\n<h2>Mide Kelep\u00e7esi Dezavantajlar\u0131 Nelerdir?<\/h2>\n<ul>\n<li>Anestezi kaynakl\u0131 riskler vard\u0131r.<\/li>\n<li>Mide kelep\u00e7esi zararlar\u0131 aras\u0131nda kanama ve emboli riski bulunur.<\/li>\n<li>Kelep\u00e7enin yerle\u015ftirilen alanda durmamas\u0131 veya kaymas\u0131 gibi durumlar ortaya \u00e7\u0131kabilir.<\/li>\n<li>Mide \u00fclseri ve enfeksiyon riskleri mevcuttur.<\/li>\n<li>Kelep\u00e7enin mide duvar\u0131na zarar vermesi g\u00fcndeme gelebilir.<\/li>\n<li>V\u00fccut; silikon maddesine tepki verebilir.<\/li>\n<li>Tecr\u00fcbesiz bir doktorun varl\u0131\u011f\u0131 halinde operasyon s\u0131ras\u0131nda di\u011fer organlara zarar verilebilir.<\/li>\n<li>Kelep\u00e7enin olmas\u0131 gerekenden daha az veya \u00e7ok s\u0131k\u0131lmas\u0131na rastlanabilir.<\/li>\n<\/ul>\n<h2>Mide Kelep\u00e7esi Yan Etkileri Nelerdir?<\/h2>\n<ul>\n<li>Hastalar; operasyonun ard\u0131ndan bilhassa ilk zamanlarda yemek yedikten sonra kusabilirler. \u00c7ok fazla veya h\u0131zl\u0131 yemek yiyen hastalar\u0131n kar\u015f\u0131la\u015fabilece\u011fi t\u00fcrden bir sorundur. Hastalar\u0131n eski yemek yeme al\u0131\u015fkanl\u0131klar\u0131n\u0131 de\u011fi\u015ftirmeleri gerekir.<\/li>\n<li>Temel g\u0131da al\u0131m\u0131n\u0131n azalmas\u0131; ba\u011f\u0131rsak hareketlerinin de yava\u015flamas\u0131na neden olur. Hastalar; kab\u0131zl\u0131k problemi ile kar\u015f\u0131 kar\u015f\u0131ya kal\u0131rlar.<\/li>\n<li>Ameliyat\u0131n ard\u0131ndan bilhassa yetersiz beslenmeden dolay\u0131 sa\u00e7 d\u00f6k\u00fclmesi problemi ile kar\u015f\u0131la\u015fabilir.<br \/>\nYukar\u0131daki yan etkiler zannedildi\u011fi gibi ciddi de\u011fildir. Hastan\u0131n v\u00fccudunun mide kelep\u00e7esine al\u0131\u015fmas\u0131yla beraber yan etkiler ortadan kalkar.<\/li>\n<\/ul>\n<h2>Mide Kelep\u00e7esi Tak\u0131ld\u0131ktan Sonra Beslenme<\/h2>\n<p>Ameliyat ak\u015fam\u0131 ve takip eden g\u00fcn i\u00e7erisinde s\u0131v\u0131 g\u0131dalar ile beslenilmelidir. Su, s\u00fct, \u00e7ay, kahve, komposto gibi s\u0131v\u0131 g\u0131dalar tercih edilmelidir. Hasta; \u00fc\u00e7 ila be\u015finci g\u00fcn ile beraber \u00e7orba gibi yar\u0131 s\u0131v\u0131 g\u0131dalar\u0131 t\u00fcketmeye ba\u015flayabilir. Alt\u0131nc\u0131 g\u00fcnden itibaren herhangi bir sorun olmad\u0131\u011f\u0131 takdirde k\u00fc\u00e7\u00fck par\u00e7alar halinde kat\u0131 g\u0131da al\u0131m\u0131na ba\u015flanabilir. Hasta; yava\u015f ve az yemeye \u00f6zen g\u00f6stermelidir.<\/p>\n<h2>Mide Kelep\u00e7esi Fiyatlar\u0131<\/h2>\n<p>Mide kelep\u00e7esi fiyat nedir sorusu \u00e7ok fazla soruluyor. Bu noktada, T\u00fcrkiye\u2019de mide kelep\u00e7esi takt\u0131rmak i\u00e7in ortalama 2500 USD \u00f6demek gerekti\u011fi ifade edilebilir.<\/p>\n","protected":false},"excerpt":{"rendered":"<p>2020\u2019li y\u0131llarda oldu\u011fumuz \u015fu g\u00fcnlerde insanlar\u0131n fazla kilo problemiyle kar\u015f\u0131 kar\u015f\u0131ya olduklar\u0131n\u0131 s\u00f6yleyebiliriz. Bilhassa Covid-19 d\u00f6neminde evde daha \u00e7ok vakit ge\u00e7irenler hareketsizlikten dolay\u0131 kilo ald\u0131lar. Bu y\u00fczden, insanlar\u0131n kilo vermenin yollar\u0131n\u0131 arad\u0131klar\u0131 biliniyor. Diyet, egzersiz ve di\u011fer obezite tedavi se\u00e7eneklerinden herhangi bir verim alamayanlar i\u00e7in mide kelep\u00e7esi se\u00e7ene\u011fi mevcut! Bir\u00e7ok ki\u015finin akl\u0131nda mide kelep\u00e7esi nedir [&hellip;]<\/p>\n","protected":false},"author":1,"featured_media":1590,"parent":0,"menu_order":0,"comment_status":"closed","ping_status":"closed","template":"","meta":{"om_disable_all_campaigns":false,"_mi_skip_tracking":false,"footnotes":""},"class_list":["post-1589","page","type-page","status-publish","has-post-thumbnail","hentry"],"_links":{"self":[{"href":"https:\/\/www.healdone.com\/tr\/wp-json\/wp\/v2\/pages\/1589","targetHints":{"allow":["GET"]}}],"collection":[{"href":"https:\/\/www.healdone.com\/tr\/wp-json\/wp\/v2\/pages"}],"about":[{"href":"https:\/\/www.healdone.com\/tr\/wp-json\/wp\/v2\/types\/page"}],"author":[{"embeddable":true,"href":"https:\/\/www.healdone.com\/tr\/wp-json\/wp\/v2\/users\/1"}],"replies":[{"embeddable":true,"href":"https:\/\/www.healdone.com\/tr\/wp-json\/wp\/v2\/comments?post=1589"}],"version-history":[{"count":0,"href":"https:\/\/www.healdone.com\/tr\/wp-json\/wp\/v2\/pages\/1589\/revisions"}],"wp:featuredmedia":[{"embeddable":true,"href":"https:\/\/www.healdone.com\/tr\/wp-json\/wp\/v2\/media\/1590"}],"wp:attachment":[{"href":"https:\/\/www.healdone.com\/tr\/wp-json\/wp\/v2\/media?parent=1589"}],"curies":[{"name":"wp","href":"https:\/\/api.w.org\/{rel}","templated":true}]}}