{"id":1598,"date":"2022-03-23T14:35:56","date_gmt":"2022-03-23T11:35:56","guid":{"rendered":"https:\/\/www.healdone.com\/?page_id=1598\/"},"modified":"2022-03-23T14:35:56","modified_gmt":"2022-03-23T11:35:56","slug":"gastrektomi-kolu","status":"publish","type":"page","link":"https:\/\/www.healdone.com\/tr\/gastrektomi-kolu\/","title":{"rendered":"Gastrektomi Kolu Nedir? Avantajlar\u0131 Nelerdir?"},"content":{"rendered":"<p>Spor yapmayan, hareketsiz bir ya\u015fam tarz\u0131n\u0131 benimseyen ve zararl\u0131 beslenme al\u0131\u015fkanl\u0131klar\u0131n\u0131 bir t\u00fcrl\u00fc de\u011fi\u015ftirmeyen insanlar fazla kilolar\u0131yla kar\u015f\u0131 kar\u015f\u0131ya kal\u0131rlar. Diyet ve egzersiz sayesinde kilo verilebilir. Ancak, obezite s\u0131n\u0131r\u0131na gelenler i\u00e7in cerrahi y\u00f6ntemler gerekli olur.<\/p>\n<p>Mide k\u00fc\u00e7\u00fcltme operasyonlar\u0131n\u0131n her ge\u00e7en g\u00fcn daha \u00e7ok tercih edildi\u011fi g\u00fcn\u00fcm\u00fcz d\u00fcnyas\u0131nda bir\u00e7ok ki\u015finin akl\u0131nda gastrektomi kolu nedir sorusu bulunuyor.<\/p>\n<h2>Gastrektomi Kolu Nedir?<\/h2>\n<p>Gastrektomi kolu; mide k\u0131l\u0131f\u0131 olarak da bilinir. Midenin bir b\u00f6l\u00fcm\u00fcn\u00fcn veya tamam\u0131n\u0131n al\u0131nmas\u0131 olarak ifade edilebilir. Hem fazla kilolu insanlar\u0131n kilo problemlerinin ortadan kald\u0131r\u0131lmas\u0131 hem de \u00e7e\u015fitli mide rahats\u0131zl\u0131klar\u0131n\u0131n tedavisi i\u00e7in tercih edilir. \u0130ki saat s\u00fcren bir operasyondur. Mide \u00e7\u0131k\u0131\u015f\u0131na ve giri\u015fine herhangi bir zarar verilmez. Bu sayede, sindirim sistemi; operasyon \u00f6ncesinde oldu\u011fu gibi \u00e7al\u0131\u015fmaya devam eder. Bu operasyonun ard\u0131ndan hastan\u0131n midesi muza benzer bir g\u00f6r\u00fcn\u00fcme kavu\u015fur. Hatta, s\u00f6z konusu g\u00f6r\u00fcnt\u00fc; ayn\u0131 zamanda t\u00fcpe benzedi\u011fi i\u00e7in gastrektomi koluna t\u00fcp mide ameliyat\u0131 da denilir.<\/p>\n<p>Gastrektomi kolu zararlar\u0131 herkes taraf\u0131ndan merak edilir. Ancak, operasyonun ard\u0131ndan birtak\u0131m komplikasyonlar\u0131n olu\u015fma riski son derece azd\u0131r. V\u00fccut kitle endeksi 40\u2019un \u00fczerinde olan obezite hastalar\u0131 i\u00e7in uygun bir operasyondur.<\/p>\n<h2>Gastrektomi Kolu Nas\u0131l Yap\u0131l\u0131r?<\/h2>\n<p>Bir\u00e7ok insan\u0131n akl\u0131nda gastrektomi kolu nas\u0131l tak\u0131l\u0131r sorusu bulunuyor. Her \u015feyden \u00f6nce, uzman doktor taraf\u0131ndan ger\u00e7ekle\u015ftirilmesi gereken bir operasyon oldu\u011funu s\u00f6ylemeliyiz. Doktorun bilgisi ve tecr\u00fcbesi; operasyonun ba\u015far\u0131s\u0131n\u0131 do\u011frudan etkiler. Bunun yan\u0131 s\u0131ra, operasyon iki farkl\u0131 \u015fekilde ger\u00e7ekle\u015ftirilir.<\/p>\n<ul>\n<li><strong>A\u00e7\u0131k ameliyat:<\/strong> En \u00e7ok tercih edilen y\u00f6ntemdir. \u0130lk olarak, kar\u0131n b\u00f6lgesine geni\u015f bir kesi at\u0131l\u0131r. Bu sayede, midenin tamam\u0131 veya \u00f6nemli bir b\u00f6l\u00fcm\u00fc \u00e7\u0131kart\u0131l\u0131r. Ba\u015far\u0131 oran\u0131 kapal\u0131 ameliyata k\u0131yasla daha fazla olmakla beraber iyile\u015fme s\u00fcresi daha uzundur.<\/li>\n<li><strong>Kapal\u0131 ameliyat:<\/strong> Laparoskopik ameliyat olarak da bilinir. A\u00e7\u0131k ameliyattaki geni\u015f bir kesinin yerine her biri 1 cm\u2019lik birden \u00e7ok k\u00fc\u00e7\u00fck kesi at\u0131l\u0131r. Bu kesilerden i\u00e7eriye sokulan \u00f6zel cihazlar sayesinde ameliyata ba\u015flan\u0131r. Kesilerin ufak olmas\u0131ndan m\u00fctevellit hastan\u0131n operasyonun ard\u0131ndan estetik a\u00e7\u0131dan herhangi bir sorun ya\u015famas\u0131n\u0131n \u00f6n\u00fcne ge\u00e7ilir.<\/li>\n<\/ul>\n<p>Buna ek olarak, iyile\u015fme s\u00fcresi k\u0131sad\u0131r. Yine a\u00e7\u0131k ameliyata k\u0131yasla riskleri daha azd\u0131r. T\u00fcp mide ameliyatlar\u0131; ge\u00e7mi\u015ften bu yana kapal\u0131 y\u00f6ntem ile ger\u00e7ekle\u015ftirilir.<\/p>\n<h2>Gastrektomi Kolu \u00c7e\u015fitleri Nelerdir?<\/h2>\n<p>Gastrektomi kolu; \u00fc\u00e7 farkl\u0131 \u015fekilde uygulanan bir operasyondur.<\/p>\n<ul>\n<li><strong>Total Gastrektomi:<\/strong> Hastan\u0131n midesinin tamam\u0131 al\u0131n\u0131r.<\/li>\n<li><strong>Parsiyel Gastrektomi:<\/strong> Hastan\u0131n midesinin yaln\u0131zca bir b\u00f6l\u00fcm\u00fc al\u0131n\u0131r.<\/li>\n<li><strong>Laparoskopik Sleeve Gastrektomi:<\/strong> Midenin sol taraf\u0131 al\u0131n\u0131r. Bu sayede, midenin k\u00fc\u00e7\u00fclt\u00fclmesi hedeflenir.<br \/>\n<strong>Gastrektomi kolu;<\/strong> geni\u015f kullan\u0131m alanlar\u0131 ile dikkat \u00e7eker.<\/li>\n<li>Erken s\u00fcre\u00e7te te\u015fhis edilen mide kanserinin tedavisi i\u00e7in en etkili se\u00e7enek gastrektomi koludur. Doktor; hastan\u0131n durumuna g\u00f6re midenin olabilecek en az b\u00f6l\u00fcm\u00fcn\u00fc almaya gayret eder.<\/li>\n<li><strong>Gastroparezi;<\/strong> midenin normalden \u00e7ok daha yava\u015f bir \u015fekilde bo\u015falmas\u0131 olarak tan\u0131mlanabilir. Bu tedavi s\u0131ras\u0131nda duruma g\u00f6re hem total hem de parsiyel gastrektomi tercih edilebilir.<\/li>\n<li>Obezite tedavisinde t\u00fcp mide ameliyat\u0131 olarak da ifade edilen gastrektomi kolundan faydalan\u0131l\u0131r.<\/li>\n<li><strong>Diyabet;<\/strong> bir\u00e7ok insan\u0131n ya\u015fam standartlar\u0131n\u0131 d\u00fc\u015f\u00fcr\u00fcr. Bilhassa 2010 sonras\u0131 d\u00f6nemde diyabet tedavisi i\u00e7in gastrektomi kolundan yararlan\u0131l\u0131r.<\/li>\n<\/ul>\n<h2>Gastrektomi Kolu Kimlere Uygulan\u0131r?<\/h2>\n<p>Gastrektomi kolu kimlere tak\u0131l\u0131r sorusunun cevab\u0131n\u0131 merak edenlerin say\u0131s\u0131 bir hayli fazlad\u0131r. Bu noktada, ki\u015finin 18 ila 65 ya\u015f aras\u0131nda olmas\u0131 gerekti\u011fini s\u00f6ylemeliyiz. Bunun yan\u0131 s\u0131ra, bu operasyondan faydalanmak isteyenlerin v\u00fccut kitle endekslerinin 40 \u00fczerinde olmas\u0131 \u015fart ko\u015fulmu\u015ftur. 18 ya\u015f\u0131ndan k\u00fc\u00e7\u00fcklerin obeziteye ek olarak birtak\u0131m hastal\u0131klardan da muzdarip olmas\u0131 gerekir. Ayr\u0131ca, bu ki\u015filere hekim karar\u0131 ve aile onay\u0131 ile uygulanabilecek bir operasyondur. Son olarak, 65 ya\u015f \u00fczeri ki\u015filerde genel sa\u011fl\u0131k durumuna ve obezite seviyesine bak\u0131larak karar verilir.<\/p>\n<h2>Gastrektomi Kolu Yan Etkileri Var M\u0131?<\/h2>\n<ul>\n<li>Parsiyel veya total gastrektomi kolu operasyonu ge\u00e7iren ki\u015filerde operasyonun ard\u0131ndan ishale rastlanabilir.<\/li>\n<li>Mide ek\u015fimesi<\/li>\n<li>Mide bulant\u0131s\u0131<\/li>\n<li>Asit refl\u00fc<\/li>\n<li>Kab\u0131zl\u0131k<\/li>\n<li>Haz\u0131ms\u0131zl\u0131k<\/li>\n<li>Kar\u0131n a\u011fr\u0131s\u0131<\/li>\n<li>Roux sendromu<\/li>\n<\/ul>\n<p>gibi yan etkilerin ortaya \u00e7\u0131kmas\u0131 s\u00f6z konusu olabilir. Bunun yan\u0131 s\u0131ra,<\/p>\n<ul>\n<li>Ameliyat b\u00f6lgesinde iltihaplanma, k\u0131zar\u0131kl\u0131k, \u0131s\u0131nma<\/li>\n<li>A\u011fr\u0131 kesicinin etki etmedi\u011fi bir a\u011fr\u0131<\/li>\n<li>S\u0131v\u0131 al\u0131m\u0131nda zorlanma<\/li>\n<li>38 derecenin \u00fczerinde bir ate\u015f<\/li>\n<\/ul>\n<p>belirtilerine rastland\u0131\u011f\u0131 takdirde acilen doktora gidilmelidir.<\/p>\n<h2>Gastrektomi Kolu Avantajlar\u0131 Nelerdir?<\/h2>\n<ul>\n<li>Mide kapasitesinin k\u00fc\u00e7\u00fclmesinden dolay\u0131 ki\u015finin daha az g\u0131dayla daha k\u0131sa s\u00fcrede doymas\u0131 s\u00f6z konusu olur.<\/li>\n<li>Ac\u0131kma hissi azal\u0131r.<\/li>\n<li>Sindirim sisteminin i\u015fleyi\u015finde herhangi bir de\u011fi\u015fikli\u011fe rastlanmaz.<\/li>\n<li>Daha az yara meydana gelir. Hasta; kapal\u0131 ameliyat sayesinde \u00e7ok k\u0131sa s\u00fcrede eski sa\u011fl\u0131\u011f\u0131na kavu\u015fur.<\/li>\n<\/ul>\n<h2>Gastrektomi Kolu Dezavantajlar\u0131 Nelerdir?<\/h2>\n<ul>\n<li>Midenin eski haline d\u00f6nmesi m\u00fcmk\u00fcn de\u011fildir. \u00c7\u00fcnk\u00fc, operasyon s\u0131ras\u0131nda midenin \u00f6nemli bir k\u0131sm\u0131 \u00e7\u0131kart\u0131l\u0131r.<\/li>\n<li>Y\u00fcksek kalorili yiyecek ve i\u00e7eceklerden vazge\u00e7meyenler daha az kilo verirler.<\/li>\n<li>Mide; geni\u015fleyebilen bir organd\u0131r. Operasyondan bir s\u00fcre sonra midenin yeniden geni\u015flemesine rastlanabilir.<\/li>\n<li>Ameliyat\u0131n ard\u0131ndan beslenme al\u0131\u015fkanl\u0131klar\u0131n\u0131 de\u011fi\u015ftirmeyen hastalar; bekledikleri sonu\u00e7larla kar\u015f\u0131lamayarak hayal k\u0131r\u0131kl\u0131\u011f\u0131 ya\u015fayabilirler.<\/li>\n<\/ul>\n<h2>Gastrektomi Kolu Fiyatlar\u0131<\/h2>\n<p>T\u00fcrkiye\u2019de gastrektomi kolu operasyonuna duyulan talep her ge\u00e7en g\u00fcn artar. Hatta, hem Arap hem de Avrupa \u00fclkelerinden yaln\u0131zca bu operasyon i\u00e7in T\u00fcrkiye\u2019ye gelenler vard\u0131r. Rekabet\u00e7i fiyatlar ve doktorlar\u0131n tecr\u00fcbesi sayesinde sorunsuz bir s\u00fcre\u00e7 ger\u00e7ekle\u015fir. Gastrektomi kolu fiyat hakk\u0131nda net bilgi vermek m\u00fcmk\u00fcn olmasa da fiyatlar\u0131n ortalama 2500 USD oldu\u011funu s\u00f6yleyebiliriz. Yine de hem hastan\u0131n durumuna hem de ameliyat tipine g\u00f6re fiyatlar\u0131n farkl\u0131la\u015fmas\u0131 s\u00f6z konusudur.<\/p>\n","protected":false},"excerpt":{"rendered":"<p>Spor yapmayan, hareketsiz bir ya\u015fam tarz\u0131n\u0131 benimseyen ve zararl\u0131 beslenme al\u0131\u015fkanl\u0131klar\u0131n\u0131 bir t\u00fcrl\u00fc de\u011fi\u015ftirmeyen insanlar fazla kilolar\u0131yla kar\u015f\u0131 kar\u015f\u0131ya kal\u0131rlar. Diyet ve egzersiz sayesinde kilo verilebilir. Ancak, obezite s\u0131n\u0131r\u0131na gelenler i\u00e7in cerrahi y\u00f6ntemler gerekli olur. Mide k\u00fc\u00e7\u00fcltme operasyonlar\u0131n\u0131n her ge\u00e7en g\u00fcn daha \u00e7ok tercih edildi\u011fi g\u00fcn\u00fcm\u00fcz d\u00fcnyas\u0131nda bir\u00e7ok ki\u015finin akl\u0131nda gastrektomi kolu nedir sorusu bulunuyor. [&hellip;]<\/p>\n","protected":false},"author":1,"featured_media":1599,"parent":0,"menu_order":0,"comment_status":"closed","ping_status":"closed","template":"","meta":{"om_disable_all_campaigns":false,"_mi_skip_tracking":false,"footnotes":""},"class_list":["post-1598","page","type-page","status-publish","has-post-thumbnail","hentry"],"_links":{"self":[{"href":"https:\/\/www.healdone.com\/tr\/wp-json\/wp\/v2\/pages\/1598","targetHints":{"allow":["GET"]}}],"collection":[{"href":"https:\/\/www.healdone.com\/tr\/wp-json\/wp\/v2\/pages"}],"about":[{"href":"https:\/\/www.healdone.com\/tr\/wp-json\/wp\/v2\/types\/page"}],"author":[{"embeddable":true,"href":"https:\/\/www.healdone.com\/tr\/wp-json\/wp\/v2\/users\/1"}],"replies":[{"embeddable":true,"href":"https:\/\/www.healdone.com\/tr\/wp-json\/wp\/v2\/comments?post=1598"}],"version-history":[{"count":0,"href":"https:\/\/www.healdone.com\/tr\/wp-json\/wp\/v2\/pages\/1598\/revisions"}],"wp:featuredmedia":[{"embeddable":true,"href":"https:\/\/www.healdone.com\/tr\/wp-json\/wp\/v2\/media\/1599"}],"wp:attachment":[{"href":"https:\/\/www.healdone.com\/tr\/wp-json\/wp\/v2\/media?parent=1598"}],"curies":[{"name":"wp","href":"https:\/\/api.w.org\/{rel}","templated":true}]}}