{"id":1607,"date":"2022-03-23T16:20:59","date_gmt":"2022-03-23T13:20:59","guid":{"rendered":"https:\/\/www.healdone.com\/?page_id=1607\/"},"modified":"2022-03-23T16:20:59","modified_gmt":"2022-03-23T13:20:59","slug":"gastrik-bypass-ameliyati","status":"publish","type":"page","link":"https:\/\/www.healdone.com\/tr\/gastrik-bypass-ameliyati\/","title":{"rendered":"Gastrik Bypass Ameliyat\u0131 Nedir? Kimlere Yap\u0131l\u0131r?"},"content":{"rendered":"<p>Kilo vermek isteyenlerin say\u0131s\u0131 her ge\u00e7en g\u00fcn art\u0131yor. \u0130nsanlar; bilhassa sosyal medyan\u0131n etkisiyle kilo vermek ve \u00e7ok daha iyi bir d\u0131\u015f g\u00f6r\u00fcn\u00fc\u015fe kavu\u015fmak istiyorlar. Diyet ve spor yaparak kilo vermeyi d\u00fc\u015f\u00fcnenler olsa da normale k\u0131yasla \u00e7ok daha kilolu olanlar\u0131n cerrahi bir y\u00f6ntem ile zay\u0131flamalar\u0131 gerekiyor. Gastrik bypass ameliyat\u0131; insanlar\u0131n sorunsuz bir \u015fekilde kilo verebilmeleri ad\u0131na uygulanan bir operasyondur.<\/p>\n<h2>Gastrik Bypass Ameliyat\u0131 Nedir?<\/h2>\n<p>Fazla kilolar\u0131ndan kurtulmak isteyenlerin akl\u0131nda gastrik bypass ameliyat\u0131 nedir sorusu bulunuyor. Bu operasyon s\u0131ras\u0131nda ad\u0131ndan da tahmin edilebilece\u011fi \u00fczere midenin \u00f6nemli bir k\u0131sm\u0131 bypass edilir. Daha k\u00fc\u00e7\u00fck hacimli bir mide b\u00f6l\u00fcm\u00fc haz\u0131rlan\u0131r. S\u00f6z konusu mide k\u0131sm\u0131; ince ba\u011f\u0131rsaklara dikilir. Gastrik bypass ameliyat\u0131; di\u011fer obezite cerrahi se\u00e7eneklerine k\u0131yasla daha avantajl\u0131d\u0131r. Her \u015feyden \u00f6nce, hem mide hacminin k\u00fc\u00e7\u00fclt\u00fclmesi hem de ba\u011f\u0131rsaklar\u0131n bir k\u0131sm\u0131n\u0131n devre d\u0131\u015f\u0131 b\u0131rak\u0131lmas\u0131 s\u00f6z konusudur. Bu sayede, ki\u015finin t\u00fcketmi\u015f oldu\u011fu yiyeceklerin \u00f6nemli bir k\u0131sm\u0131 emilmeden d\u0131\u015far\u0131ya at\u0131l\u0131r. Hastalar; bu durumun bir sonucu olarak daha az g\u0131dayla doyma \u015fans\u0131na eri\u015firler. Buna ek olarak, ald\u0131klar\u0131 g\u0131dan\u0131n bir k\u0131sm\u0131 emilir. Bir ba\u015fka deyi\u015fle, sa\u011fl\u0131kl\u0131 bir \u015fekilde zay\u0131flamak ve obeziteden kurtulmak ad\u0131na tart\u0131\u015fmas\u0131z en iyi se\u00e7enektir.<\/p>\n<h2>Gastrik Bypass Ameliyat\u0131 Nas\u0131l Yap\u0131l\u0131r?<\/h2>\n<p>Obezite s\u0131n\u0131r\u0131n\u0131 \u00e7oktan a\u015fan ki\u015filerin akl\u0131nda gastrik bypass ameliyat\u0131 nas\u0131l yap\u0131l\u0131r sorusu bulunuyor. Di\u011fer obezite ameliyatlar\u0131 gibi kapal\u0131 ameliyat tercih edilir. Bir ba\u015fka deyi\u015fle, laparoskopik y\u00f6ntemin s\u00f6z konusu oldu\u011funu s\u00f6ylemeliyiz. \u0130lk olarak, hastan\u0131n kar\u0131n b\u00f6lgesine k\u00fc\u00e7\u00fck kesiler ger\u00e7ekle\u015ftirilir. S\u00f6z konusu k\u00fc\u00e7\u00fck kesilerden giri\u015f yap\u0131larak ameliyat s\u00fcrecine ba\u015flan\u0131r. Laparoskopik y\u00f6ntemin yan\u0131 s\u0131ra, robotik cerrahi se\u00e7ene\u011finin de bu ameliyatta tercih edilen y\u00f6ntemlerden birisi oldu\u011funu s\u00f6yleyebiliriz.<\/p>\n<p>Gastrik bypass ameliyat\u0131; zannedildi\u011fi gibi zorlu bir operasyon de\u011fildir. Bir cm \u00e7ap\u0131nda yakla\u015f\u0131k 4-6 delikten yap\u0131lan ameliyat genellikle ba\u015far\u0131l\u0131 bir \u015fekilde sonu\u00e7lan\u0131r. T\u00fcp mide ameliyat\u0131 ile benzer \u00f6zellikler ta\u015f\u0131r. \u00c7\u00fcnk\u00fc, her iki ameliyat t\u00fcr\u00fcnde de mide k\u00fc\u00e7\u00fclt\u00fcl\u00fcr. Hatta, midenin yakla\u015f\u0131k y\u00fczde 95\u2019lik k\u0131sm\u0131n\u0131n bypass edilmesi s\u00f6z konusudur. Mide; cerrahi y\u00f6ntemlerle ikiye ayr\u0131l\u0131r. Midenin bir k\u0131sm\u0131; 12 parmak ba\u011f\u0131rsa\u011f\u0131 bypass edilerek ba\u011f\u0131rsa\u011f\u0131n ortalar\u0131na tak\u0131l\u0131r. Midenin di\u011fer k\u0131sm\u0131 ise v\u00fccutta kal\u0131p i\u015flevini yerine getirmeye devam eder. Bu i\u015flem sayesinde t\u00fcketilen g\u0131dalar\u0131n 12 parmak ba\u011f\u0131rsa\u011f\u0131ndan ge\u00e7mesinin \u00f6n\u00fcne ge\u00e7ilir.<br \/>\nHasta; gastrik bypass ameliyat\u0131n\u0131n ard\u0131ndan daha az g\u0131dayla doyma \u015fans\u0131na eri\u015fir. Bunun yan\u0131 s\u0131ra, ald\u0131\u011f\u0131 g\u0131dan\u0131n bir k\u0131sm\u0131 emilir.<\/p>\n<h3>Gastrik Bypass Ameliyat\u0131 Kimlere Yap\u0131l\u0131r?<\/h3>\n<p>Gastrik bypass ameliyat\u0131 kimlere yap\u0131l\u0131r konusu son derece \u00f6nemli! \u00c7\u00fcnk\u00fc, herkesin bu ameliyattan faydalanmas\u0131 m\u00fcmk\u00fcn de\u011fildir.<\/p>\n<ul>\n<li>Obeziteye e\u015flik eden farkl\u0131 hastal\u0131klar\u0131n tedavi edilmesinde de i\u015fe yarayan bir operasyondur. Bilhassa son y\u0131llarda Tip2 diyabet tedavisinde kullan\u0131ld\u0131\u011f\u0131n\u0131 s\u00f6ylemek gerekir. Kontrol alt\u0131na al\u0131namayan Tip2 diyabet vakalar\u0131nda gastrik bypass ameliyat\u0131ndan faydalan\u0131l\u0131r. Bir ba\u015fka deyi\u015fle, bu ameliyat; bir\u00e7ok Tip2 diyabet hastas\u0131n\u0131n hayat\u0131n\u0131 kurtar\u0131r.<\/li>\n<li>V\u00fccut kitle endeksi 40 ve \u00fczerinde olan hastalar i\u00e7in uygun bir operasyon oldu\u011funu s\u00f6ylemek gerekir.<\/li>\n<li>V\u00fccut kitle endeksi 35-40 aral\u0131\u011f\u0131nda olan ve obezitenin yan\u0131 s\u0131ra Tip2 diyabet, uyku apnesi veya hipertansiyon gibi sorunlar\u0131 olan hastalar da gastrik bypass ameliyat\u0131 ile sa\u011fl\u0131klar\u0131na kavu\u015fabilirler.<\/li>\n<\/ul>\n<h2>Gastrik Bypass Ameliyat\u0131 Avantajlar\u0131 Nelerdir?<\/h2>\n<p>Gastrik bypass mide ameliyat\u0131 avantajlar\u0131 ile \u00f6ne \u00e7\u0131kar.<\/p>\n<ul>\n<li>1950\u2019li y\u0131llardan bu yana uyguland\u0131\u011f\u0131 i\u00e7in g\u00fcvenilirli\u011fi kan\u0131tlanm\u0131\u015ft\u0131r.<\/li>\n<li>Hastan\u0131n daha k\u0131sa s\u00fcrede daha \u00e7ok kilo kaybetmesini sa\u011flar. Bilhassa t\u00fcp mide ameliyat\u0131na k\u0131yasla \u00e7ok daha avantajl\u0131d\u0131r.<\/li>\n<li>Diyabet hastalar\u0131 i\u00e7in kurtar\u0131c\u0131 \u00f6zelli\u011fi bulunur.<\/li>\n<li>\u015eiddetli refl\u00fcden \u015fikayet eden hastalar; bu operasyon sayesinde sa\u011fl\u0131klar\u0131na kavu\u015fabilirler.<\/li>\n<li>Fazla mide v\u00fccuttan \u00e7\u0131kar\u0131lmad\u0131\u011f\u0131 i\u00e7in t\u00fcp mide ameliyat\u0131na k\u0131yasla geri d\u00f6n\u00fc\u015f m\u00fcmk\u00fcn hale gelir.<\/li>\n<\/ul>\n<h2>Gastrik Bypass Ameliyat\u0131 Dezavantajlar\u0131 Nelerdir?<\/h2>\n<ul>\n<li>Uzun ve karma\u015f\u0131k bir s\u00fcre\u00e7tir.<\/li>\n<li>Mide; v\u00fccuttan \u00e7\u0131kar\u0131lmad\u0131\u011f\u0131 i\u00e7in hastan\u0131n a\u00e7l\u0131k hissi devam eder. Ancak, a\u00e7l\u0131k hissi olsa dahi yemek yeme kapasitesi olmad\u0131\u011f\u0131 i\u00e7in kilo verme s\u00fcreci s\u00f6z konusudur.<\/li>\n<li>Operasyonun ard\u0131ndan vitamin ve mineral eksikliklerine rastlan\u0131r. \u0130la\u00e7 takviyesi almak \u015fartt\u0131r.<\/li>\n<li>Midede ya\u015fanan soruna m\u00fcdahale edilmesi zordur.<\/li>\n<\/ul>\n<h2>Gastrik Bypass Ameliyat\u0131 Sonras\u0131 Dikkat Edilmesi Gerekenler<\/h2>\n<p>Gastrik bypass ameliyat\u0131 sonras\u0131 beslenme olduk\u00e7a \u00f6nemlidir. G\u00fcnde en az \u00fc\u00e7 \u00f6\u011f\u00fcn yemek yenilmelidir. Protein, meyve, sebze, tam bu\u011fdayl\u0131 tah\u0131l gruplar\u0131n\u0131 i\u00e7eren bir liste olu\u015fturulmal\u0131d\u0131r. \u0130lk iki hafta s\u0131v\u0131 yiyeceklerin t\u00fcketilmesi \u015fartt\u0131r. Ard\u0131ndan, \u00fc\u00e7\u00fcnc\u00fc haftayla beraber p\u00fcre t\u00fcketimine ge\u00e7ilebilir. En az 1.5 litre su t\u00fcketilmelidir. Basit \u015fekerlerden kesinlikle uzak durulmal\u0131d\u0131r. Yumu\u015fak ve berrak yiyecekler tercih edilmelidir. Kat\u0131 ve s\u0131v\u0131 yiyecekler bir anda al\u0131nmamal\u0131d\u0131r. Ayr\u0131ca, hasta; d\u00fczenli olarak kustu\u011funu fark etti\u011fi anda vakit kaybetmeden doktoruna g\u00f6r\u00fcnmelidir.<br \/>\nOperasyonun ard\u0131ndan a\u011f\u0131r kald\u0131rmaktan ka\u00e7\u0131n\u0131lmal\u0131d\u0131r. \u0130ki hafta araba kullanmamak ve dinlenmek gerekir.<\/p>\n<h2>Gastrik Bypass Ameliyat\u0131 Yan Etkileri Nelerdir?<\/h2>\n<p>Gastrik bypass ameliyat\u0131 sonras\u0131 birtak\u0131m riskler ile kar\u015f\u0131la\u015f\u0131labilir.<\/p>\n<ul>\n<li>Kanama, enfeksiyon ve farkl\u0131 komplikasyonlara rastlanabilir.<\/li>\n<li>Mide ve ince ba\u011f\u0131rsak aras\u0131ndaki ba\u011flant\u0131da bir s\u0131z\u0131nt\u0131 meydana gelebilir. Bu y\u00fczden, ikinci bir ameliyata gereksinim duyulur.<\/li>\n<li>Hastan\u0131n akci\u011ferinde ve ayaklar\u0131nda kan p\u0131ht\u0131s\u0131 olu\u015fumuna rastlanabilir.<\/li>\n<\/ul>\n<h2>Gastrik Bypass Ameliyat\u0131 Fiyatlar\u0131<\/h2>\n<p>T\u00fcrkiye\u2019de gastrik bypass ameliyat\u0131 b\u00fcy\u00fck ilgi g\u00f6r\u00fcr. Hatta, Avrupa\u2019n\u0131n farkl\u0131 \u00fclkelerinden insanlar\u0131n dahi bu ameliyat i\u00e7in T\u00fcrkiye\u2019ye geldikleri bilinir. Gastrik bypass ameliyat\u0131 fiyat\u0131; 2022 y\u0131l\u0131nda oldu\u011fumuz \u015fu g\u00fcnlerde 2500 USD olarak ifade edilebilir.<\/p>\n","protected":false},"excerpt":{"rendered":"<p>Kilo vermek isteyenlerin say\u0131s\u0131 her ge\u00e7en g\u00fcn art\u0131yor. \u0130nsanlar; bilhassa sosyal medyan\u0131n etkisiyle kilo vermek ve \u00e7ok daha iyi bir d\u0131\u015f g\u00f6r\u00fcn\u00fc\u015fe kavu\u015fmak istiyorlar. Diyet ve spor yaparak kilo vermeyi d\u00fc\u015f\u00fcnenler olsa da normale k\u0131yasla \u00e7ok daha kilolu olanlar\u0131n cerrahi bir y\u00f6ntem ile zay\u0131flamalar\u0131 gerekiyor. Gastrik bypass ameliyat\u0131; insanlar\u0131n sorunsuz bir \u015fekilde kilo verebilmeleri ad\u0131na [&hellip;]<\/p>\n","protected":false},"author":1,"featured_media":1608,"parent":0,"menu_order":0,"comment_status":"closed","ping_status":"closed","template":"","meta":{"om_disable_all_campaigns":false,"_mi_skip_tracking":false,"footnotes":""},"class_list":["post-1607","page","type-page","status-publish","has-post-thumbnail","hentry"],"_links":{"self":[{"href":"https:\/\/www.healdone.com\/tr\/wp-json\/wp\/v2\/pages\/1607","targetHints":{"allow":["GET"]}}],"collection":[{"href":"https:\/\/www.healdone.com\/tr\/wp-json\/wp\/v2\/pages"}],"about":[{"href":"https:\/\/www.healdone.com\/tr\/wp-json\/wp\/v2\/types\/page"}],"author":[{"embeddable":true,"href":"https:\/\/www.healdone.com\/tr\/wp-json\/wp\/v2\/users\/1"}],"replies":[{"embeddable":true,"href":"https:\/\/www.healdone.com\/tr\/wp-json\/wp\/v2\/comments?post=1607"}],"version-history":[{"count":0,"href":"https:\/\/www.healdone.com\/tr\/wp-json\/wp\/v2\/pages\/1607\/revisions"}],"wp:featuredmedia":[{"embeddable":true,"href":"https:\/\/www.healdone.com\/tr\/wp-json\/wp\/v2\/media\/1608"}],"wp:attachment":[{"href":"https:\/\/www.healdone.com\/tr\/wp-json\/wp\/v2\/media?parent=1607"}],"curies":[{"name":"wp","href":"https:\/\/api.w.org\/{rel}","templated":true}]}}