{"id":19,"date":"2021-10-15T20:29:00","date_gmt":"2021-10-15T17:29:00","guid":{"rendered":"https:\/\/www.healdone.com\/?page_id=19"},"modified":"2022-11-07T10:13:56","modified_gmt":"2022-11-07T07:13:56","slug":"sac-ekimi","status":"publish","type":"page","link":"https:\/\/www.healdone.com\/tr\/sac-ekimi\/","title":{"rendered":"Sa\u00e7 Ekimi"},"content":{"rendered":"<p>Siz de sa\u00e7 ekimi sayesinde do\u011fal, \u0131\u015f\u0131lt\u0131l\u0131 ve eskisinden \u00e7ok daha sa\u011fl\u0131kl\u0131 sa\u00e7lara sahip olabilirsiniz. Seyrelme ve kellik sorununu \u00e7\u00f6zen sa\u00e7 ekimi her ge\u00e7en g\u00fcn daha \u00e7ok pop\u00fcler oluyor. T\u00fcrkiye; sa\u00e7 ekimi konusunda Avrupa\u2019n\u0131n hatta d\u00fcnyan\u0131n \u00f6nde gelen \u00fclkelerinden birisidir. Farkl\u0131 \u00fclkelerden insanlar sa\u00e7 ekimi hizmeti almak ad\u0131na T\u00fcrkiye\u2019ye geliyorlar. \u0130stanbul Beylikd\u00fcz\u00fc\u2019nde yer alan Healdone; T\u00fcrkiye\u2019de sa\u00e7 ekimi operasyonu ger\u00e7ekle\u015ftirilebilecek en iyi merkezlerin ba\u015f\u0131nda geliyor.<\/p>\n<h2>Sa\u00e7 Ekimi Nedir?<\/h2>\n<p>Ba\u015f\u0131n arkas\u0131ndan veya yanlar\u0131ndan al\u0131nan sa\u00e7 k\u00f6klerinin kellik veya seyrelme olan b\u00f6lgelere nakledilmesi i\u015flemine sa\u00e7 ekimi ad\u0131 verilir. Lokal anestezinin etkisi alt\u0131nda ger\u00e7ekle\u015fir. Cerrahi bir operasyondur. Sa\u00e7 ekimi \u00e7e\u015fitleri; y\u00fczde y\u00fcze yak\u0131n verimlilik oran\u0131yla dikkat \u00e7eker.<\/p>\n<h3>Greft Nedir?<\/h3>\n<p>Greft; zannedildi\u011fi gibi sa\u00e7 k\u00f6k\u00fc de\u011fildir. \u0130\u00e7erisinde deri ve sa\u00e7 k\u00f6kleri bulunduran bir yap\u0131d\u0131r. Bir greft i\u00e7erisinde bir veya d\u00f6rt adet sa\u00e7 k\u00f6k\u00fc yer al\u0131r. Ayr\u0131ca, tekli, \u00e7ift, \u00fc\u00e7l\u00fc ve d\u00f6rtl\u00fc olmak \u00fczere d\u00f6rt \u00e7e\u015fit greft t\u00fcr\u00fc vard\u0131r.<\/p>\n<h2>Sa\u00e7 Ekimi Kimlere Uygulanabilir?<\/h2>\n<p>Sa\u00e7 ekimi; \u015fiddetli bir sa\u00e7 d\u00f6k\u00fclmesinden muzdarip olan herkes i\u00e7in uygun bir i\u015flemdir. Bunun yan\u0131 s\u0131ra, 25 ya\u015f\u0131ndan b\u00fcy\u00fck olan herkese hitap eder. Ki\u015finin g\u00fc\u00e7l\u00fc bir don\u00f6r alan\u0131na sahip olmas\u0131 gerekir. Ayr\u0131ca, operasyondan faydalanmay\u0131 engelleyecek t\u00fcrden bir sa\u011fl\u0131k problemi olmamal\u0131d\u0131r.<\/p>\n<h2>Sa\u00e7 Ekimi Nas\u0131l Yap\u0131l\u0131r?<\/h2>\n<p>Bir\u00e7ok ki\u015finin akl\u0131nda sa\u00e7 ekimi nas\u0131l yap\u0131l\u0131r sorusu yer al\u0131r. Seyrelme veya kelle\u015fmenin oldu\u011fu alanlara sa\u011fl\u0131kl\u0131 sa\u00e7 k\u00f6klerinin mikro cerrahi y\u00f6ntemlerle nakledilmesi sa\u00e7 ekimi olarak adland\u0131r\u0131l\u0131r. Sa\u00e7 ekimi; ki\u015fiye \u00f6zel olarak planlanan bir i\u015flemdir. Bilhassa ense b\u00f6lgesindeki d\u00f6k\u00fclmeye kar\u015f\u0131 diren\u00e7li olan sa\u00e7 k\u00f6kleri toplan\u0131r. Ard\u0131ndan, sa\u00e7 k\u00f6kleri; seyrelme veya kellik meydana gelen b\u00f6lgelerde a\u00e7\u0131lan kanallara ekilir.<\/p>\n<h2>Sa\u00e7 Ekimi A\u015famalar\u0131 Nelerdir?<\/h2>\n<p>Sa\u00e7 ekimi a\u015famalar\u0131 alt\u0131 farkl\u0131 evreden ibarettir. Haz\u0131rl\u0131k, planlama, b\u00f6lgesel anestezi, greft toplanmas\u0131, kanal a\u00e7\u0131lmas\u0131 ve sa\u00e7 k\u00f6klerinin ekilmesi olmak \u00fczere alt\u0131 farkl\u0131 a\u015fama ile sa\u00e7 ekimine y\u00f6n verilir.<\/p>\n<h2>Sa\u00e7 Ekimi \u00d6ncesi Haz\u0131rl\u0131k Nas\u0131l Yap\u0131l\u0131r?<\/h2>\n<p>Sa\u00e7 ekimi \u00f6ncesi hastan\u0131n operasyona haz\u0131r hale getirilmesi gerekir. Haz\u0131rl\u0131k s\u00fcrecinde ilk olarak kan testi ve sa\u00e7 analizi yap\u0131l\u0131r. Ard\u0131ndan, hastan\u0131n sa\u00e7lar\u0131 t\u0131ra\u015f edilir. Bir sonraki a\u015famada, hangi b\u00f6lgeye ne kadar greft ekilece\u011fine karar verilir. Ayr\u0131ca, sa\u00e7lar i\u00e7in \u00f6n sa\u00e7 \u00e7izgisi belirlenir. Lokal anestezi ile operasyona ba\u015flan\u0131r.<br \/>\nSa\u00e7 ekimi \u00f6ncesi haz\u0131rl\u0131k a\u015famas\u0131nda hastan\u0131n vitamin takviyesine ihtiyac\u0131 olabilir. Bunun yan\u0131 s\u0131ra, alkol ve sigara kullan\u0131m\u0131 da bir s\u00fcreli\u011fine b\u0131rak\u0131lmal\u0131d\u0131r. Kafeinli i\u00e7eceklerden, aspirin ve benzeri ila\u00e7lardan kesinlikle uzak durulmal\u0131d\u0131r. Son olarak, operasyon \u00f6ncesinde a\u011f\u0131r yemekler t\u00fcketilmemelidir.<\/p>\n<h2>Sa\u00e7 Ekimi Sonras\u0131 Dikkat Edilmesi Gerekenler<\/h2>\n<p>Sa\u00e7 ekimi sonras\u0131 ki\u015finin dinlenmesi ve evde zaman ge\u00e7irmesi \u00f6nerilir. D\u00fczenli olarak a\u011fr\u0131 kesici kullan\u0131larak olu\u015fan a\u011fr\u0131lar\u0131n \u00fcstesinden gelinebilir. Ekim yap\u0131lan b\u00f6lgeye kesinlikle m\u00fcdahale edilmemelidir. Ba\u015f; muhtemel darbelere kar\u015f\u0131 korunmal\u0131d\u0131r. G\u00fcne\u015ften korunmak \u00f6nem ta\u015f\u0131r.<br \/>\nSa\u00e7 ekimi sonras\u0131 y\u0131kama i\u015flemi \u00fc\u00e7\u00fcnc\u00fc g\u00fcnden itibaren ba\u015flamal\u0131d\u0131r. Ayr\u0131ca, \u015fapka tak\u0131larak d\u0131\u015far\u0131ya \u00e7\u0131k\u0131lmal\u0131d\u0131r.<\/p>\n<h2>Sa\u00e7 Ekimi T\u00fcrleri\/Y\u00f6ntemleri<\/h2>\n<p>Sa\u00e7 ekimi y\u00f6ntemleri farkl\u0131l\u0131k g\u00f6sterir. A\u015fa\u011f\u0131daki y\u00f6ntemler yayg\u0131n olarak kullan\u0131l\u0131r.<\/p>\n<h3>Safir FUE Sa\u00e7 Ekimi<\/h3>\n<p>Di\u011fer sa\u00e7 ekimi y\u00f6ntemlerinin eksiklerini kapatmay\u0131 hedefler. Hassas bir kalemin ucunda yer alan k\u00fc\u00e7\u00fck sivri u\u00e7lu safir ta\u015f\u0131n kullan\u0131ld\u0131\u011f\u0131 pop\u00fcler bir y\u00f6ntemdir. Tek seansta en az 6000 k\u00f6k ekilmesi ile ne kadar avantajl\u0131 bir y\u00f6ntem oldu\u011funu g\u00f6sterir. Son olarak, di\u011fer sa\u00e7 ekimi y\u00f6ntemleri ile k\u0131yasland\u0131\u011f\u0131nda uygun fiyatl\u0131d\u0131r.<\/p>\n<h3>Soft FUE Sa\u00e7 Ekimi<\/h3>\n<p>Bu y\u00f6ntem s\u0131ras\u0131nda sedasyon tekni\u011finden faydalan\u0131l\u0131r. Operasyon s\u0131ras\u0131nda hastan\u0131n bilinci a\u00e7\u0131kt\u0131r. \u0130lk olarak, hastan\u0131n sa\u00e7 derisi dezenfekte edilir. Ard\u0131ndan, hastaya daha \u00f6nce de s\u00f6yledi\u011fimiz gibi soft sedasyon uygulan\u0131r. Don\u00f6r b\u00f6lgeden sa\u00e7 k\u00f6kleri al\u0131narak seyrelme veya kelle\u015fmenin oldu\u011fu b\u00f6lgede a\u00e7\u0131lan kanallara ekilir.<\/p>\n<h3>DHI Sa\u00e7 Ekimi<\/h3>\n<p>Choi ad\u0131ndaki medikal kalem kullan\u0131larak greftler toplan\u0131r. Ard\u0131ndan, elde edilen sa\u00e7 k\u00f6kleri; yine bu kalem yard\u0131m\u0131yla cilde do\u011frudan yerle\u015ftirilir.<\/p>\n<h3>TDF Sa\u00e7 Ekimi<\/h3>\n<p>Sa\u00e7 a\u00e7\u0131kl\u0131\u011f\u0131 normalden fazla olan erkeklere iki g\u00fcn \u00fcst \u00fcste iki seans boyunca sa\u00e7 ekimi yap\u0131l\u0131r. Sa\u00e7\u0131n \u00f6n ve arka b\u00f6lgelerinin a\u00e7\u0131k oldu\u011fu hallerde \u00e7ok i\u015fe yarar.<\/p>\n<h3>Sa\u00e7 Lazeri<\/h3>\n<p>Bu y\u00f6ntem ile zay\u0131flam\u0131\u015f sa\u00e7 k\u00f6kleri uyar\u0131l\u0131r. Bu sayede, kan dola\u015f\u0131m\u0131 h\u0131zlan\u0131r. Bir ba\u015fka deyi\u015fle, sa\u00e7 \u00fcretemeyen h\u00fccreler yeniden canlan\u0131r. Sa\u00e7 \u00fcretimi aktifle\u015fir.<\/p>\n<h2>Sa\u00e7 Ekimi Ka\u00e7 Y\u0131l Dayan\u0131r?<\/h2>\n<p>Bir\u00e7ok ki\u015fi; sa\u00e7 ekimi ka\u00e7 y\u0131l dayan\u0131r sorusunun cevab\u0131n\u0131 merak ediyor. Bu noktada, greftler; sa\u00e7lar\u0131n genetik olarak d\u00f6k\u00fclmeyen b\u00f6lgesinden al\u0131nd\u0131\u011f\u0131 i\u00e7in sa\u00e7 ekim i\u015fleminin bir \u00f6m\u00fcr kal\u0131c\u0131 oldu\u011funu s\u00f6ylemek gerekir.<\/p>\n<h3>Ekilen Sa\u00e7 D\u00f6k\u00fcl\u00fcr M\u00fc?<\/h3>\n<p>Sa\u00e7 ekimi sonu\u00e7lar\u0131 genellikle olumludur. Ekim i\u015fleminin ard\u0131ndan ortaya sa\u00e7 d\u00f6k\u00fclmesi sorunu \u00e7\u0131kabilir. Ancak, bu husus; sa\u00e7 ekim s\u00fcrecinin bir gere\u011fidir. \u0130lerleyen d\u00f6nemlerde ekilen sa\u00e7lar\u0131n d\u00f6k\u00fclmesine kesinlikle rastlanmaz.<\/p>\n<h3>\u015eok D\u00f6k\u00fclme Nedir?<\/h3>\n<p>\u015eok d\u00f6k\u00fclme; sa\u00e7 ekimi operasyonu s\u0131ras\u0131nda seyrelme veya kellik olu\u015fan b\u00f6lgelere nakledilen sa\u00e7 k\u00f6klerinin \u00fczerinde bulunan sa\u00e7 tellerinin operasyonun ard\u0131ndan d\u00f6k\u00fclmesidir. Do\u011fal bir s\u00fcre\u00e7tir. Operasyon ge\u00e7iren ki\u015finin endi\u015felenmesini gerektirecek bir durum yoktur.<\/p>\n<h2>Sa\u00e7 Ekimi Fiyatlar\u0131<\/h2>\n<p>2022 y\u0131l\u0131nda oldu\u011fumuz \u015fu g\u00fcnlerde sa\u00e7 ekimi fiyatlar\u0131 merak ediliyor. Bu noktada, bir operasyonun maliyetinin ortalama 1500 dolar oldu\u011funu s\u00f6ylemeliyiz.<\/p>\n<h3>1 Greft Ka\u00e7 TL?<\/h3>\n<p>2 TL ila 6 TL aras\u0131nda de\u011fi\u015fir. \u015eehre ve sa\u00e7 ekimi merkezine g\u00f6re farkl\u0131l\u0131k g\u00f6sterir.<\/p>\n","protected":false},"excerpt":{"rendered":"<p>Siz de sa\u00e7 ekimi sayesinde do\u011fal, \u0131\u015f\u0131lt\u0131l\u0131 ve eskisinden \u00e7ok daha sa\u011fl\u0131kl\u0131 sa\u00e7lara sahip olabilirsiniz. Seyrelme ve kellik sorununu \u00e7\u00f6zen sa\u00e7 ekimi her ge\u00e7en g\u00fcn daha \u00e7ok pop\u00fcler oluyor. T\u00fcrkiye; sa\u00e7 ekimi konusunda Avrupa\u2019n\u0131n hatta d\u00fcnyan\u0131n \u00f6nde gelen \u00fclkelerinden birisidir. Farkl\u0131 \u00fclkelerden insanlar sa\u00e7 ekimi hizmeti almak ad\u0131na T\u00fcrkiye\u2019ye geliyorlar. \u0130stanbul Beylikd\u00fcz\u00fc\u2019nde yer alan Healdone; [&hellip;]<\/p>\n","protected":false},"author":1,"featured_media":1629,"parent":0,"menu_order":0,"comment_status":"closed","ping_status":"closed","template":"page.php","meta":{"om_disable_all_campaigns":false,"_mi_skip_tracking":false,"footnotes":""},"class_list":["post-19","page","type-page","status-publish","has-post-thumbnail","hentry"],"_links":{"self":[{"href":"https:\/\/www.healdone.com\/tr\/wp-json\/wp\/v2\/pages\/19","targetHints":{"allow":["GET"]}}],"collection":[{"href":"https:\/\/www.healdone.com\/tr\/wp-json\/wp\/v2\/pages"}],"about":[{"href":"https:\/\/www.healdone.com\/tr\/wp-json\/wp\/v2\/types\/page"}],"author":[{"embeddable":true,"href":"https:\/\/www.healdone.com\/tr\/wp-json\/wp\/v2\/users\/1"}],"replies":[{"embeddable":true,"href":"https:\/\/www.healdone.com\/tr\/wp-json\/wp\/v2\/comments?post=19"}],"version-history":[{"count":0,"href":"https:\/\/www.healdone.com\/tr\/wp-json\/wp\/v2\/pages\/19\/revisions"}],"wp:featuredmedia":[{"embeddable":true,"href":"https:\/\/www.healdone.com\/tr\/wp-json\/wp\/v2\/media\/1629"}],"wp:attachment":[{"href":"https:\/\/www.healdone.com\/tr\/wp-json\/wp\/v2\/media?parent=19"}],"curies":[{"name":"wp","href":"https:\/\/api.w.org\/{rel}","templated":true}]}}