{"id":191,"date":"2021-11-10T19:30:20","date_gmt":"2021-11-10T16:30:20","guid":{"rendered":"https:\/\/www.healdone.com\/?page_id=191"},"modified":"2021-12-14T19:35:47","modified_gmt":"2021-12-14T16:35:47","slug":"gizlilik-politikasi","status":"publish","type":"page","link":"https:\/\/www.healdone.com\/tr\/gizlilik-politikasi\/","title":{"rendered":"Gizlilik Politikas\u0131"},"content":{"rendered":"<p>Bilgileriniz, Sa\u011fl\u0131\u011f\u0131n\u0131z, Haklar\u0131n\u0131z, bizim sorumlulu\u011fumuzdur.<\/p>\n<p>Heal Done klinik&#8217;te felsefemiz \u201c\u00d6nce m\u00fc\u015fteri\u201ddir. Verdi\u011fimiz her karar, ki\u015fisel bilgilerinizi nas\u0131l toplad\u0131\u011f\u0131m\u0131z, muhafaza etti\u011fimiz ve kulland\u0131\u011f\u0131m\u0131z da dahil olmak \u00fczere bu temel ilkeye dayanmaktad\u0131r. G\u00fcvenle kaydolman\u0131z\u0131 ve ki\u015fisel gizlili\u011finiz konusunda bilgilendirilmenizi ve yetkilendirilmenizi istiyoruz.<\/p>\n<p>Emin olun,<\/p>\n<p>\u2013 Bilginiz veya onay\u0131n\u0131z olmadan sizden ki\u015fisel bilgi toplamayaca\u011f\u0131z.<\/p>\n<p>\u2013 Bu gizlilik politikas\u0131nda belirtilenler d\u0131\u015f\u0131nda, ki\u015fisel bilgilerinizi bilerek \u00fc\u00e7\u00fcnc\u00fc bir tarafa if\u015fa etmeyece\u011fiz.<\/p>\n<p>\u2013 Ki\u015fisel bilgilerinizi incelemenize ve d\u00fczeltmenize izin verece\u011fiz.<\/p>\n<p>&#8211; Sa\u011flad\u0131\u011f\u0131n\u0131z herhangi bir ki\u015fisel bilginin g\u00fcvenli\u011fini korumak i\u00e7in her t\u00fcrl\u00fc makul \u00f6nlemi alaca\u011f\u0131z.<\/p>\n<p>\u2013 Sa\u011flad\u0131\u011f\u0131n\u0131z herhangi bir ki\u015fisel bilginin gizlili\u011finin ihlal edilmi\u015f olabilece\u011finden \u015f\u00fcphelenirsek sizi bilgilendirece\u011fiz.<\/p>\n<p>Gizlilik ve gizlilik konusundaki endi\u015feleriniz bizim i\u00e7in bir \u00f6nceliktir; bu nedenle, bu politikay\u0131, kendinizi g\u00fcvende ve g\u00fcvende hissetmeniz i\u00e7in en y\u00fcksek g\u00fcvenlik ve gizlilik kriterlerini elde edecek \u015fekilde belirledik.<\/p>\n<p>Bilgilerinizi bize iletti\u011finizde, size \u00fccretsiz dan\u0131\u015fmanl\u0131k hizmeti sunman\u0131n yan\u0131 s\u0131ra size daha iyi hizmetler sunabilece\u011fiz ve tekliflerimizden haberdar olman\u0131z\u0131 sa\u011flayaca\u011f\u0131z, bunu yapt\u0131\u011f\u0131n\u0131zda; bilgilerinizle bize g\u00fcveniyorsunuz. Bu Gizlilik Politikas\u0131, verilerinizi neden toplad\u0131\u011f\u0131m\u0131z\u0131 ve bunlarla ne yapt\u0131\u011f\u0131m\u0131z\u0131 anlaman\u0131za yard\u0131mc\u0131 olmay\u0131 ama\u00e7lamaktad\u0131r. Bu bizim i\u00e7in oldu\u011fu kadar sizin i\u00e7in de \u00f6nemli; dikkatli bir \u015fekilde okumak i\u00e7in zaman ay\u0131raca\u011f\u0131n\u0131z\u0131 umuyoruz. Bilgileri nas\u0131l kulland\u0131\u011f\u0131m\u0131z konusunda net olman\u0131z\u0131 ve ayr\u0131ca gizlili\u011finizi korudu\u011fumuzdan emin olman\u0131z\u0131 istiyoruz.<\/p>\n<p><strong>Gizlilik Politikam\u0131z \u015funlar\u0131 a\u00e7\u0131klar:<\/strong><\/p>\n<p><strong>Tarama<\/strong><\/p>\n<p>Bu web sitesi, ki\u015fisel cihaz\u0131n\u0131zdan \u00f6zel verilerinizi toplamak i\u00e7in olu\u015fturulmam\u0131\u015ft\u0131r ve t\u00fcm bilgileriniz, bilginiz ve onay\u0131n\u0131z \u00fczerine kullan\u0131lacakt\u0131r.<\/p>\n<p><strong>IP Adresiniz<\/strong><\/p>\n<p>Web sitemiz dahil herhangi bir web sitesinde gezinirken; ana sunucu IP adresinizi, tarama tarih ve saatinizi, taray\u0131c\u0131n\u0131z\u0131 ve sizi HealDone&#8217;un web sitesine y\u00f6nlendiren web sitesinin URL&#8217;sini kaydedecektir.<\/p>\n<p><strong>Data Analyzing<\/strong><\/p>\n<p>Hizmetlerimizi de\u011ferlendirebilmek ve iyile\u015ftirebilmek i\u00e7in web sitemiz arac\u0131l\u0131\u011f\u0131yla baz\u0131 veri analiz prosed\u00fcrleri y\u00fcr\u00fct\u00fcyoruz, g\u00f6r\u00fc\u015fleriniz her zaman \u00f6nemlidir ve bize geri bildiriminizi g\u00f6nderirken ki\u015fisel verilerinizden bahsetmemekte her zaman \u00f6zg\u00fcr oldu\u011funuzu unutmay\u0131n.<\/p>\n<p><strong>Veri gizlili\u011fi<\/strong><\/p>\n<p>Ki\u015fisel verileriniz her zaman emin ellerde olacakt\u0131r, kullan\u0131c\u0131lar\u0131m\u0131z\u0131 ad\u0131n\u0131z, ileti\u015fim bilgileriniz ve foto\u011fraflar\u0131n\u0131z dahil olmak \u00fczere herhangi bir verinize yetkisiz eri\u015fimden veya yetkisiz de\u011fi\u015fiklikten korumak i\u00e7in \u00e7ok \u00e7al\u0131\u015f\u0131yoruz.<\/p>\n<p>&nbsp;<\/p>\n<p><strong>Taleplerinizi \u0130\u015flemek i\u00e7in \u0130htiyac\u0131m\u0131z Olan Veriler<\/strong><\/p>\n<p>Ki\u015fisel verilerinizden herhangi birine ihtiyac\u0131m\u0131z oldu\u011funda; taleplerinizi i\u015fleme koymak i\u00e7in sizinle ileti\u015fim kurmam\u0131z gereken veriler gibi bunlar\u0131 isteyece\u011fiz ve \u00f6nceden yaz\u0131l\u0131 onay\u0131n\u0131z olmadan verilerinizi asla pazarlama amac\u0131yla \u00fc\u00e7\u00fcnc\u00fc bir tarafa satmayaca\u011f\u0131m\u0131zdan emin olun. istatistikler veya ara\u015ft\u0131rmalar i\u00e7in kullanabilece\u011fimiz, ki\u015fisel olarak tan\u0131mlanamayan bir grup bilgi.<\/p>\n<p><strong>\u0130leti\u015fim Bilgileriniz<\/strong><\/p>\n<p>Bilgileriniz \u00f6zel olarak kabul edilecektir. Web sitemiz arac\u0131l\u0131\u011f\u0131yla g\u00f6nderdi\u011finiz ba\u015fvurular, i\u015fleri daha iyi hale getirmemize yard\u0131mc\u0131 olur, bize hizmetlerimizi nereye y\u00f6nlendirece\u011fimizi s\u00f6yler. Sa\u011flad\u0131\u011f\u0131n\u0131z bilgiler size \u00fccretsiz dan\u0131\u015fmanl\u0131k sunmak, soru ve endi\u015felerinizi yan\u0131tlamak, bu web sitesi veya alt sitelerinden herhangi biri taraf\u0131ndan taleplerinizi i\u015fleme koymak i\u00e7in kullan\u0131lacakt\u0131r.<\/p>\n<p><strong>Bilgi Korunmas\u0131<\/strong><\/p>\n<p>Kanunen gerekli olmad\u0131k\u00e7a, ki\u015fisel verilerinizi \u00fc\u00e7\u00fcnc\u00fc taraflara satmay\u0131z veya ba\u015fka bir \u015fekilde pazarlamay\u0131z.<\/p>\n<p><strong>K\u0130\u015e\u0130SEL VER\u0130LER\u0130N KORUNMASI<\/strong><\/p>\n<p>6698 say\u0131l\u0131 Ki\u015fisel Verilerin Korunmas\u0131 Kanunu (\u201cKVKK\u201d) uyar\u0131nca, ger\u00e7ek bir ki\u015finin kimli\u011finin belirli veya belirlenebilir olmas\u0131na hizmet eden her t\u00fcrl\u00fc bilgi ki\u015fisel veri kapsam\u0131ndad\u0131r. HealDone klinik Sa\u011fl\u0131k Turizmi Ltd. \u015eti (HealDone) nezdinde a\u015fa\u011f\u0131da a\u00e7\u0131klanan ki\u015fisel verilerinizin i\u015flenme ama\u00e7lar\u0131, hukuki sebepleri, toplama y\u00f6ntemleri, kimlere ve hangi ama\u00e7larla aktar\u0131labilece\u011fi konusunda sizleri bilgilendirmek isteriz. , ve bunlara ba\u011fl\u0131 veya bunlardan ba\u011f\u0131ms\u0131z olarak Ki\u015fisel Verilerin Korunmas\u0131 Kanunu kapsam\u0131nda size tan\u0131nan haklar.<\/p>\n<p><strong>Ki\u015fisel Verilerin Toplanma Y\u00f6ntemleri ve Hukuki Sebebi<\/strong><\/p>\n<p>(Heal Done) taraf\u0131ndan veri sorumlusu s\u0131fat\u0131yla, web sitesi, mobil uygulamalar, \u00e7a\u011fr\u0131 merkezi, ma\u011fazalar, sosyal medya kanallar\u0131, do\u011frudan veya yetkili ileti\u015fim kanallar\u0131 ve fiziksel kanallar gibi farkl\u0131 kanallarda ger\u00e7ekle\u015ftirilen hizmet s\u00fcre\u00e7lerindeki y\u00f6ntemler arac\u0131l\u0131\u011f\u0131yla; bu kanallar\u0131 kullanarak ki\u015fisel verileriniz, size kaliteli hizmetlerimizi sunma imkan\u0131na sahip olan ilgili mevzuat, s\u00f6zle\u015fmeler, talepler, ticari uygulamalar ve d\u00fcr\u00fcstl\u00fck kurallar\u0131na uygun olarak olu\u015fturulan ve y\u00fcr\u00fct\u00fclen s\u00f6zl\u00fc, yaz\u0131l\u0131 veya elektronik y\u00f6ntemlerle toplanmaktad\u0131r. i\u015f ve ticari faaliyetlerimizi bu \u00e7er\u00e7evede y\u00fcr\u00fctmek.<\/p>\n<p>Bu kapsamda ki\u015fisel ve sa\u011fl\u0131k verileriniz (HealDone) veya (HealDone) ad\u0131na veri i\u015fleyen ger\u00e7ek veya t\u00fczel ki\u015filer taraf\u0131ndan yaz\u0131l\u0131 veya elektronik ortamda a\u015fa\u011f\u0131daki y\u00f6ntemlerle toplanabilecektir;<\/p>\n<ul>\n<li>Elektronik veya fiziki olarak doldurdu\u011funuz \u00fcyelik formu,<\/li>\n<li>\u00dcyelik veya giri\u015f s\u0131ras\u0131nda web sitelerimize giri\u015f yapman\u0131z\u0131 sa\u011flayan sosyal a\u011flar,<\/li>\n<li>Web sitelerimizde veya \u00fc\u00e7\u00fcnc\u00fc \u015fah\u0131slar\u0131n web sitelerinde bizimle ileti\u015fime ge\u00e7mek i\u00e7in doldurdu\u011funuz ileti\u015fim formlar\u0131,<\/li>\n<li>Online al\u0131\u015fveri\u015f uygulamalar\u0131, sizi tan\u0131mlamak i\u00e7in kullan\u0131lan \u00e7erezler, mobil uygulamalar\u0131m\u0131z,<\/li>\n<li>\u015eirketimiz ile imzalam\u0131\u015f oldu\u011funuz muhtelif s\u00f6zle\u015fmeler ile \u015firketimize g\u00f6ndermi\u015f oldu\u011funuz her t\u00fcrl\u00fc e-posta, talep, i\u015f emri, faks ve mektuplar\u0131n\u0131z,<\/li>\n<li>\u015eirketimiz ad\u0131na veri i\u015fleyen veya \u00fcyelik program\u0131 s\u00fcrecinin herhangi bir a\u015famas\u0131nda \u015firketimizi destekleyen \u00fc\u00e7\u00fcnc\u00fc ki\u015fi \u015firket(ler)i,<\/li>\n<li>\u00c7al\u0131\u015fanlar\u0131m\u0131z, dijital pazarlama ve \u00e7a\u011fr\u0131 merkezini i\u00e7eren m\u00fc\u015fteri hizmetleri kanallar\u0131m\u0131z,<\/li>\n<li>Sosyal medya kanallar\u0131, Google vb. arama motorlar\u0131n\u0131n kullan\u0131m\u0131,<\/li>\n<li>\u00dcyelik s\u00f6zle\u015fmeleri ve di\u011fer s\u00f6zle\u015fmeler, kampanyalar, uygulamalar, formlar, teklifler,<\/li>\n<li>Hizmet a\u011f\u0131m\u0131z ve ilgili dan\u0131\u015fmanlar ve \u00fc\u00e7\u00fcnc\u00fc taraflar<\/li>\n<\/ul>\n<p>Yukar\u0131da belirtilen y\u00f6ntemlere uygun olarak ki\u015fisel verileriniz, sizinle bir s\u00f6zle\u015fme yap\u0131lmas\u0131 halinde, s\u00f6zle\u015fmenin kurulmas\u0131 ve s\u00f6zle\u015fmenin devam\u0131nda s\u00f6zle\u015fmenin ifas\u0131 i\u00e7in gerekli olan verileriniz a\u00e7\u0131k a\u00e7\u0131k beyan\u0131n\u0131z olmaks\u0131z\u0131n i\u015flenecektir. 5\/2 (c) maddesindeki \u201cS\u00f6zle\u015fmenin kurulmas\u0131 veya ifas\u0131yla do\u011frudan do\u011fruya ilgili olmak kayd\u0131yla, s\u00f6zle\u015fmenin taraflar\u0131na ait ki\u015fisel verilerin i\u015flenmesinin gerekli oldu\u011fu hal\u201d istisnas\u0131na dayal\u0131 r\u0131za, Ki\u015fisel Verilerin Korunmas\u0131 Kanunu&#8217;nun.<\/p>\n<p>HealDone ile aran\u0131zdaki s\u00f6zle\u015fmenin kurulmas\u0131 veya ifas\u0131 i\u00e7in gerekli olan ki\u015fisel verileriniz d\u0131\u015f\u0131ndaki t\u00fcm ki\u015fisel verileriniz, bu metni okuduktan sonra a\u00e7\u0131k r\u0131zan\u0131z\u0131 vermeniz halinde a\u00e7\u0131k r\u0131zan\u0131za ba\u011fl\u0131 olarak i\u015flenecektir. Taraf\u0131n\u0131zla yap\u0131lan s\u00f6zle\u015fmenin kurulmas\u0131 s\u0131ras\u0131nda veya s\u00f6zle\u015fmenin devam\u0131nda s\u00f6zle\u015fmenin ifas\u0131 i\u00e7in gerekli olan ki\u015fisel verileriniz d\u0131\u015f\u0131nda ki\u015fisel verilerinizin i\u015flenmesine a\u00e7\u0131k r\u0131za g\u00f6stermeme hakk\u0131n\u0131z oldu\u011funu belirtmek isteriz. ve bu a\u00e7\u0131k r\u0131zan\u0131n sizinle bir s\u00f6zle\u015fme yapmak veya \u00fcr\u00fcnleri sat\u0131n alman\u0131z i\u00e7in bir \u00f6n ko\u015ful olmad\u0131\u011f\u0131n\u0131 da belirtmek isteriz.<\/p>\n<p><strong>Ki\u015fisel verilerin i\u015flenmesi ve i\u015flenme ama\u00e7lar\u0131<\/strong><\/p>\n<p>(HealDone) olarak, ki\u015fisel verileriniz ve\/veya \u00f6zel olarak s\u0131n\u0131fland\u0131r\u0131lan verileriniz yukar\u0131da belirtilen y\u00f6ntemlerle elde edilebilir, kaydedilebilir, saklanabilir, saklanabilir, de\u011fi\u015ftirilebilir, g\u00fcncellenebilir, periyodik olarak kontrol edilebilir, yeniden d\u00fczenlenebilir, s\u0131n\u0131fland\u0131r\u0131labilir, gerekli s\u00fcre boyunca saklanabilir. i\u015flendikleri ama\u00e7la veya ilgili kanunda \u00f6ng\u00f6r\u00fclen s\u00fcreler i\u00e7in, a\u015fa\u011f\u0131da detaylar\u0131 belirtilen \u00fc\u00e7\u00fcnc\u00fc ki\u015filerle payla\u015f\u0131l\u0131r\/aktar\u0131l\u0131r, hukuki veya hizmete ba\u011fl\u0131 olarak fiili zorunluluklar olmas\u0131 halinde.<\/p>\n<p>Ki\u015fisel verilerinizi her hal\u00fckarda 6698 say\u0131l\u0131 Ki\u015fisel Verilerin Korunmas\u0131 Kanunu ve ilgili mevzuata uygun olarak ve (HealDone) m\u00fc\u015fterilerimizin markalar\u0131m\u0131z\u0131n hizmetlerinden faydalanmas\u0131, tespit edilmesi gibi ama\u00e7larla i\u015fleyebilece\u011fimizi bildiririz. ticari ve pazarlama stratejilerimizi geli\u015ftirmek, kampanyalar\u0131m\u0131z hakk\u0131nda sizi bilgilendirmek, \u00f6neri ve \u015fikayetlerinizi kay\u0131t alt\u0131na almak, sizi daha yak\u0131ndan tan\u0131yarak ihtiya\u00e7lar\u0131n\u0131z do\u011frultusunda hizmet vermek, reklam ve tan\u0131t\u0131m faaliyetlerimizin y\u00fcr\u00fct\u00fclmesine \u00f6nc\u00fcl\u00fck etmek, hizmet faaliyetleri i\u00e7in analiz ve profilleme yapmak, sizin i\u00e7in daha iyi hizmet standartlar\u0131 olu\u015fturmak, (HealDone) ticari ve i\u015f stratejilerinin belirlenmesi ve uygulanmas\u0131.<\/p>\n<p><strong>Ki\u015fisel Verilerin \u00dc\u00e7\u00fcnc\u00fc Ki\u015filere ve Yurtd\u0131\u015f\u0131na Aktar\u0131lmas\u0131<\/strong><\/p>\n<p>(HealDone), Ki\u015fisel Verilerin Korunmas\u0131 Kanunu (KVKK) ve ilgili mevzuatta belirtilen g\u00fcvenlik ve gizlilik ilkeleri \u00e7er\u00e7evesinde yeterli tedbirlerin al\u0131nmas\u0131 kayd\u0131yla, ki\u015fisel verilerinizi a\u015fa\u011f\u0131daki \u015fekillerde payla\u015fabilecektir; yeterli tedbirlerin al\u0131nmas\u0131 \u015fart\u0131yla yurt i\u00e7inde ve gerekli g\u00fcvenlik tedbirlerinin al\u0131nmas\u0131 \u015fart\u0131yla yurt d\u0131\u015f\u0131nda ki\u015fisel verilerinizi payla\u015fabilecek ve \u015firket faaliyetlerini y\u00fcr\u00fctmek, veri sahipleri ile m\u00fc\u015fterilerimiz aras\u0131nda i\u015f ili\u015fkileri kurmak amac\u0131yla ki\u015fisel verilerinizi payla\u015fabilecektir. ve\/veya kulland\u0131\u011f\u0131m\u0131z bilgi teknolojileri nedeniyle grup \u015firketlerimiz, i\u015f ortaklar\u0131m\u0131z, i\u015f ba\u011flant\u0131lar\u0131m\u0131z, yurt i\u00e7i veya yurt d\u0131\u015f\u0131ndaki sunucular\u0131m\u0131zla hizmet, f\u0131rsat ve teklifler sunmak ve hizmet kalitesini art\u0131rmak amac\u0131yla toplant\u0131lar yapmak ve\/veya bu sunucu deste\u011fini sa\u011flayan firmalar, fiziksel sunucu ve\/veya bulut hizmeti ald\u0131\u011f\u0131m\u0131z yerli\/yabanc\u0131 ki\u015fi ve kurumlar, (HealDone) ad\u0131na veri i\u015fleyen, m\u00fc\u015fteri memnuniyeti \u00f6l\u00e7\u00fcm\u00fc sa\u011flayan, profilleme deste\u011fi veren ve ki\u015fisel ihtiya\u00e7 duyulan alanlarda destek sa\u011flayan firmalar. hizmet alan\u0131nda i\u015flenmesi gereken veriler, m\u00fc\u015fteriler, tedarik\u00e7iler, denetim \u015firketleri veya kamu kurumlar\u0131 veya kurulu\u015flar anla\u015fmal\u0131 oldu\u011fumuz ve hizmet verdi\u011fimiz yasal bir zorunluluk gere\u011fi bu verileri talep etmeye yetkili ve bunlarla s\u0131n\u0131rl\u0131 olmamak \u00fczere di\u011fer ilgili merciler.<\/p>\n<p><strong>Ki\u015fisel Verilerin Korunmas\u0131 Kanunu 11. Maddesinde Say\u0131lan Ki\u015fisel Veri Sahibinin Haklar\u0131:<\/strong><\/p>\n<p>(HealDone), ilgililerin a\u015fa\u011f\u0131daki taleplerine cevap verecektir:<\/p>\n<ol>\n<li>a) (HealDone)&#8217;nin kendileri ile ilgili ki\u015fisel verileri i\u015fleyip i\u015flemedi\u011fini ve hangi ki\u015fisel verileri i\u015fledi\u011fini \u00f6\u011frenme,<\/li>\n<li>b) \u0130\u015fleme faaliyetinin ama\u00e7lar\u0131 hakk\u0131nda bilgi edinmek,<\/li>\n<li>c) (Healdone) yurt i\u00e7inde veya yurt d\u0131\u015f\u0131nda ki\u015fisel verileri aktard\u0131\u011f\u0131 \u00fc\u00e7\u00fcnc\u00fc ki\u015fileri bilme,<\/li>\n<li>d) Ki\u015fisel verilerin eksik veya yanl\u0131\u015f i\u015flenmesi halinde d\u00fczeltilmesini isteme,<\/li>\n<li>e) Kanuna uygun olarak ki\u015fisel verilerin silinmesini veya yok edilmesini isteme,<\/li>\n<li>f) Ki\u015fisel verilerin d\u00fczeltilmesi, silinmesi veya yok edilmesi talebi halinde; yap\u0131lan i\u015flemlerin ki\u015fisel verilerin aktar\u0131ld\u0131\u011f\u0131 \u00fc\u00e7\u00fcnc\u00fc ki\u015filere bildirilmesini isteme,<\/li>\n<li>g) \u0130\u015flenen verilerin m\u00fcnhas\u0131ran otomatik sistemler vas\u0131tas\u0131yla analiz edilmesi suretiyle ki\u015finin kendisi aleyhine bir sonucun ortaya \u00e7\u0131kmas\u0131na itiraz etme,<\/li>\n<li>h) Ki\u015fisel verilerinizin bir kopyas\u0131n\u0131 \u00e7\u0131karmak.<\/li>\n<\/ol>\n<p>Yorumlar\u0131n\u0131z ve sorular\u0131n\u0131z i\u00e7in bizimle ileti\u015fime ge\u00e7ebilirsiniz.<\/p>\n","protected":false},"excerpt":{"rendered":"<p>Bilgileriniz, Sa\u011fl\u0131\u011f\u0131n\u0131z, Haklar\u0131n\u0131z, bizim sorumlulu\u011fumuzdur. Heal Done klinik&#8217;te felsefemiz \u201c\u00d6nce m\u00fc\u015fteri\u201ddir. Verdi\u011fimiz her karar, ki\u015fisel bilgilerinizi nas\u0131l toplad\u0131\u011f\u0131m\u0131z, muhafaza etti\u011fimiz ve kulland\u0131\u011f\u0131m\u0131z da dahil olmak \u00fczere bu temel ilkeye dayanmaktad\u0131r. G\u00fcvenle kaydolman\u0131z\u0131 ve ki\u015fisel gizlili\u011finiz konusunda bilgilendirilmenizi ve yetkilendirilmenizi istiyoruz. Emin olun, \u2013 Bilginiz veya onay\u0131n\u0131z olmadan sizden ki\u015fisel bilgi toplamayaca\u011f\u0131z. \u2013 Bu gizlilik politikas\u0131nda [&hellip;]<\/p>\n","protected":false},"author":1,"featured_media":0,"parent":0,"menu_order":0,"comment_status":"closed","ping_status":"closed","template":"page.php","meta":{"om_disable_all_campaigns":false,"_mi_skip_tracking":false,"footnotes":""},"class_list":["post-191","page","type-page","status-publish","hentry"],"_links":{"self":[{"href":"https:\/\/www.healdone.com\/tr\/wp-json\/wp\/v2\/pages\/191","targetHints":{"allow":["GET"]}}],"collection":[{"href":"https:\/\/www.healdone.com\/tr\/wp-json\/wp\/v2\/pages"}],"about":[{"href":"https:\/\/www.healdone.com\/tr\/wp-json\/wp\/v2\/types\/page"}],"author":[{"embeddable":true,"href":"https:\/\/www.healdone.com\/tr\/wp-json\/wp\/v2\/users\/1"}],"replies":[{"embeddable":true,"href":"https:\/\/www.healdone.com\/tr\/wp-json\/wp\/v2\/comments?post=191"}],"version-history":[{"count":0,"href":"https:\/\/www.healdone.com\/tr\/wp-json\/wp\/v2\/pages\/191\/revisions"}],"wp:attachment":[{"href":"https:\/\/www.healdone.com\/tr\/wp-json\/wp\/v2\/media?parent=191"}],"curies":[{"name":"wp","href":"https:\/\/api.w.org\/{rel}","templated":true}]}}