{"id":2189,"date":"2023-01-31T13:37:14","date_gmt":"2023-01-31T10:37:14","guid":{"rendered":"https:\/\/www.healdone.com\/online-payment\/"},"modified":"2023-02-03T17:31:31","modified_gmt":"2023-02-03T14:31:31","slug":"online-payment","status":"publish","type":"page","link":"https:\/\/www.healdone.com\/tr\/online-payment\/","title":{"rendered":"Online \u00d6deme"},"content":{"rendered":"<p>\u00d6demenizi online \u00f6deme sayfam\u0131z \u00fczerinden h\u0131zl\u0131 bir \u015fekilde ger\u00e7ekle\u015ftirebilirsiniz. Sa\u011fl\u0131kl\u0131 g\u00fcnler dileriz.<\/p>\n","protected":false},"excerpt":{"rendered":"<p>\u00d6demenizi online \u00f6deme sayfam\u0131z \u00fczerinden h\u0131zl\u0131 bir \u015fekilde ger\u00e7ekle\u015ftirebilirsiniz. Sa\u011fl\u0131kl\u0131 g\u00fcnler dileriz.<\/p>\n","protected":false},"author":1,"featured_media":0,"parent":0,"menu_order":0,"comment_status":"closed","ping_status":"closed","template":"page-online-form.php","meta":{"om_disable_all_campaigns":false,"_mi_skip_tracking":false,"footnotes":""},"class_list":["post-2189","page","type-page","status-publish","hentry"],"_links":{"self":[{"href":"https:\/\/www.healdone.com\/tr\/wp-json\/wp\/v2\/pages\/2189","targetHints":{"allow":["GET"]}}],"collection":[{"href":"https:\/\/www.healdone.com\/tr\/wp-json\/wp\/v2\/pages"}],"about":[{"href":"https:\/\/www.healdone.com\/tr\/wp-json\/wp\/v2\/types\/page"}],"author":[{"embeddable":true,"href":"https:\/\/www.healdone.com\/tr\/wp-json\/wp\/v2\/users\/1"}],"replies":[{"embeddable":true,"href":"https:\/\/www.healdone.com\/tr\/wp-json\/wp\/v2\/comments?post=2189"}],"version-history":[{"count":0,"href":"https:\/\/www.healdone.com\/tr\/wp-json\/wp\/v2\/pages\/2189\/revisions"}],"wp:attachment":[{"href":"https:\/\/www.healdone.com\/tr\/wp-json\/wp\/v2\/media?parent=2189"}],"curies":[{"name":"wp","href":"https:\/\/api.w.org\/{rel}","templated":true}]}}