{"id":48,"date":"2021-10-15T22:41:33","date_gmt":"2021-10-15T19:41:33","guid":{"rendered":"https:\/\/www.healdone.com\/?page_id=48"},"modified":"2022-03-22T18:13:03","modified_gmt":"2022-03-22T15:13:03","slug":"rinoplasti","status":"publish","type":"page","link":"https:\/\/www.healdone.com\/tr\/rinoplasti\/","title":{"rendered":"Rinoplasti"},"content":{"rendered":"<p>Burun; insan y\u00fcz\u00fcn\u00fcn en dikkat \u00e7eken k\u0131s\u0131mlar\u0131n\u0131n ba\u015f\u0131nda gelir. Bir\u00e7ok ki\u015fi; burun g\u00f6r\u00fcnt\u00fcs\u00fcnden memnun de\u011fildir. Teknolojinin ve t\u0131bb\u0131n ilerlemesiyle beraber istenmeyen burun \u015fekli kader olmaktan \u00e7\u0131km\u0131\u015ft\u0131r. Bir ba\u015fka deyi\u015fle, insanlar; burun esteti\u011fi (rinoplasti) sayesinde istedikleri burun g\u00f6r\u00fcnt\u00fcs\u00fcne sahip olabilirler.<br \/>\nRinoplasti; genellikle estetik kayg\u0131lardan dolay\u0131 ger\u00e7ekle\u015ftirilen bir operasyondur. Do\u011fum kusurunun d\u00fczeltilmesi ve yaralanmadan dolay\u0131 olu\u015fan deformitelerin onar\u0131lmas\u0131 gibi ama\u00e7lar do\u011frultusunda ger\u00e7ekle\u015ftirilir. Ayr\u0131ca, solunum g\u00fc\u00e7l\u00fcklerini ortadan kald\u0131rarak nefes almay\u0131 iyile\u015ftirmek i\u00e7in yap\u0131lan bir operasyon olarak da tan\u0131mlanabilir. Burun g\u00f6r\u00fcnt\u00fcs\u00fcnden memnun olmayan insanlar\u0131n akl\u0131nda rinoplasti nedir sorusu bulunuyor.<\/p>\n<h2>Rinoplasti Nas\u0131l Yap\u0131l\u0131r?<\/h2>\n<p>Burun esteti\u011fi; her ya\u015ftan insan\u0131n hayalidir. Bir\u00e7ok insan; rinoplasti nas\u0131l yap\u0131l\u0131r sorusuna cevap arar. A\u00e7\u0131k veya kapal\u0131 tekniklerle ger\u00e7ekle\u015ftirilen bir operasyondur. Genel anestezi tercih edilir. Ayr\u0131ca, nadiren de lokal anesteziye ba\u015fvurulur. Hem a\u00e7\u0131k hem de kapal\u0131 tekni\u011fin birtak\u0131m avantaj ve dezavantajlar\u0131 vard\u0131r. Rinoplasti s\u00fcrecinde hastan\u0131n \u00f6zelliklerine g\u00f6re hareket edilir. \u00c7\u00fcnk\u00fc, herkesin burun ve cilt yap\u0131s\u0131 farkl\u0131d\u0131r. Ayr\u0131ca, insanlar\u0131n burunlar\u0131nda yap\u0131lmas\u0131 gereken de\u011fi\u015fimler de farkl\u0131 olacakt\u0131r. Sonu\u00e7 olarak, di\u011fer estetik operasyonlarda oldu\u011fu gibi burun esteti\u011finde de operasyonun hastan\u0131n \u00f6zelliklerine ve ihtiya\u00e7lar\u0131na g\u00f6re planlanmas\u0131 gerekir.<\/p>\n<h2>Rinoplasti A\u015famalar\u0131<\/h2>\n<ul>\n<li>Muayene ve karar; ilk a\u015famay\u0131 temsil eder. Hastan\u0131n \u015fikayeti dinlenmelidir. Hasta ve operasyonu ger\u00e7ekle\u015ftirecek olan cerrah; yeni burun \u015fekli konusunda g\u00f6r\u00fc\u015f al\u0131\u015fveri\u015finde bulunmal\u0131d\u0131r. Bu s\u00fcre\u00e7te, 3D tasar\u0131m cihaz\u0131 ile hastan\u0131n sim\u00fclasyon g\u00f6r\u00fcnt\u00fcleri haz\u0131rlan\u0131r.<\/li>\n<li>\u0130kinci s\u0131rada haz\u0131rl\u0131k a\u015famas\u0131 yer al\u0131r. Hastan\u0131n operasyondan iki hafta \u00f6nce sigaray\u0131 b\u0131rakmas\u0131 gerekir. Buna ek olarak, cerrah; hastan\u0131n kullanm\u0131\u015f oldu\u011fu ila\u00e7lar\u0131n bir listesini talep eder. Bilhassa kan inceltici ila\u00e7lar\u0131n kullan\u0131m\u0131 operasyondan \u00f6nce b\u0131rak\u0131lmal\u0131d\u0131r.<\/li>\n<li>\u00dc\u00e7\u00fcnc\u00fc s\u0131rada cerrahi operasyon a\u015famas\u0131 yer al\u0131r. Genellikle a\u00e7\u0131k veya kapal\u0131 teknik kullan\u0131l\u0131r.<\/li>\n<li>Son olarak, iyile\u015fme s\u00fcreci devreye girer. Burun esteti\u011fi iyile\u015fme s\u00fcreci; ge\u00e7mi\u015f y\u0131llara k\u0131yasla \u00e7ok daha k\u0131sa s\u00fcrer.<\/li>\n<\/ul>\n<h2>Rinoplasti \u00d6ncesi Haz\u0131rl\u0131klar<\/h2>\n<p>Rinoplasti ameliyat\u0131 \u00f6ncesi hastan\u0131n yapmas\u0131 gereken birtak\u0131m i\u015flemler vard\u0131r.<\/p>\n<ul>\n<li>Ameliyat \u00f6ncesi en az alt\u0131 saat a\u00e7 ve susuz kalmak gerekir.<\/li>\n<li>Laboratuvar testlerine ihtiya\u00e7 duyulur.<\/li>\n<li>Hastan\u0131n burun esteti\u011fi operasyonundan iki hafta \u00f6nce sigara kullan\u0131m\u0131n\u0131 b\u0131rakmas\u0131 tavsiye edilir.<\/li>\n<li>Aspirin ve di\u011fer kan suland\u0131r\u0131c\u0131 ila\u00e7lar kullan\u0131lmamal\u0131d\u0131r.<\/li>\n<li>Sin\u00fczit veya nefes alma gibi bir \u015fikayet varsa ameliyattan evvel tomografiye ihtiya\u00e7 duyulur.<\/li>\n<\/ul>\n<h2>Rinoplasti Ameliyat\u0131 Kimlere Yap\u0131l\u0131r?<\/h2>\n<p>Rinoplasti ameliyat\u0131; bir\u00e7ok ki\u015finin faydalanabilece\u011fi bir operasyondur. Burun g\u00f6r\u00fcn\u00fcm\u00fcn\u00fc estetik a\u00e7\u0131dan be\u011fenmeyenlerin yan\u0131 s\u0131ra solunum s\u0131k\u0131nt\u0131s\u0131 ya\u015fayanlar i\u00e7in de en iyi se\u00e7enektir.<\/p>\n<h2>Rinoplasti Riskleri Nelerdir?<\/h2>\n<p>Rinoplastinin kendisine \u00f6zg\u00fc birtak\u0131m riskleri mevcuttur. Burun ve \u00e7evresinde kal\u0131c\u0131 uyu\u015fma, burundan nefes alma s\u0131ras\u0131nda zorluk ya\u015fanmas\u0131, e\u015fit g\u00f6r\u00fcn\u00fcm\u00fc olmayan bir burun, renk de\u011fi\u015fimi, a\u011fr\u0131, kal\u0131c\u0131 \u015fi\u015flik, yara izi, septum perforasyonu gibi riskler g\u00fcndeme gelebilir.<\/p>\n<h2>Rinoplasti Ameliyat\u0131<\/h2>\n<p>Rinoplasti ameliyat\u0131 s\u0131ras\u0131nda burun i\u00e7i veya burun delikleri aras\u0131ndan a\u00e7\u0131lan bir k\u0131s\u0131mdan t\u00fcm i\u015flemler ger\u00e7ekle\u015ftirilir. Cilt alt\u0131ndaki kemik ve k\u0131k\u0131rdak; burun cerrah\u0131 taraf\u0131ndan hedeflenen sonu\u00e7lara g\u00f6re ayarlanacakt\u0131r. Burnun iki deli\u011fi aras\u0131ndaki duvar\u0131n e\u011frildi\u011fi veya b\u00fck\u00fcld\u00fc\u011f\u00fc hallerde s\u00f6z konusu b\u00f6lge solunumun iyile\u015ftirilmesi ad\u0131na cerrah taraf\u0131ndan d\u00fczeltilebilir.<\/p>\n<h3>Rinoplasti Sonras\u0131 Dikkat Edilmesi Gerekenler<\/h3>\n<p>Hastalar\u0131n rinoplasti sonras\u0131 dikkat etmesi gereken birtak\u0131m unsurlar vard\u0131r.<\/p>\n<ul>\n<li>Efor gerektiren sporlardan ve aktivitelerden bir s\u00fcreli\u011fine uzak durulmal\u0131d\u0131r.<\/li>\n<li>A\u011f\u0131rl\u0131k kald\u0131rmaktan ka\u00e7\u0131n\u0131lmal\u0131d\u0131r.<\/li>\n<li>Operasyondan sonraki bir y\u0131l i\u00e7erisinde gerekli kontroller aksat\u0131lmadan ger\u00e7ekle\u015ftirilmelidir.<\/li>\n<li>Operasyondan bir hafta sonra kal\u0131plar al\u0131n\u0131r. Hastan\u0131n kal\u0131plar\u0131n al\u0131nmas\u0131n\u0131n ard\u0131ndan normal ya\u015fam\u0131na d\u00f6nmesinde herhangi bir sak\u0131nca yoktur.<\/li>\n<li>Y\u00fcze ve kafaya darbe almamak ad\u0131na riskli aktivitelerden ka\u00e7\u0131n\u0131lmal\u0131d\u0131r.<\/li>\n<\/ul>\n<h3>Rinoplasti \u0130yile\u015fme S\u00fcreci Nas\u0131ld\u0131r?<\/h3>\n<p>Operasyondan bir hafta sonra burundaki atel \u00e7\u0131kar\u0131l\u0131r. Ayr\u0131ca, morluklar\u0131n etkisi yava\u015f yava\u015f azal\u0131r. Hasta; operasyondan 1-2 hafta sonra normal hayat\u0131na d\u00f6nebilir. Rinoplasti sonras\u0131 iyile\u015fme s\u00fcrecinde ikinci haftayla beraber morarmalar tamamen yok olur. \u00d6demin etkisi azal\u0131r. Hasta; ortalama bir ay i\u00e7erisinde hayat\u0131na kald\u0131\u011f\u0131 yerden devam edebilir.<br \/>\nRinoplasti sonras\u0131 masaj yap\u0131l\u0131rken dikkatli bir \u015fekilde hareket edilmelidir. Masaj; \u00f6demin azalmas\u0131n\u0131 ve lenf dola\u015f\u0131m\u0131n\u0131n h\u0131zlanmas\u0131n\u0131 sa\u011flar.<\/p>\n<h2>Rinoplasti Fiyatlar\u0131<\/h2>\n<p>Rinoplasti fiyatlar\u0131 en \u00e7ok merak edilen hususlardan birisidir. 2022 y\u0131l\u0131nda oldu\u011fumuz \u015fu g\u00fcnlerde operasyonun ortalama maliyetinin 2500 USD oldu\u011funu s\u00f6yleyebiliriz.<\/p>\n<h2>Rinoplasti \u00c7e\u015fitleri<\/h2>\n<p>Bu operasyon ile \u00e7ok daha g\u00fczel bir buruna sahip olmak isteyenler; rinoplasti \u00e7e\u015fitleri hakk\u0131nda ara\u015ft\u0131rma yaparlar. T\u00fcrkiye\u2019de rinoplasti; genel olarak a\u00e7\u0131k ve kapal\u0131 tekniklerle uygulan\u0131r. Bunun yan\u0131 s\u0131ra, ilk operasyonun i\u015fe yaramad\u0131\u011f\u0131 hallerde revizyon rinoplasti de tercih edilir.<\/p>\n<h3>A\u00e7\u0131k Rinoplasti<\/h3>\n<p>A\u00e7\u0131k rinoplasti; sahip oldu\u011fu avantajlarla dikkat \u00e7eker.<\/p>\n<ul>\n<li>Her \u015feyden \u00f6nce, kemik ve k\u0131k\u0131rdak yap\u0131lar; \u00e7ok daha dikkatli bir \u015fekilde de\u011ferlendirilir.<\/li>\n<li>D\u0131\u015far\u0131dan fark edilmeyen asimetriler ve k\u00fc\u00e7\u00fck \u015fekil bozukluklar\u0131; net bir \u015fekilde ortaya \u00e7\u0131kar.<\/li>\n<li>Cerrah; operasyon s\u0131ras\u0131nda hem iki elini hem de g\u00f6zlerini daha efektif bir \u015fekilde kullan\u0131r.<\/li>\n<li>Operasyon s\u0131ras\u0131nda ortaya \u00e7\u0131kmas\u0131 muhtemel kanama en k\u0131sa s\u00fcrede kontrol edilir.<\/li>\n<\/ul>\n<p>Bunun yan\u0131 s\u0131ra, operasyonun daha uzun s\u00fcrmesi, burun ucunda daha \u00e7ok \u00f6dem olu\u015fmas\u0131 gibi dezavantajlar\u0131 vard\u0131r. Fiyat\u0131; 15 bin TL ila 60 bin TL aras\u0131nda de\u011fi\u015fir.<\/p>\n<h3>Kapal\u0131 Rinoplasti<\/h3>\n<p>Bir\u00e7ok ki\u015finin akl\u0131nda kapal\u0131 rinoplasti nedir sorusu bulunuyor. Hasta; kapal\u0131 rinoplasti sayesinde daha k\u0131sa s\u00fcrede iyile\u015fir. Burun ucunda daha az \u00f6dem meydana gelir. \u0130z kalma riski \u00e7ok daha azd\u0131r. Ancak, burunda istenilen de\u011fi\u015fiklikleri yapmak daha zordur. Fiyat\u0131; ortalama 2500 USD olarak bilinir.<\/p>\n","protected":false},"excerpt":{"rendered":"<p>Burun; insan y\u00fcz\u00fcn\u00fcn en dikkat \u00e7eken k\u0131s\u0131mlar\u0131n\u0131n ba\u015f\u0131nda gelir. Bir\u00e7ok ki\u015fi; burun g\u00f6r\u00fcnt\u00fcs\u00fcnden memnun de\u011fildir. Teknolojinin ve t\u0131bb\u0131n ilerlemesiyle beraber istenmeyen burun \u015fekli kader olmaktan \u00e7\u0131km\u0131\u015ft\u0131r. Bir ba\u015fka deyi\u015fle, insanlar; burun esteti\u011fi (rinoplasti) sayesinde istedikleri burun g\u00f6r\u00fcnt\u00fcs\u00fcne sahip olabilirler. Rinoplasti; genellikle estetik kayg\u0131lardan dolay\u0131 ger\u00e7ekle\u015ftirilen bir operasyondur. Do\u011fum kusurunun d\u00fczeltilmesi ve yaralanmadan dolay\u0131 olu\u015fan deformitelerin [&hellip;]<\/p>\n","protected":false},"author":1,"featured_media":1548,"parent":0,"menu_order":0,"comment_status":"closed","ping_status":"closed","template":"page.php","meta":{"om_disable_all_campaigns":false,"_mi_skip_tracking":false,"footnotes":""},"class_list":["post-48","page","type-page","status-publish","has-post-thumbnail","hentry"],"_links":{"self":[{"href":"https:\/\/www.healdone.com\/tr\/wp-json\/wp\/v2\/pages\/48","targetHints":{"allow":["GET"]}}],"collection":[{"href":"https:\/\/www.healdone.com\/tr\/wp-json\/wp\/v2\/pages"}],"about":[{"href":"https:\/\/www.healdone.com\/tr\/wp-json\/wp\/v2\/types\/page"}],"author":[{"embeddable":true,"href":"https:\/\/www.healdone.com\/tr\/wp-json\/wp\/v2\/users\/1"}],"replies":[{"embeddable":true,"href":"https:\/\/www.healdone.com\/tr\/wp-json\/wp\/v2\/comments?post=48"}],"version-history":[{"count":0,"href":"https:\/\/www.healdone.com\/tr\/wp-json\/wp\/v2\/pages\/48\/revisions"}],"wp:featuredmedia":[{"embeddable":true,"href":"https:\/\/www.healdone.com\/tr\/wp-json\/wp\/v2\/media\/1548"}],"wp:attachment":[{"href":"https:\/\/www.healdone.com\/tr\/wp-json\/wp\/v2\/media?parent=48"}],"curies":[{"name":"wp","href":"https:\/\/api.w.org\/{rel}","templated":true}]}}