{"id":52,"date":"2021-10-15T22:47:43","date_gmt":"2021-10-15T19:47:43","guid":{"rendered":"https:\/\/www.healdone.com\/?page_id=52"},"modified":"2022-06-15T15:08:49","modified_gmt":"2022-06-15T12:08:49","slug":"gogus-diklestirme","status":"publish","type":"page","link":"https:\/\/www.healdone.com\/tr\/gogus-diklestirme\/","title":{"rendered":"G\u00f6\u011f\u00fcs Dikle\u015ftirme"},"content":{"rendered":"<p>Kad\u0131nlar i\u00e7in d\u0131\u015f g\u00f6r\u00fcn\u00fc\u015f hayati \u00f6neme sahiptir. Bir\u00e7ok kad\u0131n; g\u00f6\u011f\u00fcslerinin \u015feklinden memnun de\u011fildir. Teknoloji ve t\u0131bb\u0131n geli\u015fmesi sayesinde kad\u0131nlar\u0131n kar\u015f\u0131s\u0131na farkl\u0131 se\u00e7enekler \u00e7\u0131km\u0131\u015ft\u0131r. T\u00fcrkiye\u2019de g\u00f6\u011f\u00fcs dikle\u015ftirme; bir\u00e7ok kad\u0131n\u0131n faydalanmak istedi\u011fi bir operasyondur.<\/p>\n<h2>G\u00f6\u011f\u00fcs Dikle\u015ftirme Ameliyat\u0131 Nedir?<\/h2>\n<p>G\u00f6\u011f\u00fcs dikle\u015ftirme ameliyat\u0131; genel anestezi alt\u0131nda yap\u0131l\u0131r. Ameliyat \u00f6ncesinde bir planlama s\u00fcreci s\u00f6z konusudur. Meme ba\u015flar\u0131; ameliyat esnas\u0131nda \u00f6nceden planlanan b\u00f6lgeye al\u0131n\u0131r. Bu sayede, meme dokusu \u015fekillendirilir. G\u00f6\u011f\u00fcs dikle\u015ftirme ameliyat\u0131 s\u00fcrecinde b\u00fcy\u00fck memelerden doku \u00e7\u0131kar\u0131lmas\u0131na rastlan\u0131r. Ayr\u0131ca, k\u00fc\u00e7\u00fck memelere silikon protez konularak s\u00fcrece y\u00f6n verilir. Bunun yan\u0131 s\u0131ra, operasyon sonras\u0131 d\u00f6nemde gerekli oldu\u011fu takdirde meme b\u00f6lgesindeki fazla deri al\u0131n\u0131r.<\/p>\n<h2>Kimler G\u00f6\u011f\u00fcs Dikle\u015ftirme Ameliyat\u0131 Olabilir?<\/h2>\n<p>Meme dikle\u015ftirme ameliyat\u0131; herhangi bir sa\u011fl\u0131k sorunu olmayan t\u00fcm kad\u0131nlar i\u00e7in uygundur. Fiziksel ve ruhsal a\u00e7\u0131dan kendisini iyi hisseden kad\u0131nlar; meme dikle\u015ftirme operasyonuna ba\u015fvurabilirler. Bir\u00e7ok kad\u0131n; meme g\u00f6r\u00fcnt\u00fcs\u00fcnden memnun de\u011fildir. Ayr\u0131ca, meme boyutundan memnun olmayan kad\u0131nlar\u0131n say\u0131s\u0131 da bir hayli fazlad\u0131r. Ancak, meme dikle\u015ftirme ameliyat\u0131 sayesinde t\u00fcm bu sorunlara \u00e7\u00f6z\u00fcm bulunur. Bu operasyondan faydalanmak isteyenlerin bilmesi gereken en \u00f6nemli husus; operasyon ertesinde iz kalma ihtimalidir.<\/p>\n<h2>G\u00f6\u011f\u00fcs Dikle\u015ftirme Ameliyat\u0131 Nas\u0131l Yap\u0131l\u0131r?<\/h2>\n<p>Her ya\u015ftan kad\u0131n\u0131n akl\u0131nda meme dikle\u015ftirme ameliyat\u0131 nas\u0131l yap\u0131l\u0131r sorusu bulunuyor. G\u00f6\u011f\u00fcs dikle\u015ftirme operasyonu \u00f6ncesinde \u00f6l\u00e7\u00fcler \u00e7\u0131kart\u0131l\u0131r. S\u00f6z konusu \u00f6l\u00e7\u00fcler dikkate al\u0131narak dikle\u015ftirme s\u00fcrecine ge\u00e7ilir. Estetik bir operasyon olmas\u0131ndan m\u00fctevellit hastan\u0131n beklentileri \u00f6nem ta\u015f\u0131r. Bir ba\u015fka deyi\u015fle, hastan\u0131n istedi\u011fi meme g\u00f6r\u00fcnt\u00fcs\u00fcne ula\u015fmak ad\u0131na \u00e7aba sarf edilir. Hafif bir sarkman\u0131n s\u00f6z konusu oldu\u011fu hallerde kas dokusunun alt\u0131na silikon protez yerle\u015ftirilir. Bu sayede, memenin dikle\u015fmesi sa\u011flan\u0131r. Ancak, baz\u0131 durumlarda, sarkman\u0131n ciddi boyutlarda olmas\u0131na rastlan\u0131r. Bu gibi hallerde, memenin k\u00fc\u00e7\u00fclt\u00fclmesi g\u00fcndeme gelir. Sonu\u00e7 olarak, meme; protez yard\u0131m\u0131yla dikle\u015ftirilir. Bunun yan\u0131 s\u0131ra, memede her anlamda toparlanma sa\u011flanm\u0131\u015f olur.<\/p>\n<h2>G\u00f6\u011f\u00fcs Dikle\u015ftirme Ameliyat\u0131 A\u015famalar\u0131<\/h2>\n<ul>\n<li>\u0130lk olarak, ki\u015finin muayene s\u00fcreci ba\u015flar. Meme dikle\u015ftirme operasyonundan faydalanmak isteyen ki\u015finin meme dokusu ve meme ba\u015f\u0131n\u0131n konumu kontrol edilir. Bu sayede, sarkman\u0131n derecesi tespit edilir.<\/li>\n<li>Ki\u015fiye operasyon s\u0131ras\u0131nda neler olaca\u011f\u0131na dair detayl\u0131 bilgi verilir. Bunun yan\u0131 s\u0131ra, ki\u015finin nas\u0131l bir meme g\u00f6r\u00fcn\u00fcm\u00fcne sahip olmak istedi\u011fi hakk\u0131nda bilgi al\u0131n\u0131r. Bu noktada, ki\u015finin beklentilerini doktoruna eksiksiz bir \u015fekilde aktarmas\u0131 \u00f6nem ta\u015f\u0131r.<\/li>\n<li>Meme dikle\u015ftirme s\u00fcrecinde doktora da birtak\u0131m g\u00f6revler d\u00fc\u015fer. Bilhassa ki\u015fiye memelerinin operasyonun ard\u0131ndan nas\u0131l g\u00f6z\u00fckece\u011fi net bir \u015fekilde aktar\u0131l\u0131r. Hatta, sim\u00fclasyonlar sayesinde meme g\u00f6r\u00fcn\u00fcm\u00fc en iyi \u015fekilde tasvir edilir.<\/li>\n<li>Muayene s\u00fcreci olduk\u00e7a detayl\u0131d\u0131r. Ki\u015finin herhangi bir sa\u011fl\u0131k sorunu olup olmad\u0131\u011f\u0131n\u0131 tespit etmek ad\u0131na ondan birtak\u0131m tetkikler talep edilir. Ayr\u0131ca, ki\u015finin ge\u00e7mi\u015fte ba\u015fka operasyonlar ge\u00e7irip ge\u00e7irmedi\u011fi sorgulan\u0131r. D\u00fczenli olarak kulland\u0131\u011f\u0131 ila\u00e7lar hakk\u0131nda da bilgi al\u0131n\u0131r.<\/li>\n<li>Mamografi ve ultrason tetkiklerinin yap\u0131lmas\u0131n\u0131n ard\u0131ndan g\u00f6\u011f\u00fcs dikle\u015ftirme ameliyat\u0131na ba\u015flan\u0131r.<\/li>\n<\/ul>\n<h3>G\u00f6\u011f\u00fcs Dikle\u015ftirme Ameliyat\u0131 \u00d6ncesi<\/h3>\n<p>Hastan\u0131n meme dikle\u015ftirme ameliyat\u0131 \u00f6ncesi dikkat etmesi gereken birtak\u0131m unsurlar vard\u0131r.<\/p>\n<ul>\n<li>Anestezi doktorunun kontrol\u00fc ve kan tahlillerinin yap\u0131lmas\u0131 son derece \u00f6nemlidir.<\/li>\n<li>Operasyon \u00f6ncesi herhangi bir so\u011fuk alg\u0131nl\u0131\u011f\u0131 ya\u015fand\u0131\u011f\u0131 takdirde bu husus mutlaka cerrah ile payla\u015f\u0131lmal\u0131d\u0131r.<\/li>\n<li>Yeni do\u011fum yapan kad\u0131nlar\u0131n emzirme d\u00f6nemlerinin bitmesinin ard\u0131ndan bu operasyona ba\u015fvurmalar\u0131 tavsiye edilir.<\/li>\n<li>Aspirin ve benzeri ila\u00e7lar\u0131n kullan\u0131m\u0131 operasyondan bir hafta \u00f6nce b\u0131rak\u0131lmal\u0131d\u0131r.<\/li>\n<li>Sigara i\u00e7mek; iyile\u015fme s\u00fcrecini geciktirir. Bu noktada, sigara i\u00e7enlerin operasyondan bir hafta \u00f6nce bu al\u0131\u015fkanl\u0131klar\u0131n\u0131 b\u0131rakmas\u0131 gerekir.<\/li>\n<li>Ameliyattan en az alt\u0131 saat \u00f6nce yeme \u2013 i\u00e7me faaliyetleri sonland\u0131r\u0131lmal\u0131d\u0131r.<\/li>\n<li>Ameliyat g\u00fcn\u00fc rahat elbiseler giyilmelidir.<\/li>\n<\/ul>\n<h3>G\u00f6\u011f\u00fcs Dikle\u015ftirme Ameliyat\u0131 Sonras\u0131<\/h3>\n<p>G\u00f6\u011f\u00fcs dikle\u015ftirme ameliyat\u0131 sonras\u0131 da dikkat edilmesi gereken baz\u0131 hususlar yer al\u0131r.<\/p>\n<ul>\n<li>Ameliyat\u0131n ard\u0131ndan 3-4 hafta korse giyilmelidir. \u00d6zel sporcu s\u00fctyenleri tercih edilir.<\/li>\n<li>En az iki ay a\u011f\u0131r kald\u0131rmaktan ka\u00e7\u0131n\u0131lmal\u0131d\u0131r. Buna ek olarak, ortalama 6-8 hafta sportif faaliyetlerden uzak durulmal\u0131d\u0131r.<\/li>\n<li>Hastan\u0131n g\u00fcnl\u00fck hayat\u0131na kald\u0131\u011f\u0131 yerden devam etmesinde herhangi bir sak\u0131nca yoktur.<\/li>\n<\/ul>\n<h2>G\u00f6\u011f\u00fcs Dikle\u015ftirme Ameliyat\u0131 Sonras\u0131 \u0130yile\u015fme S\u00fcreci<\/h2>\n<p>Meme dikle\u015ftirme ameliyat\u0131n\u0131n ard\u0131ndan hastan\u0131n ne zaman iyile\u015fece\u011fi merak edilir. Bu noktada, yara yerinin iyile\u015fmesi i\u00e7in 10-15 g\u00fcn ge\u00e7melidir. Bunun yan\u0131 s\u0131ra, memenin eski k\u0131vam\u0131n\u0131 almas\u0131 ve \u015feklinin oturmas\u0131 i\u00e7in \u00fc\u00e7 ay ge\u00e7melidir. Ancak, yine de hastan\u0131n her a\u00e7\u0131dan kendine gelmesi i\u00e7in bir y\u0131l ge\u00e7mesi gerekti\u011fini s\u00f6ylemeliyiz.<\/p>\n<h3>G\u00f6\u011f\u00fcs Dikle\u015ftirme Ameliyat\u0131 Sonras\u0131 \u0130z Kal\u0131r M\u0131?<\/h3>\n<p>Meme esteti\u011fi sonras\u0131 iz kalmas\u0131 m\u00fcmk\u00fcnd\u00fcr. Fakat, yine de teknolojik imkanlar\u0131n geli\u015fmesi ile s\u00f6z konusu izlerin minimal boyutlarda olmas\u0131 hedeflenir. Ayr\u0131ca, olu\u015fan izlerin ki\u015finin g\u00fcnl\u00fck hayat\u0131na olumsuz etki etmesi s\u00f6z konusu de\u011fildir. Uygulanan meme esteti\u011fi i\u015flemlerine g\u00f6re farkl\u0131 boyutlardaki izlere rastlanabilir.<br \/>\nMeme dikle\u015ftirme ameliyat\u0131n\u0131n ard\u0131ndan ters T \u015feklindeki izlere rastlan\u0131r. S\u00f6z konusu izler; teknolojik imkanlar sayesinde ters L veya I boyutlar\u0131na kadar k\u00fc\u00e7\u00fclt\u00fclm\u00fc\u015ft\u00fcr.<\/p>\n<h3>G\u00f6\u011f\u00fcs Dikle\u015ftirme Ameliyat\u0131 Sonras\u0131 Hissizlik Olur Mu?<\/h3>\n<p>G\u00f6\u011f\u00fcs dikle\u015ftirme ameliyat\u0131n\u0131n ard\u0131ndan ameliyat\u0131n boyutuna g\u00f6re meme ba\u015f\u0131nda veya memenin etraf\u0131nda yer alan cilt dokusunda ge\u00e7ici hissizlik s\u00f6z konusu olabilir.<\/p>\n<h2>G\u00f6\u011f\u00fcs Dikle\u015ftirme Ameliyat\u0131 Fiyat\u0131<\/h2>\n<p>G\u00f6\u011f\u00fcs dikle\u015ftirme fiyat\u0131; en \u00e7ok merak edilen hususlar\u0131n ba\u015f\u0131nda gelir. Meme dikle\u015ftirme fiyatlar\u0131; ameliyat s\u0131ras\u0131nda kullan\u0131lan malzemelere g\u00f6re farkl\u0131l\u0131k g\u00f6sterir. 2022 y\u0131l\u0131nda oldu\u011fumuz \u015fu g\u00fcnlerde meme dikle\u015ftirme ameliyat\u0131 fiyat\u0131 ile ilgili en do\u011fru bilgiyi almak ad\u0131na operasyonu ger\u00e7ekle\u015ftirecek olan cerrah ile g\u00f6r\u00fc\u015fmelidir. SGK\u2019n\u0131n \u00f6demedi\u011fi bu operasyonun fiyat\u0131 y\u00fcksektir.<\/p>\n","protected":false},"excerpt":{"rendered":"<p>Kad\u0131nlar i\u00e7in d\u0131\u015f g\u00f6r\u00fcn\u00fc\u015f hayati \u00f6neme sahiptir. Bir\u00e7ok kad\u0131n; g\u00f6\u011f\u00fcslerinin \u015feklinden memnun de\u011fildir. Teknoloji ve t\u0131bb\u0131n geli\u015fmesi sayesinde kad\u0131nlar\u0131n kar\u015f\u0131s\u0131na farkl\u0131 se\u00e7enekler \u00e7\u0131km\u0131\u015ft\u0131r. T\u00fcrkiye\u2019de g\u00f6\u011f\u00fcs dikle\u015ftirme; bir\u00e7ok kad\u0131n\u0131n faydalanmak istedi\u011fi bir operasyondur. G\u00f6\u011f\u00fcs Dikle\u015ftirme Ameliyat\u0131 Nedir? G\u00f6\u011f\u00fcs dikle\u015ftirme ameliyat\u0131; genel anestezi alt\u0131nda yap\u0131l\u0131r. Ameliyat \u00f6ncesinde bir planlama s\u00fcreci s\u00f6z konusudur. Meme ba\u015flar\u0131; ameliyat esnas\u0131nda \u00f6nceden [&hellip;]<\/p>\n","protected":false},"author":1,"featured_media":1512,"parent":0,"menu_order":0,"comment_status":"closed","ping_status":"closed","template":"page.php","meta":{"om_disable_all_campaigns":false,"_mi_skip_tracking":false,"footnotes":""},"class_list":["post-52","page","type-page","status-publish","has-post-thumbnail","hentry"],"_links":{"self":[{"href":"https:\/\/www.healdone.com\/tr\/wp-json\/wp\/v2\/pages\/52","targetHints":{"allow":["GET"]}}],"collection":[{"href":"https:\/\/www.healdone.com\/tr\/wp-json\/wp\/v2\/pages"}],"about":[{"href":"https:\/\/www.healdone.com\/tr\/wp-json\/wp\/v2\/types\/page"}],"author":[{"embeddable":true,"href":"https:\/\/www.healdone.com\/tr\/wp-json\/wp\/v2\/users\/1"}],"replies":[{"embeddable":true,"href":"https:\/\/www.healdone.com\/tr\/wp-json\/wp\/v2\/comments?post=52"}],"version-history":[{"count":0,"href":"https:\/\/www.healdone.com\/tr\/wp-json\/wp\/v2\/pages\/52\/revisions"}],"wp:featuredmedia":[{"embeddable":true,"href":"https:\/\/www.healdone.com\/tr\/wp-json\/wp\/v2\/media\/1512"}],"wp:attachment":[{"href":"https:\/\/www.healdone.com\/tr\/wp-json\/wp\/v2\/media?parent=52"}],"curies":[{"name":"wp","href":"https:\/\/api.w.org\/{rel}","templated":true}]}}