{"id":56,"date":"2021-10-15T22:50:56","date_gmt":"2021-10-15T19:50:56","guid":{"rendered":"https:\/\/www.healdone.com\/?page_id=56"},"modified":"2022-03-22T17:50:29","modified_gmt":"2022-03-22T14:50:29","slug":"liposuction","status":"publish","type":"page","link":"https:\/\/www.healdone.com\/tr\/liposuction\/","title":{"rendered":"Liposuction"},"content":{"rendered":"<p>Her ya\u015ftan insan fazla kilo problemi ile kar\u015f\u0131 kar\u015f\u0131ya kalm\u0131\u015ft\u0131r. Yanl\u0131\u015f beslenme al\u0131\u015fkanl\u0131klar\u0131 ve sporun kendisine yer bulmad\u0131\u011f\u0131 ya\u015fam tarz\u0131; insanlar\u0131n kilo almas\u0131na neden olur. Ayr\u0131ca, b\u00f6lgesel v\u00fccut ya\u011flanmalar\u0131 da \u00e7ok ciddi bir sorun te\u015fkil eder.<br \/>\nLiposuction; bilhassa b\u00f6lgesel v\u00fccut ya\u011flanmalar\u0131n\u0131 ortadan kald\u0131rmak ad\u0131na uygulanan bir operasyondur. Kal\u0131c\u0131 ve kesin bir \u00e7\u00f6z\u00fcm olmasa dahi etkili oldu\u011fu bilinir.<\/p>\n<h2>Liposuction Nedir?<\/h2>\n<p>Bir\u00e7ok ki\u015finin akl\u0131nda liposuction ameliyat\u0131 nedir sorusu bulunuyor. Her \u015feyden \u00f6nce, bir diyet veya zay\u0131flama operasyonu olmad\u0131\u011f\u0131n\u0131 belirtmek gerekir. Bir ba\u015fka deyi\u015fle, do\u011frudan zay\u0131flamaya y\u00f6nelik olarak uygulanmaz. Ancak, v\u00fccutta inat\u00e7\u0131 ya\u011flanmalar\u0131n ortaya \u00e7\u0131kt\u0131\u011f\u0131 basen, ense, kal\u00e7a, diz, g\u0131d\u0131k, kar\u0131n gibi b\u00f6lgelerde v\u00fccudu \u015fekillendirmeye y\u00f6nelik olarak uygulanan bir i\u015flem olarak dikkat \u00e7eker.<br \/>\nLiposuction; bilhassa insanlar\u0131n diyet ve \u00e7e\u015fitli zay\u0131flama y\u00f6ntemleriyle kurtulamad\u0131klar\u0131 ya\u011fl\u0131 b\u00f6lgelerden kurtulmalar\u0131n\u0131 sa\u011flar. Estetik bir operasyon olmas\u0131ndan m\u00fctevellit insanlar\u0131n eskiye k\u0131yasla daha \u00f6zg\u00fcvenli olmalar\u0131n\u0131 m\u00fcmk\u00fcn k\u0131lar. Ayr\u0131ca, alt ve \u00fcst beden aras\u0131ndaki e\u015fitsizlikleri ortadan kald\u0131rmas\u0131yla da fark yaratan bir i\u015flemdir. Bir ba\u015fka deyi\u015fle, v\u00fccudun hem alt hem de \u00fcst b\u00f6lgesinden ya\u011f al\u0131nmas\u0131n\u0131 m\u00fcmk\u00fcn k\u0131lar.<br \/>\nTakdir edersiniz ki, insanlar; kilo e\u015fitsizlikleri y\u00fcz\u00fcnden \u00f6zg\u00fcven problemi ya\u015farlar. Ayr\u0131ca, yine ayn\u0131 sorun dolay\u0131s\u0131yla istedi\u011fini giyemeyenlerin say\u0131s\u0131 bir hayli fazlad\u0131r. Fakat, liposuction sayesinde t\u00fcm bu sorunlara \u00e7are bulunur. T\u00fcrkiye\u2019de liposuction; farkl\u0131 tekniklerle uygulan\u0131r.<\/p>\n<h2>Liposuction Ameliyat\u0131<\/h2>\n<p>Liposuction ameliyat\u0131 ile v\u00fccutta biriken b\u00f6lgesel ya\u011flardan kurtulmak m\u00fcmk\u00fcn hale gelir. Tahmin edilebilece\u011fi \u00fczere cerrahi bir operasyondur. Hamilelik ve do\u011fum sonras\u0131 meydana gelen deri sarkmalar\u0131 gibi durumlarda kal\u0131c\u0131l\u0131\u011f\u0131n\u0131 kaybeder. Sel\u00fclit olu\u015fumunu tamamen ortadan kald\u0131rmas\u0131 s\u00f6z konusu de\u011fildir. Ancak, yine de insanlar\u0131n eskiye k\u0131yasla daha d\u00fcz bir cilt yap\u0131s\u0131na kavu\u015fmalar\u0131n\u0131 sa\u011flar.<br \/>\nBir\u00e7ok ki\u015fi; liposuction ameliyat\u0131 hakk\u0131nda bilgi almak ister. Bilhassa devaml\u0131 kilo al\u0131p veren ki\u015filer; meydana gelen deri sarkmalar\u0131n\u0131 liposuction sayesinde ortadan kald\u0131r\u0131p kald\u0131ramayacaklar\u0131n\u0131 merak ederler. Ancak, liposuction; bu gibi hallerde i\u015fe yaramaz. Kar\u0131n germe ve sark\u0131k deri giderme operasyonlar\u0131 ile beraber uyguland\u0131\u011f\u0131nda daha iyi \u00e7\u00f6z\u00fcm sunar.<br \/>\nLiposuction ameliyat\u0131; bir mucize de\u011fildir. B\u00f6lgesel ya\u011flanma problemi ile yeniden kar\u015f\u0131la\u015fmak istemeyen ki\u015filerin beslenme al\u0131\u015fkanl\u0131klar\u0131n\u0131 de\u011fi\u015ftirmeleri gerekir.<\/p>\n<h2>Liposuction Ameliyat\u0131 Nas\u0131l Yap\u0131l\u0131r?<\/h2>\n<p>Liposuction nas\u0131l yap\u0131l\u0131r; en \u00e7ok merak edilen hususlardan birisidir. 1-3 saat aras\u0131nda ger\u00e7ekle\u015ftirilen bir operasyondur. G\u00fcnde ortalama 2.5 ila 4.5 lt ya\u011f al\u0131nmas\u0131na rastlan\u0131r. Ya\u011f al\u0131nacak ve \u015fekillendirilecek b\u00f6lge cerrah taraf\u0131ndan i\u015faretlenir. Bunun yan\u0131 s\u0131ra, operasyondan verim almak ad\u0131na \u00f6ncesinde foto\u011fraf \u00e7ekilebilir. Genel veya lokal anestezi uygulan\u0131r. Ya\u011f al\u0131nacak b\u00f6lgedeki a\u011fr\u0131y\u0131 hafifletmek ad\u0131na s\u00f6z konusu b\u00f6lgeye kar\u0131\u015f\u0131m s\u0131v\u0131 \u00e7\u00f6zelti enjekte edilir. S\u00f6z konusu \u00e7\u00f6zelti sayesinde b\u00f6lge uyu\u015fur ve i\u015flemden daha \u00e7ok verim al\u0131n\u0131r. Ard\u0131ndan, cilde 1-2 mm\u2019lik kesikler at\u0131l\u0131r. Bu sayede, kan\u00fcller; b\u00f6lgeye yerle\u015ftirilir. Kan\u00fcller; vakum makinesine ba\u011fl\u0131d\u0131r. Bu makine; s\u0131v\u0131la\u015ft\u0131r\u0131lm\u0131\u015f ya\u011f\u0131 emerek s\u00fcreci ba\u015flat\u0131r. Ayr\u0131ca, ya\u011f\u0131n par\u00e7alanmas\u0131n\u0131 h\u0131zland\u0131rmak ad\u0131na vakum borusu y\u00fczeyde hareket ettirilir. A\u00e7\u0131lan kesikler; bir s\u00fcre d\u0131\u015far\u0131da b\u0131rak\u0131ld\u0131ktan sonra kapat\u0131larak s\u00fcrece son verilir.<\/p>\n<h2>Liposuction Ameliyat\u0131 \u00d6ncesi<\/h2>\n<ul>\n<li>Liposuction ameliyat\u0131 \u00f6ncesinde doktor se\u00e7imi titizlikle yap\u0131lmal\u0131d\u0131r.<\/li>\n<li>\u0130yi bir klinik tercih edilmelidir. En son teknolojiye uygun ara\u00e7 gere\u00e7ler kullan\u0131lmal\u0131d\u0131r.<\/li>\n<li>Liposuction \u00f6ncesinde ki\u015finin diyet ve spor ile ya\u011flar\u0131ndan kurtulmas\u0131 gerekir. Bu y\u00f6ntemler i\u015fe yaramad\u0131\u011f\u0131 takdirde liposuction tercih edilmelidir.<\/li>\n<\/ul>\n<h2>Liposuction Ameliyat\u0131 Sonras\u0131 Dikkat Edilmesi Gerekenler<\/h2>\n<ul>\n<li>Liposuction sonras\u0131; hastan\u0131n yava\u015f da olsa y\u00fcr\u00fcmesi ve aktif olmas\u0131 gerekir. Bu sayede, emboli at\u0131l\u0131r.<\/li>\n<li>Korse kullan\u0131m\u0131 \u015fartt\u0131r. \u00c7\u00fcnk\u00fc, korse; \u015fi\u015flik ve \u00f6demlerin \u00e7ok daha k\u0131sa s\u00fcrede iyile\u015fmesini sa\u011flar.<\/li>\n<li>B\u00f6lgesel masaj tercih edilebilir.<\/li>\n<li>Hastan\u0131n bol bol s\u0131v\u0131 t\u00fcketmesi \u015fartt\u0131r. Ayr\u0131ca, demir ila\u00e7lar\u0131 ve vitamin takviyeleri kullan\u0131lmal\u0131d\u0131r.<\/li>\n<li>Operasyonun ard\u0131ndan bir ila \u00fc\u00e7 hafta ge\u00e7tikten sonra yeniden spora ba\u015flanabilir.<\/li>\n<li>Liposuction; tek ba\u015f\u0131na i\u015fe yaramaz. Hastan\u0131n d\u00fczenli ve dengeli beslenmesi \u015fartt\u0131r.<\/li>\n<\/ul>\n<h2>Liposuction Ameliyat\u0131 Sonras\u0131 \u0130yile\u015fme S\u00fcreci<\/h2>\n<p>Liposuction sonras\u0131 iyile\u015fme s\u00fcreci; 4-6 haftad\u0131r. Ancak, hastalar\u0131n bu durumu dert etmelerine gerek yoktur. \u00c7\u00fcnk\u00fc, ameliyattan bir g\u00fcn sonra bile hastan\u0131n g\u00fcnl\u00fck hayat\u0131na kald\u0131\u011f\u0131 yerden devam etmesi s\u00f6z konusudur. Operasyondan sonra ya\u011f al\u0131nan b\u00f6lgede d\u00fc\u015f\u00fck \u015fiddetli bir a\u011fr\u0131ya rastlanabilir. A\u011fr\u0131 kesici sayesinde bu a\u011fr\u0131dan kurtulmak m\u00fcmk\u00fcn hale gelir.<br \/>\nLiposuction iyile\u015fme s\u00fcresi atlat\u0131ld\u0131\u011f\u0131 takdirde hastan\u0131n yeniden ayn\u0131 sorunu ya\u015famamak ad\u0131na eski beslenme al\u0131\u015fkanl\u0131klar\u0131na devam etmemesi gerekir.<\/p>\n<h2>Kimler Liposuction Yapt\u0131rabilir?<\/h2>\n<p>Liposuction; 18 ya\u015f\u0131ndan b\u00fcy\u00fck herkese uygulanabilen bir operasyondur. Sigara i\u00e7meyenler, herhangi bir sa\u011fl\u0131k sorunu olmayanlar, v\u00fccut \u015fekillendirme hedefi olan ki\u015filer, b\u00f6lgesel ya\u011flanma probleminden \u015fikayet\u00e7i olanlar, diyet ve egzersiz y\u00f6ntemlerinden herhangi bir sonu\u00e7 alamayanlar i\u00e7in en iyi se\u00e7enek liposuction olarak bilinir.<\/p>\n<h2>Liposuction Ameliyat\u0131 Fiyatlar\u0131<\/h2>\n<p>Liposuction fiyatlar\u0131 hakk\u0131nda bilgi almak isteyenlerin say\u0131s\u0131 bir hayli fazlad\u0131r. Ancak, fiyatlar hakk\u0131nda net konu\u015fmak m\u00fcmk\u00fcn de\u011fildir. \u00c7\u00fcnk\u00fc, yap\u0131lan i\u015flem; ya\u011flar\u0131n al\u0131naca\u011f\u0131 b\u00f6lgeye g\u00f6re farkl\u0131l\u0131k g\u00f6sterir. Bu durum; fiyatlar\u0131n farkl\u0131la\u015fmas\u0131na neden olur.<\/p>\n<h2>Liposuction T\u00fcrleri ve Teknikleri<\/h2>\n<ul>\n<li><strong>Vaser Liposuction:<\/strong> Bu y\u00f6ntem sayesinde ya\u011f h\u00fccreleri ultrason enerjisi ile par\u00e7alanm\u0131\u015f olur. Ya\u011f h\u00fccreleri aras\u0131ndaki ba\u011f\u0131 koparmak ad\u0131na g\u00fc\u00e7l\u00fc ultrason enerjisi dalgalar\u0131 kullan\u0131l\u0131r. Bu sayede, ya\u011flar, \u00e7ok daha etkili bir \u015fekilde al\u0131nm\u0131\u015f olur.<\/li>\n<li><strong>Lazer Liposuction:<\/strong> Lazer deste\u011fi ile ya\u011flar al\u0131n\u0131r. Kanama olmaz.<\/li>\n<li><strong>J-Plasma ile Liposuction:<\/strong> Liposuction sonras\u0131 gev\u015feyen cildi s\u0131k\u0131la\u015ft\u0131rmak ad\u0131na kullan\u0131lan \u00f6nemli bir teknolojidir.<\/li>\n<\/ul>\n","protected":false},"excerpt":{"rendered":"<p>Her ya\u015ftan insan fazla kilo problemi ile kar\u015f\u0131 kar\u015f\u0131ya kalm\u0131\u015ft\u0131r. Yanl\u0131\u015f beslenme al\u0131\u015fkanl\u0131klar\u0131 ve sporun kendisine yer bulmad\u0131\u011f\u0131 ya\u015fam tarz\u0131; insanlar\u0131n kilo almas\u0131na neden olur. Ayr\u0131ca, b\u00f6lgesel v\u00fccut ya\u011flanmalar\u0131 da \u00e7ok ciddi bir sorun te\u015fkil eder. Liposuction; bilhassa b\u00f6lgesel v\u00fccut ya\u011flanmalar\u0131n\u0131 ortadan kald\u0131rmak ad\u0131na uygulanan bir operasyondur. Kal\u0131c\u0131 ve kesin bir \u00e7\u00f6z\u00fcm olmasa dahi etkili [&hellip;]<\/p>\n","protected":false},"author":1,"featured_media":1542,"parent":0,"menu_order":0,"comment_status":"closed","ping_status":"closed","template":"page.php","meta":{"om_disable_all_campaigns":false,"_mi_skip_tracking":false,"footnotes":""},"class_list":["post-56","page","type-page","status-publish","has-post-thumbnail","hentry"],"_links":{"self":[{"href":"https:\/\/www.healdone.com\/tr\/wp-json\/wp\/v2\/pages\/56","targetHints":{"allow":["GET"]}}],"collection":[{"href":"https:\/\/www.healdone.com\/tr\/wp-json\/wp\/v2\/pages"}],"about":[{"href":"https:\/\/www.healdone.com\/tr\/wp-json\/wp\/v2\/types\/page"}],"author":[{"embeddable":true,"href":"https:\/\/www.healdone.com\/tr\/wp-json\/wp\/v2\/users\/1"}],"replies":[{"embeddable":true,"href":"https:\/\/www.healdone.com\/tr\/wp-json\/wp\/v2\/comments?post=56"}],"version-history":[{"count":0,"href":"https:\/\/www.healdone.com\/tr\/wp-json\/wp\/v2\/pages\/56\/revisions"}],"wp:featuredmedia":[{"embeddable":true,"href":"https:\/\/www.healdone.com\/tr\/wp-json\/wp\/v2\/media\/1542"}],"wp:attachment":[{"href":"https:\/\/www.healdone.com\/tr\/wp-json\/wp\/v2\/media?parent=56"}],"curies":[{"name":"wp","href":"https:\/\/api.w.org\/{rel}","templated":true}]}}