{"id":61,"date":"2021-10-19T10:03:31","date_gmt":"2021-10-19T07:03:31","guid":{"rendered":"https:\/\/www.healdone.com\/?page_id=61"},"modified":"2022-05-16T14:40:59","modified_gmt":"2022-05-16T11:40:59","slug":"dis-tedavileri","status":"publish","type":"page","link":"https:\/\/www.healdone.com\/tr\/dis-tedavileri\/","title":{"rendered":"Di\u015f"},"content":{"rendered":"<p>Heal Done, di\u015f hekimli\u011fi alan\u0131nda se\u00e7kin hizmetlerini, son teknoloji ekipmanlarla donat\u0131lm\u0131\u015f hastaneleri ve uzman sa\u011fl\u0131k kadrosuyla sizlere sunuyor, t\u00fcm di\u015f sorunlar\u0131n\u0131zdan kurtulabilir ve her zaman hayalini kurdu\u011funuz Hollywood g\u00fcl\u00fcmsemesine kavu\u015fabilirsiniz.<\/p>\n","protected":false},"excerpt":{"rendered":"<p>Heal Done, di\u015f hekimli\u011fi alan\u0131nda se\u00e7kin hizmetlerini, son teknoloji ekipmanlarla donat\u0131lm\u0131\u015f hastaneleri ve uzman sa\u011fl\u0131k kadrosuyla sizlere sunuyor, t\u00fcm di\u015f sorunlar\u0131n\u0131zdan kurtulabilir ve her zaman hayalini kurdu\u011funuz Hollywood g\u00fcl\u00fcmsemesine kavu\u015fabilirsiniz.<\/p>\n","protected":false},"author":1,"featured_media":1282,"parent":0,"menu_order":0,"comment_status":"closed","ping_status":"closed","template":"page-klinik-servis.php","meta":{"om_disable_all_campaigns":false,"_mi_skip_tracking":false,"footnotes":""},"class_list":["post-61","page","type-page","status-publish","has-post-thumbnail","hentry"],"_links":{"self":[{"href":"https:\/\/www.healdone.com\/tr\/wp-json\/wp\/v2\/pages\/61","targetHints":{"allow":["GET"]}}],"collection":[{"href":"https:\/\/www.healdone.com\/tr\/wp-json\/wp\/v2\/pages"}],"about":[{"href":"https:\/\/www.healdone.com\/tr\/wp-json\/wp\/v2\/types\/page"}],"author":[{"embeddable":true,"href":"https:\/\/www.healdone.com\/tr\/wp-json\/wp\/v2\/users\/1"}],"replies":[{"embeddable":true,"href":"https:\/\/www.healdone.com\/tr\/wp-json\/wp\/v2\/comments?post=61"}],"version-history":[{"count":0,"href":"https:\/\/www.healdone.com\/tr\/wp-json\/wp\/v2\/pages\/61\/revisions"}],"wp:featuredmedia":[{"embeddable":true,"href":"https:\/\/www.healdone.com\/tr\/wp-json\/wp\/v2\/media\/1282"}],"wp:attachment":[{"href":"https:\/\/www.healdone.com\/tr\/wp-json\/wp\/v2\/media?parent=61"}],"curies":[{"name":"wp","href":"https:\/\/api.w.org\/{rel}","templated":true}]}}