{"id":69,"date":"2021-10-19T11:11:17","date_gmt":"2021-10-19T08:11:17","guid":{"rendered":"https:\/\/www.healdone.com\/?page_id=69"},"modified":"2022-03-22T14:09:36","modified_gmt":"2022-03-22T11:09:36","slug":"dis-estetigi","status":"publish","type":"page","link":"https:\/\/www.healdone.com\/tr\/dis-estetigi\/","title":{"rendered":"Di\u015f Esteti\u011fi"},"content":{"rendered":"<p>A\u011f\u0131z ve di\u015f sa\u011fl\u0131\u011f\u0131; insanlar i\u00e7in hayati \u00f6neme sahiptir. Sindirim; a\u011f\u0131zla ba\u015flar. Di\u015fler; besinlerin par\u00e7alanmas\u0131ndan ve mideye g\u00f6nderilmesinden sorumludur. Bu noktada, eksik, \u00e7\u00fcr\u00fck veya sa\u011fl\u0131ks\u0131z di\u015fler; insanlar\u0131n genel v\u00fccut sa\u011fl\u0131\u011f\u0131n\u0131 da tehdit eder. Bunun yan\u0131 s\u0131ra, di\u015fler; kusursuz g\u00fcl\u00fc\u015f ad\u0131na \u00f6nemlidir. \u0130nsanlar; sosyal ortamlarda g\u00fclmek ve konu\u015fmak isterler. Ancak, eksik, \u00e7\u00fcr\u00fck ve k\u00f6t\u00fc g\u00f6r\u00fcn\u00fcml\u00fc di\u015fler y\u00fcz\u00fcnden bu isteklerini ger\u00e7ekle\u015ftiremeyebilirler. Sonu\u00e7 olarak, di\u015fler; hem fizyolojik hem de psikolojik a\u00e7\u0131dan olduk\u00e7a \u00f6nemlidir.<br \/>\nDi\u015f esteti\u011fi; di\u015f bozuklu\u011fu sorunu ya\u015fayanlar i\u00e7in harika bir se\u00e7enektir. Bir ba\u015fka deyi\u015fle, insanlar\u0131n hayallerindeki di\u015flere eri\u015fmesini m\u00fcmk\u00fcn k\u0131lar.<\/p>\n<h2>Di\u015f Esteti\u011fi Nedir?<\/h2>\n<p>Daha g\u00fczel ve sa\u011fl\u0131kl\u0131 di\u015flere sahip olmak isteyenlerin akl\u0131nda di\u015f esteti\u011fi nedir sorusu bulunuyor. Di\u015fin genel g\u00f6r\u00fcn\u00fcm\u00fcnde istenmeyen durumlarla kar\u015f\u0131la\u015f\u0131ld\u0131\u011f\u0131 takdirde gerekli olan bir uygulamad\u0131r. Baz\u0131 di\u015fler estetik g\u00f6r\u00fcnt\u00fcden olduk\u00e7a uzakt\u0131r. Ayr\u0131ca, di\u015flerin ayn\u0131 hizada olmamas\u0131 ciddi bir s\u0131k\u0131nt\u0131d\u0131r. Bunun yan\u0131 s\u0131ra, baz\u0131 insanlar; sa\u011fl\u0131kl\u0131 bir di\u015f yap\u0131s\u0131na sahip olmak isterler. Di\u015f esteti\u011fi; t\u00fcm bu hallerde gerekli olur. Di\u015f esteti\u011fi; do\u011fu\u015ftan veya sonradan ortaya \u00e7\u0131kan di\u015f yap\u0131s\u0131 problemlerini ortadan kald\u0131r\u0131r. Bu uygulama sayesinde di\u015flerin s\u0131ral\u0131 bir \u015fekilde dizilmesi m\u00fcmk\u00fcn hale gelir.<\/p>\n<h2>Di\u015f Esteti\u011fi Uygulamalar\u0131 Nelerdir?<\/h2>\n<p>Di\u015f esteti\u011fi uygulamalar\u0131 sayesinde alt ve \u00fcst \u00e7ene aras\u0131nda tutarl\u0131l\u0131k sa\u011flan\u0131r. Homojen bir a\u011f\u0131z \u015fekli elde edilir. A\u011f\u0131z kokusundan ve \u00e7i\u011fneme sorunlar\u0131ndan kurtulmak m\u00fcmk\u00fcn hale gelir. \u0130nsanlar\u0131n kendilerine g\u00fcvenleri artar. Yemek art\u0131klar\u0131 ve sigara gibi fakt\u00f6rlerin di\u015flerin sararmas\u0131na neden olmas\u0131n\u0131n \u00f6n\u00fcne ge\u00e7ilir. A\u011f\u0131z ve di\u015flerin ba\u011f\u0131\u015f\u0131kl\u0131\u011f\u0131 g\u00fc\u00e7lenir. \u0130nsanlar; \u00e7ok daha g\u00fczel ve etkili bir \u015fekilde konu\u015fma \u015fans\u0131n\u0131 elde ederler.<\/p>\n<p>Di\u015f esteti\u011fi \u00e7e\u015fitleri a\u015fa\u011f\u0131daki gibi \u00f6zetlenebilir:<\/p>\n<ul>\n<li><strong>G\u00fcl\u00fc\u015f esteti\u011fi:<\/strong> \u0130\u015flev, estetik ve do\u011fall\u0131\u011f\u0131n birle\u015ftirildi\u011fi en g\u00fczel g\u00fcl\u00fc\u015f\u00fcn planlanmas\u0131 ad\u0131na u\u011fra\u015f\u0131l\u0131r. G\u00fcl\u00fc\u015f esteti\u011fi s\u0131ras\u0131nda beyazlatma, implant uygulamalar\u0131, porselen laminalar ve di\u015f eti seviyelendirme gibi i\u015flemler yerine getirilir. Ayr\u0131ca, ki\u015finin y\u00fcz formu ve \u015fekli ba\u015fta olmak \u00fczere cinsiyeti, ten rengi, dudaklar\u0131, dudak kenarlar\u0131, di\u015flerin dizilimi ve rengi gibi fakt\u00f6rler dikkate al\u0131n\u0131r.<\/li>\n<li><strong>Di\u015f eti esteti\u011fi:<\/strong> Baz\u0131 insanlar g\u00fcl\u00fc\u015fleri ile ilgili problemler ya\u015farlar. Di\u015f eti dokusunun \u00e7ok fazla g\u00f6r\u00fcnmesi ya da di\u015flerin k\u0131sa bir g\u00f6r\u00fcnt\u00fcye sahip olmas\u0131 y\u00fcz\u00fcnden insanlar\u0131n \u00f6zg\u00fcvenleri zedelenir. Di\u015f eti \u015fekillendirme uygulamas\u0131 bu t\u00fcr sorunlara \u00e7\u00f6z\u00fcm bulunur. Bu t\u00fcr uygulamalar s\u0131ras\u0131nda lazer cihazlar\u0131ndan faydalan\u0131l\u0131r. Bu sayede, herhangi bir kanama meydana gelmez.<\/li>\n<li><strong>Di\u015f beyazlatma:<\/strong> Di\u015f esteti\u011fi t\u00fcrleri aras\u0131nda kendisine yer bulur. Uygun jel kullan\u0131m\u0131 ile di\u015flere herhangi bir zarar verilmeden ger\u00e7ekle\u015ftirilen bir i\u015flemdir. Estetik unsurlar dikkate al\u0131narak tekrarlanabilir.<\/li>\n<li><strong>Kompozit bonding uygulamalar\u0131:<\/strong> \u0130nsanlar; bilhassa \u00f6n b\u00f6lge di\u015flerinde birtak\u0131m sorunlar ile kar\u015f\u0131la\u015f\u0131rlar. \u00c7apra\u015f\u0131kl\u0131k ba\u015fta olmak \u00fczere k\u0131r\u0131k ve \u00e7\u00f6k\u00fckler ya da k\u0131sa ve k\u00fc\u00e7\u00fck bulunan di\u015fler gibi farkl\u0131 sorunlar g\u00fcndeme gelir. Kompozit bonding uygulamalar\u0131 sayesinde bu sorunlar\u0131n \u00fcstesinden gelinir. Kompozit dolgular; ki\u015finin di\u015f rengine ve \u0131\u015f\u0131k ge\u00e7irgenli\u011fine birebir uyacak \u015fekilde se\u00e7ilir. \u0130nsanlar\u0131n di\u015f formlar\u0131na dikkat ederek uyguland\u0131klar\u0131n\u0131 da s\u00f6ylemek gerekir.<\/li>\n<li><strong>Porselen lamina uygulamalar\u0131:<\/strong> Ufak \u00e7apra\u015f\u0131kl\u0131ktan \u015fikayet edenler i\u00e7in do\u011fru bir se\u00e7enektir. Ayr\u0131ca, ortodontik tedavi g\u00f6rmek isteyen ki\u015filerin de bu uygulamalardan faydalanmas\u0131 s\u00f6z konusudur. Di\u015f rengi ve formlar\u0131n\u0131n estetik olmad\u0131\u011f\u0131 ki\u015filer de porselen lamina uygulamalar\u0131 ile istedikleri g\u00f6r\u00fcn\u00fc\u015fe eri\u015febilirler.<\/li>\n<li><strong>Full estetik porselen kuronlar:<\/strong> Kaplama olarak bilinen bir uygulamad\u0131r. Di\u015fler tamam\u0131yla kesilip k\u00fc\u00e7\u00fclt\u00fclerek yap\u0131lmas\u0131 planlanan kaplamalara yer a\u00e7\u0131l\u0131r. Bilhassa metal altyap\u0131 i\u00e7ermeyen kuronlar sayesinde istenilen di\u015f g\u00f6r\u00fcn\u00fcm\u00fc elde edilir.<\/li>\n<li><strong>\u0130mplant uygulamalar\u0131:<\/strong> \u00d6n b\u00f6lgede ger\u00e7ekle\u015fen di\u015f kay\u0131plar\u0131 sonucunda ortaya \u00e7\u0131kacak bo\u015flu\u011fu doldurmak ad\u0131na k\u00f6pr\u00fc protez uygulamalar\u0131ndan faydalan\u0131l\u0131r. \u0130mplant uygulamalar\u0131; protezle ideal di\u015f eti uyumu ve form uyumu elde edilir.<\/li>\n<li><strong>Lazer uygulamalar\u0131:<\/strong> \u00c7\u00fcr\u00fck dokusunun uzakla\u015ft\u0131r\u0131lmas\u0131nda y\u00fczde y\u00fcz ba\u015far\u0131 elde edilir. Bunun yan\u0131 s\u0131ra, bir\u00e7ok di\u015f eti uygulamas\u0131nda faydal\u0131 olan bir se\u00e7enektir.<\/li>\n<li><strong>Inley \/ Onlay restorasyonlar:<\/strong> Do\u011frudan hekim taraf\u0131ndan yap\u0131lan dolgulard\u0131r. Laboratuvar ortam\u0131nda yap\u0131lmas\u0131 ciddi bir avantajd\u0131r. Di\u015f dokusunda b\u00fcy\u00fck hacim veya form kayb\u0131 oldu\u011fu hallerde i\u015fe yarar<\/li>\n<\/ul>\n<h2>Di\u015f Esteti\u011fi \u00d6ncesi<\/h2>\n<p>Di\u015f esteti\u011fi \u00f6ncesi; ki\u015finin ne istedi\u011fini tam olarak bilmesi gerekir. Bir\u00e7ok ki\u015fi; kaplama ister. Ancak, ayn\u0131 zamanda di\u015flerinin y\u0131pranma ihtimalinden rahats\u0131z olur.<strong> Bu noktada, uzman hekim ile g\u00f6r\u00fc\u015fme yap\u0131lmal\u0131d\u0131r.<\/strong> Ayr\u0131ca, di\u015flerin simetrik olup olmad\u0131\u011f\u0131na bak\u0131lmal\u0131d\u0131r. Dudak dolgusunun etkisi ciddiye al\u0131nmal\u0131d\u0131r. Sonu\u00e7 olarak, di\u015f esteti\u011finde ki\u015fisel talepler tedaviye y\u00f6n verir.<\/p>\n<h2>Di\u015f Esteti\u011fi Sonras\u0131 Dikkat Edilmesi Gerekenler<\/h2>\n<ul>\n<li>Hastalar; di\u015f esteti\u011fi sonras\u0131 t\u00fck\u00fcrmekten, b\u00f6lgeye dokunmaktan ve dudak ile yana\u011f\u0131 \u00e7eki\u015ftirmekten ka\u00e7\u0131nmal\u0131d\u0131rlar.<\/li>\n<li>Uygulama yap\u0131lan b\u00f6lge doktorun \u00f6nerdi\u011fi \u015fekilde f\u0131r\u00e7alanmal\u0131d\u0131r.<\/li>\n<li>Bilhassa ilk \u00fc\u00e7 g\u00fcn yumu\u015fak g\u0131dalar t\u00fcketilmelidir.<\/li>\n<li>Kalp at\u0131\u015f\u0131n\u0131 art\u0131racak ve kanamaya sebep olacak hareketlerden kesinlikle ka\u00e7\u0131n\u0131lmal\u0131d\u0131r.<\/li>\n<\/ul>\n<h3>Kimler Di\u015f Esteti\u011fi Yapt\u0131rabilir?<\/h3>\n<p>Di\u015f esteti\u011fi nas\u0131l yap\u0131l\u0131r kadar \u00f6nem ta\u015f\u0131yan hususlardan birisi de kimlerin bu uygulamalardan faydalanaca\u011f\u0131d\u0131r.<\/p>\n<ul>\n<li>A\u011f\u0131z ve di\u015f sa\u011fl\u0131\u011f\u0131 ile g\u00fcl\u00fc\u015f\u00fcnde problem oldu\u011funu d\u00fc\u015f\u00fcnenler<\/li>\n<li>Di\u015flerin dizili\u015findeki \u00e7apra\u015f\u0131kl\u0131klardan muzdarip olanlar<\/li>\n<li>Di\u015f aral\u0131\u011f\u0131nda geni\u015f bo\u015fluklar bulunanlar<\/li>\n<li>Rengi koyula\u015fm\u0131\u015f di\u015flere sahip olanlar<\/li>\n<\/ul>\n<p>di\u015f esteti\u011fi sayesinde \u00e7ok daha g\u00fczel di\u015flere ve sa\u011fl\u0131kl\u0131 g\u00fcl\u00fc\u015flere sahip olabilirler.<\/p>\n<h2>Di\u015f Esteti\u011fi Fiyatlar\u0131<\/h2>\n<p>2022 y\u0131l\u0131nda oldu\u011fumuz \u015fu g\u00fcnlerde di\u015f esteti\u011fi fiyatlar\u0131; ortalama 2500 Amerikan dolar\u0131d\u0131r. Ancak, operasyon t\u00fcr\u00fc ve kullan\u0131lacak malzeme gibi kriterlere g\u00f6re fiyatlar farkl\u0131l\u0131k g\u00f6sterebilir.<\/p>\n","protected":false},"excerpt":{"rendered":"<p>A\u011f\u0131z ve di\u015f sa\u011fl\u0131\u011f\u0131; insanlar i\u00e7in hayati \u00f6neme sahiptir. Sindirim; a\u011f\u0131zla ba\u015flar. Di\u015fler; besinlerin par\u00e7alanmas\u0131ndan ve mideye g\u00f6nderilmesinden sorumludur. Bu noktada, eksik, \u00e7\u00fcr\u00fck veya sa\u011fl\u0131ks\u0131z di\u015fler; insanlar\u0131n genel v\u00fccut sa\u011fl\u0131\u011f\u0131n\u0131 da tehdit eder. Bunun yan\u0131 s\u0131ra, di\u015fler; kusursuz g\u00fcl\u00fc\u015f ad\u0131na \u00f6nemlidir. \u0130nsanlar; sosyal ortamlarda g\u00fclmek ve konu\u015fmak isterler. Ancak, eksik, \u00e7\u00fcr\u00fck ve k\u00f6t\u00fc g\u00f6r\u00fcn\u00fcml\u00fc di\u015fler [&hellip;]<\/p>\n","protected":false},"author":1,"featured_media":1503,"parent":0,"menu_order":0,"comment_status":"closed","ping_status":"closed","template":"page.php","meta":{"om_disable_all_campaigns":false,"_mi_skip_tracking":false,"footnotes":""},"class_list":["post-69","page","type-page","status-publish","has-post-thumbnail","hentry"],"_links":{"self":[{"href":"https:\/\/www.healdone.com\/tr\/wp-json\/wp\/v2\/pages\/69","targetHints":{"allow":["GET"]}}],"collection":[{"href":"https:\/\/www.healdone.com\/tr\/wp-json\/wp\/v2\/pages"}],"about":[{"href":"https:\/\/www.healdone.com\/tr\/wp-json\/wp\/v2\/types\/page"}],"author":[{"embeddable":true,"href":"https:\/\/www.healdone.com\/tr\/wp-json\/wp\/v2\/users\/1"}],"replies":[{"embeddable":true,"href":"https:\/\/www.healdone.com\/tr\/wp-json\/wp\/v2\/comments?post=69"}],"version-history":[{"count":0,"href":"https:\/\/www.healdone.com\/tr\/wp-json\/wp\/v2\/pages\/69\/revisions"}],"wp:featuredmedia":[{"embeddable":true,"href":"https:\/\/www.healdone.com\/tr\/wp-json\/wp\/v2\/media\/1503"}],"wp:attachment":[{"href":"https:\/\/www.healdone.com\/tr\/wp-json\/wp\/v2\/media?parent=69"}],"curies":[{"name":"wp","href":"https:\/\/api.w.org\/{rel}","templated":true}]}}