{"id":91,"date":"2021-10-20T14:26:33","date_gmt":"2021-10-20T11:26:33","guid":{"rendered":"https:\/\/www.healdone.com\/?page_id=91"},"modified":"2022-03-23T10:26:55","modified_gmt":"2022-03-23T07:26:55","slug":"oftalmoloji","status":"publish","type":"page","link":"https:\/\/www.healdone.com\/tr\/oftalmoloji\/","title":{"rendered":"Oftalmoloji"},"content":{"rendered":"<p>Bir\u00e7ok gen\u00e7; t\u0131p fak\u00fcltesinde okumay\u0131 hayal eder. Alt\u0131 y\u0131ll\u0131k t\u0131p e\u011fitiminin ard\u0131ndan uzmanl\u0131k e\u011fitimine ge\u00e7ilir. T\u0131p mezunlar\u0131; hangi alanda uzmanla\u015facaklar\u0131na karar veremezler. Oftalmoloji; bir\u00e7ok ki\u015finin haberdar olmad\u0131\u011f\u0131 bir aland\u0131r. Ancak, T\u00fcrkiye\u2019de oftalmoloji tedavileri sayesinde insanlar\u0131n sorunlar\u0131na \u00e7\u00f6z\u00fcm bulunur.<\/p>\n<h2>Oftalmoloji Nedir?<\/h2>\n<p>Oftalmoloji; hem g\u00f6z\u00fcn yap\u0131s\u0131n\u0131 hem de g\u00f6zde meydana gelen hastal\u0131klar\u0131 inceler. Ayr\u0131ca, yaln\u0131zca insanlar\u0131n de\u011fil hayvanlar\u0131n da g\u00f6zlerini inceler. Bunun sebebi ise insanlar\u0131n ve hayvanlar\u0131n g\u00f6zlerinin yap\u0131s\u0131n\u0131n birbirleri ile neredeyse ayn\u0131 olmas\u0131d\u0131r.<\/p>\n<p>G\u00f6z; v\u00fccudun en hassas organlar\u0131n\u0131n ba\u015f\u0131nda gelir. Tarih boyunca bir\u00e7ok uygarl\u0131\u011f\u0131n g\u00f6z ile ilgilenmesine ve g\u00f6z hastal\u0131klar\u0131na \u00e7\u00f6z\u00fcm bulmak ad\u0131na ara\u015ft\u0131rmalar yapmas\u0131na rastlanm\u0131\u015ft\u0131r. Bilhassa M\u0131s\u0131rl\u0131lar\u0131n oftalmoloji biliminin geli\u015fmesine b\u00fcy\u00fck katk\u0131 sa\u011flad\u0131klar\u0131 bilinir. Oftalmoloji; g\u00f6z hastal\u0131klar\u0131n\u0131n te\u015fhisi, tedavisi ve \u00f6nlenmesi ile ilgilenir. Ba\u015fta g\u00f6z olmak \u00fczere g\u00f6z \u00e7evresindeki yap\u0131lar ve g\u00f6rme sistemi; bir\u00e7ok klinik durum ile kar\u015f\u0131 kar\u015f\u0131ya kalabilir. Oftalmoloji ise s\u00f6z konusu durumlar\u0131n te\u015fhis ve tedavisinde mikrocerrahi ile beraber etkin bir i\u015fleve sahiptir.<br \/>\nG\u00f6z doktorunun di\u011fer ad\u0131 oftalmolog olarak bilinir. Oftalmolog; g\u00f6z ve g\u00f6rme bak\u0131m\u0131 konusunda uzman hale gelmi\u015ftir. T\u00fcm g\u00f6z hastal\u0131klar\u0131n\u0131 te\u015fhis ve tedavi etmekle y\u00fck\u00fcml\u00fcd\u00fcr. Bunun yan\u0131 s\u0131ra, g\u00f6z ile ilgili gerekli t\u00fcm cerrahi m\u00fcdahaleleri sorunsuz bir \u015fekilde ger\u00e7ekle\u015ftirir. Oftalmoloji tedavileri sayesinde insanlar\u0131n hayat standartlar\u0131 y\u00fckselir.<\/p>\n<h2>Oftalmoloji Tedavileri<\/h2>\n<p>Oftalmoloji tedavi \u00e7e\u015fitleri birden fazlad\u0131r. Kornea ve ok\u00fcler y\u00fczey, retina, \u015fa\u015f\u0131l\u0131k &amp; pediatrik oftalmoloji, vitreoretinal cerrahi, katarakt &amp; refraksiyon cerrahisi, ok\u00fcler travmotoloji ve medikolegal oftalmoloji, glokom, n\u00f6rooftalmoloji ve ok\u00fcler enfeksiyonlar olmak \u00fczere farkl\u0131 oftalmoloji tedavi \u00e7e\u015fitleri ile insanlar\u0131n sorunlar\u0131na en iyi \u015fekilde \u00e7\u00f6z\u00fcm bulunur.<\/p>\n<h3>\u015ea\u015f\u0131l\u0131k &amp; Pediatrik Oftalmoloji<\/h3>\n<p>Katarakt, glokom ve bir\u00e7ok retina hastal\u0131\u011f\u0131; bilhassa eri\u015fkinlerde kendisini g\u00f6sterebilir. Ancak, bu t\u00fcr hastal\u0131klar; ayn\u0131 zamanda do\u011far do\u011fmaz veya hayat\u0131n ilk d\u00f6nemlerinde ortaya \u00e7\u0131kan hastal\u0131klar olarak da bilinirler. \u00d6zellikle premat\u00fcre bebeklerde erken geli\u015fen a\u011f\u0131r retina hastal\u0131klar\u0131na rastlan\u0131r. Bunun yan\u0131 s\u0131ra, genetik g\u00f6z hastal\u0131klar\u0131n\u0131n bir\u00e7o\u011fu da \u00e7ocuk ya\u015fta kendisini g\u00f6sterir.<br \/>\nPediatrik oftalmoloji; \u00e7ocuklar\u0131n g\u00f6rme geli\u015fimlerinin takip edilmesi ba\u015fta olmak \u00fczere \u015fa\u015f\u0131l\u0131\u011f\u0131n tedavi edilmesi ve k\u0131r\u0131lma kusurlar\u0131n\u0131n d\u00fczeltilmesi gibi s\u00fcre\u00e7ler ad\u0131na hayati \u00f6nem ta\u015f\u0131r. G\u00f6z tembelli\u011fi; bir\u00e7ok insan\u0131n hayat\u0131n\u0131 olumsuz etkiler. Fakat, g\u00f6z tembelli\u011fi; erken ya\u015flarda tedavi edilmek zorundad\u0131r.<\/p>\n<h3>Kornea ve Ok\u00fcler Y\u00fczey<\/h3>\n<p>Sa\u011fl\u0131k merkezlerinin kornea biriminde g\u00f6z\u00fcn \u00f6n y\u00fczeyi ile ilgili hastal\u0131klar\u0131n te\u015fhisi ve tedavisi ger\u00e7ekle\u015ftirilir. \u00d6n segment foto\u011fraflamas\u0131, kornea topografi, meibografi, invivo konfokal mikroskopi ve \u00f6n segment Optik Koherans Topografisi gibi y\u00f6ntemler sayesinde kornea ile ilgili hastal\u0131klar\u0131n te\u015fhis edilmesi m\u00fcmk\u00fcn hale gelir. Bunun yan\u0131 s\u0131ra, limbal k\u00f6k h\u00fccre nakli ve kornea nakli ile de tedavi i\u015flemleri ger\u00e7ekle\u015ftirilir.<\/p>\n<h3>Retina<\/h3>\n<p>\u00c7ok ince bir zar olarak bilinen retina; y\u0131rt\u0131lma ve delinme gibi durumlardan dolay\u0131 h\u0131zl\u0131 bir \u015fekilde g\u00f6z duvar\u0131ndan ayr\u0131labilir. Bu y\u00fczden, g\u00f6rme kayb\u0131na rastlanabilir. Bilhassa retina y\u0131rt\u0131klar\u0131n\u0131n tedavisi ivedilikle ger\u00e7ekle\u015ftirilmelidir.<\/p>\n<h3>Vitreoretinal Cerrahi<\/h3>\n<p>Retina cerrahisi olarak bilinir. G\u00f6z\u00fcn hemen arka k\u0131sm\u0131ndaki jel k\u0131vam\u0131ndaki maddenin al\u0131nmas\u0131 ve retinadaki problemlere cerrahi olarak m\u00fcdahale edilmesi \u015feklinde tan\u0131mlanabilir.<\/p>\n<h3>Katarakt &amp; Refraksiyon Cerrahisi<\/h3>\n<p>G\u00f6z merce\u011finin saydaml\u0131\u011f\u0131n\u0131 kaybetmesi ve buzlu cam halini almas\u0131 olarak bilinen katarakt ya\u015fa ba\u011fl\u0131 olarak ortaya \u00e7\u0131kar. \u00c7ok k\u00fc\u00e7\u00fck bir ke\u015fiden yap\u0131lan ameliyat ile bu rahats\u0131zl\u0131\u011fa \u00e7\u00f6z\u00fcm bulunur.<\/p>\n<h3>Ok\u00fcler Travmatoloji ve Medikolegal Oftalmoloji<\/h3>\n<p>Y\u00fcze al\u0131nan travmalar ile ilgilenen bir tedavi se\u00e7ene\u011fidir. Kafa ve y\u00fcz travmas\u0131 sonucu g\u00f6z ve \u00e7evresinde sa\u011fl\u0131\u011f\u0131 tehlikeye atan yaralanmalar ile ilgilenir.<\/p>\n<h3>Glokom<\/h3>\n<p>G\u00f6z tansiyonu ve karasu hastal\u0131\u011f\u0131 gibi farkl\u0131 isimleri vard\u0131r. G\u00f6z i\u00e7i bas\u0131nc\u0131n\u0131n y\u00fckselmesinden m\u00fctevellit g\u00f6z sinirlerinin zarar g\u00f6rmesini ifade eder. Y\u00fczde y\u00fcz tedavisi m\u00fcmk\u00fcn de\u011fildir. Yine de olu\u015fan hasar\u0131 azaltmak ad\u0131na \u00e7aba g\u00f6sterilir.<\/p>\n<h3>N\u00f6rooftalmoloji<\/h3>\n<p>G\u00f6zleriyle ilgili sorun ya\u015fayanlar ciddi ba\u015f a\u011fr\u0131lar\u0131 ile kar\u015f\u0131la\u015f\u0131rlar. N\u00f6rooftalmoloji; g\u00f6z hastal\u0131klar\u0131ndan dolay\u0131 meydana gelen ba\u015f a\u011fr\u0131lar\u0131n\u0131 tedavi eden bir bilimdir. Bir ba\u015fka deyi\u015fle, g\u00f6z ve sinir sisteminin ortak hastal\u0131klar\u0131 ile ilgilenir.<\/p>\n<h3>Ok\u00fcler Enfeksiyonlar<\/h3>\n<p>G\u00f6z kapa\u011f\u0131n\u0131n i\u00e7 k\u0131sm\u0131 veya g\u00f6z\u00fcn beyaz k\u0131sm\u0131nda \u015fi\u015flik ve k\u0131zar\u0131kl\u0131k gibi belirtilerle ortaya \u00e7\u0131kan enfeksiyonlar olarak tan\u0131mlan\u0131r.<\/p>\n<h2>Oftalmoloji Estetik Ameliyatlar\u0131<\/h2>\n<p>T\u00fcrkiye\u2019de oftalmoloji alan\u0131nda s\u0131kl\u0131kla tercih edilen \u00e7ok say\u0131da estetik ameliyat vard\u0131r. Bir\u00e7ok ki\u015fi; oftalmoloji estetik ameliyatlar\u0131 hakk\u0131nda bilgi almak ister.<\/p>\n<ul>\n<li>Dar g\u00f6zleri b\u00fcy\u00fctme i\u015flemi: Dolgu enjeksiyonu, alt g\u00f6z kapa\u011f\u0131 operasyonu, g\u00f6z kapa\u011f\u0131 sarkmas\u0131 ameliyat\u0131 gibi se\u00e7eneklerle duruma m\u00fcdahale edilir.<\/li>\n<li>\u015ea\u015f\u0131l\u0131\u011f\u0131 d\u00fczeltme operasyonu: G\u00f6zde bulunan alt\u0131 adet kas\u0131n kuvvetleri ve etki noktalar\u0131 de\u011fi\u015ftirilir.<\/li>\n<li>\u00c7\u0131k\u0131nt\u0131l\u0131 g\u00f6z ameliyat\u0131<\/li>\n<li>Bat\u0131k g\u00f6z ameliyat\u0131<\/li>\n<li>Asya g\u00f6z ameliyat\u0131<\/li>\n<li>G\u00f6z kapa\u011f\u0131 s\u0131k\u0131la\u015ft\u0131rma tedavileri ve k\u0131r\u0131\u015f\u0131kl\u0131klar\u0131 ortadan kald\u0131rma operasyonu: Levator kas\u0131 cerrahisi, M\u00fcller kas\u0131 cerrahisi veya ask\u0131 y\u00f6ntemleri ile g\u00f6z kapa\u011f\u0131n\u0131 s\u0131k\u0131la\u015ft\u0131rmak m\u00fcmk\u00fcn hale gelir.<\/li>\n<li>G\u00f6z alt\u0131 ve \u00e7evresindeki koyu halkalar\u0131 ortadan kald\u0131rma operasyonu: Mezoterapi ve \u0131\u015f\u0131k dolgusu gibi se\u00e7eneklerle g\u00f6z alt\u0131 ve \u00e7evresindeki koyu halkalardan kurtulmak m\u00fcmk\u00fcn hale gelir.<\/li>\n<li>G\u00fclme k\u0131r\u0131\u015f\u0131kl\u0131klar\u0131ndan kurtulma operasyonu<\/li>\n<\/ul>\n<h2>Oftalmoloji Ameliyatlar\u0131 Fiyatlar\u0131<\/h2>\n<p>G\u00f6zleri ile ilgili ciddi s\u0131k\u0131nt\u0131lar ya\u015fayan insanlar\u0131n akl\u0131nda oftalmoloji tedavileri fiyatlar\u0131 ne kadar sorusu yer al\u0131r. Bu noktada, s\u00f6z konusu ameliyatlar\u0131n fiyatlar\u0131n\u0131n operasyonun t\u00fcr\u00fcne g\u00f6re de\u011fi\u015fti\u011fini s\u00f6yleyebiliriz. Bir ba\u015fka deyi\u015fle, cerrahi ve kozmetik operasyonlar aras\u0131nda fiyat farklar\u0131 vard\u0131r. Oftalmoloji estetik tedavileri fiyatlar\u0131; 1.500 USD ve \u00fczeri olarak ifade edilebilir.<\/p>\n","protected":false},"excerpt":{"rendered":"<p>Bir\u00e7ok gen\u00e7; t\u0131p fak\u00fcltesinde okumay\u0131 hayal eder. Alt\u0131 y\u0131ll\u0131k t\u0131p e\u011fitiminin ard\u0131ndan uzmanl\u0131k e\u011fitimine ge\u00e7ilir. T\u0131p mezunlar\u0131; hangi alanda uzmanla\u015facaklar\u0131na karar veremezler. Oftalmoloji; bir\u00e7ok ki\u015finin haberdar olmad\u0131\u011f\u0131 bir aland\u0131r. Ancak, T\u00fcrkiye\u2019de oftalmoloji tedavileri sayesinde insanlar\u0131n sorunlar\u0131na \u00e7\u00f6z\u00fcm bulunur. Oftalmoloji Nedir? Oftalmoloji; hem g\u00f6z\u00fcn yap\u0131s\u0131n\u0131 hem de g\u00f6zde meydana gelen hastal\u0131klar\u0131 inceler. Ayr\u0131ca, yaln\u0131zca insanlar\u0131n de\u011fil [&hellip;]<\/p>\n","protected":false},"author":1,"featured_media":1565,"parent":0,"menu_order":0,"comment_status":"closed","ping_status":"closed","template":"page.php","meta":{"om_disable_all_campaigns":false,"_mi_skip_tracking":false,"footnotes":""},"class_list":["post-91","page","type-page","status-publish","has-post-thumbnail","hentry"],"_links":{"self":[{"href":"https:\/\/www.healdone.com\/tr\/wp-json\/wp\/v2\/pages\/91","targetHints":{"allow":["GET"]}}],"collection":[{"href":"https:\/\/www.healdone.com\/tr\/wp-json\/wp\/v2\/pages"}],"about":[{"href":"https:\/\/www.healdone.com\/tr\/wp-json\/wp\/v2\/types\/page"}],"author":[{"embeddable":true,"href":"https:\/\/www.healdone.com\/tr\/wp-json\/wp\/v2\/users\/1"}],"replies":[{"embeddable":true,"href":"https:\/\/www.healdone.com\/tr\/wp-json\/wp\/v2\/comments?post=91"}],"version-history":[{"count":0,"href":"https:\/\/www.healdone.com\/tr\/wp-json\/wp\/v2\/pages\/91\/revisions"}],"wp:featuredmedia":[{"embeddable":true,"href":"https:\/\/www.healdone.com\/tr\/wp-json\/wp\/v2\/media\/1565"}],"wp:attachment":[{"href":"https:\/\/www.healdone.com\/tr\/wp-json\/wp\/v2\/media?parent=91"}],"curies":[{"name":"wp","href":"https:\/\/api.w.org\/{rel}","templated":true}]}}