{"id":98,"date":"2021-10-20T16:29:52","date_gmt":"2021-10-20T13:29:52","guid":{"rendered":"https:\/\/www.healdone.com\/?page_id=98"},"modified":"2022-06-15T15:13:26","modified_gmt":"2022-06-15T12:13:26","slug":"mide-kucultme-tedavileri","status":"publish","type":"page","link":"https:\/\/www.healdone.com\/tr\/mide-kucultme-tedavileri\/","title":{"rendered":"Mide K\u00fc\u00e7\u00fcltme"},"content":{"rendered":"<p>2020\u2019li y\u0131llarda oldu\u011fumuz \u015fu g\u00fcnlerde neredeyse her ya\u015ftan insan\u0131n fazla kilo problemi ile kar\u015f\u0131 kar\u015f\u0131ya oldu\u011funu s\u00f6yleyebiliriz. Diyet, spor, beslenme al\u0131\u015fkanl\u0131klar\u0131n\u0131n de\u011fi\u015ftirilmesi ve daha bir\u00e7ok se\u00e7enek sayesinde kilo vermek m\u00fcmk\u00fcn hale gelir. Ancak, baz\u0131 insanlar, ne yaparlarsa yaps\u0131nlar, kilo veremezler. Bu insanlar\u0131n \u00f6n\u00fcndeki tek se\u00e7enek cerrahi bir i\u015flemdir.<\/p>\n<p>Bir di\u011fer ad\u0131 t\u00fcp mide ameliyat\u0131 olan mide k\u00fc\u00e7\u00fcltme ameliyat\u0131 ile mide muz \u015fekline \u00e7ok benzeyen ince ve uzun bir t\u00fcp halini al\u0131r. Kapal\u0131 ameliyat y\u00f6ntemiyle ger\u00e7ekle\u015ftirilen bu operasyon; midenin yakla\u015f\u0131k y\u00fczde 80\u2019lik k\u0131sm\u0131n\u0131n \u00e7\u0131kar\u0131lmas\u0131yla sona erer.<\/p>\n<h2>Mide K\u00fc\u00e7\u00fcltme Tedavileri<\/h2>\n<p>Her ge\u00e7en g\u00fcn daha \u00e7ok insan\u0131n obezite problemiyle kar\u015f\u0131la\u015ft\u0131\u011f\u0131 biliniyor. Diyet ve spor ile kilo veremeyen insanlar; mide k\u00fc\u00e7\u00fcltme tedavileri sayesinde hedefledikleri kiloya ve d\u0131\u015f g\u00f6r\u00fcn\u00fc\u015fe eri\u015fmeyi ama\u00e7l\u0131yorlar.<\/p>\n<ul>\n<li><strong>Mideye i\u00e7 balon yerle\u015ftirilmesi:<\/strong> Hasta; sekiz saatlik a\u00e7l\u0131k s\u00fcresinin ard\u0131ndan uyutulur. Endoskopi se\u00e7ene\u011fiyle midenin i\u00e7erisine mide balonu yerle\u015ftirilir. Sulu veya haval\u0131 balon olu\u015funa g\u00f6re de\u011fi\u015fecek \u015fekilde mide balonunun \u015fi\u015firilmesine ba\u015flan\u0131r. Balonun b\u00fcy\u00fckl\u00fc\u011f\u00fcn\u00fcn artmas\u0131na ba\u011fl\u0131 olarak midenin doluluk seviyesi de artar. Bir ba\u015fka deyi\u015fle, mide; ge\u00e7mi\u015fe k\u0131yasla \u00e7ok daha k\u0131sa s\u00fcrede doyma hissini ya\u015far. Ki\u015finin daha az yemek yemesini ve daha \u00e7abuk doymas\u0131n\u0131 sa\u011flayan bir y\u00f6ntemdir.<\/li>\n<li><strong>T\u00fcp mide ameliyat\u0131:<\/strong> Midenin \u00e7ok b\u00fcy\u00fck bir b\u00f6l\u00fcm\u00fc cerrahi bir operasyonla \u00e7\u0131kar\u0131l\u0131r. Hatta, midenin y\u00fczde 80\u2019lik k\u0131sm\u0131n\u0131n al\u0131nmas\u0131 s\u00f6z konusudur. Bu sayede, operasyon ge\u00e7iren ki\u015finin daha k\u0131sa s\u00fcrede doymas\u0131 sa\u011flan\u0131r.<\/li>\n<li><strong>Gastrik Bypass:<\/strong> Midenin \u00e7ok b\u00fcy\u00fck bir b\u00f6l\u00fcm\u00fc bypass edilir. K\u00fc\u00e7\u00fck hacimli bir mide b\u00f6l\u00fcm\u00fc haz\u0131rlan\u0131r. Ayr\u0131ca, haz\u0131rlanan mide b\u00f6l\u00fcm\u00fc ince ba\u011f\u0131rsaklara dikilir. Bu sayede, insanlar; hem daha az yiyecekle doyarlar hem de yedikleri g\u0131dan\u0131n bir k\u0131sm\u0131 do\u011frudan emilir.<\/li>\n<\/ul>\n<h2>Mide K\u00fc\u00e7\u00fcltme Operasyonlar\u0131 Kimlere Yap\u0131labilir?<\/h2>\n<p>Mide k\u00fc\u00e7\u00fcltme ameliyat\u0131 \u015fartlar\u0131 merak edilir. Bu noktada, a\u015fa\u011f\u0131daki \u00f6zellikleri ta\u015f\u0131yan ki\u015filer i\u00e7in uygun bir ameliyat oldu\u011funu dile getirmek gerekir.<\/p>\n<ul>\n<li>Obezite sorunuyla kar\u015f\u0131la\u015fan herkesin bu ameliyattan faydalanmas\u0131 m\u00fcmk\u00fcn de\u011fildir. Her \u015feyden \u00f6nce, ki\u015finin obez olmas\u0131 ancak obezite oran\u0131n\u0131n 40\/50 kg\u2019\u0131 ge\u00e7mesi gerekir.<\/li>\n<li>Hamile kad\u0131nlar\u0131n yan\u0131 s\u0131ra yeni do\u011fmu\u015f ve hali haz\u0131rda \u00e7ocu\u011funu emziren kad\u0131nlar i\u00e7in de uygun bir operasyon olmad\u0131\u011f\u0131n\u0131 dile getirmek gerekir.<\/li>\n<li>Mide \u00fclseri veya mide kanseri gibi ciddi rahats\u0131zl\u0131klardan muzdarip olan ki\u015filer; mide k\u00fc\u00e7\u00fcltme ameliyat\u0131 ge\u00e7iremezler.<\/li>\n<li>Herkesin bildi\u011fi gibi normalden daha \u00e7ok yiyen insanlar kilo al\u0131rlar. Ancak, ki\u015finin genetik bir fakt\u00f6re ba\u011fl\u0131 olarak kilo ald\u0131\u011f\u0131 hallerde mide k\u00fc\u00e7\u00fcltme ameliyat\u0131 ge\u00e7irmesine izin verilmez. Bunun yan\u0131 s\u0131ra, hormonal dengesizlik dolay\u0131s\u0131yla kilo alanlar i\u00e7in de uygun bir ameliyat de\u011fildir.<\/li>\n<li>Kalp, \u015feker ve farkl\u0131 kronik hastal\u0131klar ile kar\u015f\u0131la\u015fan insanlar\u0131n yan\u0131 s\u0131ra y\u00fcksek tansiyon sorunundan \u015fikayet edenlerin de bu ameliyat\u0131 ge\u00e7irmesi tavsiye edilmez. Ancak, yine de doktor kontrol\u00fcn\u00fcn ard\u0131ndan ameliyat olup olmayacaklar\u0131na net bir \u015fekilde karar verilir.<\/li>\n<\/ul>\n<h2>Mide K\u00fc\u00e7\u00fcltme Operasyonlar\u0131<\/h2>\n<p>T\u00fcrkiye\u2019de mide k\u00fc\u00e7\u00fcltme y\u00f6ntemleri denildi\u011fi zaman akla farkl\u0131 se\u00e7enekler gelir.<\/p>\n<ul>\n<li><strong>Gastrekomi Kolu:<\/strong> Son derece pop\u00fcler mide k\u00fc\u00e7\u00fcltme y\u00f6ntemleri aras\u0131nda bulunur. Fazla kilolardan kurtulmak isteyenlere hitap eder. Midenin yakla\u015f\u0131k y\u00fczde 70\u2019lik k\u0131sm\u0131n\u0131n \u00e7\u0131kar\u0131lmas\u0131yla sonu\u00e7lan\u0131r. Bu sayede, midenin g\u0131da ve s\u0131v\u0131lar\u0131 emme kapasitesini do\u011frudan azalt\u0131r. Mide kanseri ve obezite cerrahisinde olabilecek en iyi sonu\u00e7lar\u0131 verir. Tip 2 diyabet ve mide bo\u015falma problemlerinin ortadan kald\u0131r\u0131lmas\u0131n\u0131 sa\u011flar. 18 ila 65 ya\u015f aras\u0131ndaki hastalar i\u00e7in uygundur. Ancak, ki\u015finin v\u00fccut kitle endeksinin 35 \u00fczeri olmas\u0131 gerekir. A\u015f\u0131r\u0131 kanama ve enfeksiyon gibi riskler nadiren ortaya \u00e7\u0131kar.<\/li>\n<li><strong>Mide band\u0131:<\/strong> Bu y\u00f6ntemde midenin \u00e7evresine silikondan tasarlanm\u0131\u015f bir bant yerle\u015ftirilir. Ameliyat\u0131n ertesinde midenin ge\u00e7i\u015finin boyutu de\u011fi\u015ftirilir. S\u00f6z konusu bant; mideyi t\u0131pk\u0131 bir kum saati gibi ikiye b\u00f6ler. \u00dcstte kalan k\u00fc\u00e7\u00fck mide k\u0131sm\u0131; k\u0131sa s\u00fcrede doygunlu\u011fa eri\u015fir. Bu sayede, ki\u015finin daha az yemek yemesi sa\u011flan\u0131r. Operasyonun ard\u0131ndan kusma, kab\u0131zl\u0131k ve sa\u00e7 d\u00f6k\u00fclmesi gibi k\u0131sa s\u00fcrede ortadan kalkacak sorunlar meydana gelebilir. Ba\u015far\u0131l\u0131 bir kilo kayb\u0131 i\u00e7in ki\u015finin ameliyat\u0131n ard\u0131ndan do\u011fru bir \u015fekilde beslenmesi gerekir. Mide band\u0131; y\u00fczde y\u00fcze yak\u0131n ba\u015far\u0131 oran\u0131yla dikkat \u00e7eker.<\/li>\n<li><strong>Gastrik Bypass Ameliyat\u0131:<\/strong> Bu y\u00f6ntemde midenin \u00fcst k\u0131sm\u0131 do\u011frudan ince ba\u011f\u0131rsa\u011fa ba\u011flan\u0131r. Bu sayede, mideye yepyeni bir yol olu\u015fturulur. \u0130nsanlar; k\u00fc\u00e7\u00fck mide sayesinde daha az yemek yiyip daha k\u0131sa s\u00fcrede doyarlar. Hem besin al\u0131m\u0131 hem de besin emilimi azal\u0131r. \u015eeker hastal\u0131\u011f\u0131 ba\u015fta olmak \u00fczere bir\u00e7ok hastal\u0131\u011f\u0131n risklerini azalt\u0131r. Ancak, mide k\u00fc\u00e7\u00fcltme ameliyat\u0131 sonras\u0131 beslenme \u015fartlar\u0131na dikkat etmeyenler vitamin ve mineral eksikli\u011fi sorunu ile kar\u015f\u0131la\u015f\u0131rlar.<\/li>\n<li><strong>Mide Balonu Operasyonu:<\/strong> Mideye bo\u015f bir balon sokulur. \u0130\u00e7erisi s\u0131v\u0131 ile doldurulur. Mide bo\u015f kald\u0131\u011f\u0131 i\u00e7in daha az yemek t\u00fcketilir. Cerrahi bir i\u015flem olmad\u0131\u011f\u0131 i\u00e7in hastalar normal hayatlar\u0131na hemen d\u00f6nerler. K\u0131sa s\u00fcren bir operasyondur. Ciddi olmayan yan etkilerine rastlan\u0131r.<\/li>\n<li><strong>Mide Botoksu:<\/strong> Midenin belirli b\u00f6lgelerine botoks enjekte edilir. Mide kaslar\u0131n\u0131n kas\u0131lmas\u0131 s\u0131n\u0131rland\u0131r\u0131l\u0131r. Mide bo\u015falma s\u00fcresi gecikir. Bu sayede, hastan\u0131n i\u015ftah\u0131 azal\u0131r. Cerrahi bir operasyon olmamas\u0131 ve k\u0131sa s\u00fcrmesi avantajlar\u0131 aras\u0131nda g\u00f6sterilir. Herhangi bir yan etkiye rastlanmaz.<\/li>\n<\/ul>\n<h2>Mide K\u00fc\u00e7\u00fcltme Ameliyat\u0131 Fiyatlar\u0131<\/h2>\n<p>Mide k\u00fc\u00e7\u00fcltme ameliyat\u0131 fiyat\u0131; 2022 y\u0131l\u0131nda oldu\u011fumuz \u015fu g\u00fcnlerde ortalama 2500 USD olarak ifade edilse de tercih edilen y\u00f6nteme g\u00f6re farkl\u0131l\u0131k g\u00f6stermesi s\u00f6z konusudur.<\/p>\n","protected":false},"excerpt":{"rendered":"<p>2020\u2019li y\u0131llarda oldu\u011fumuz \u015fu g\u00fcnlerde neredeyse her ya\u015ftan insan\u0131n fazla kilo problemi ile kar\u015f\u0131 kar\u015f\u0131ya oldu\u011funu s\u00f6yleyebiliriz. Diyet, spor, beslenme al\u0131\u015fkanl\u0131klar\u0131n\u0131n de\u011fi\u015ftirilmesi ve daha bir\u00e7ok se\u00e7enek sayesinde kilo vermek m\u00fcmk\u00fcn hale gelir. Ancak, baz\u0131 insanlar, ne yaparlarsa yaps\u0131nlar, kilo veremezler. Bu insanlar\u0131n \u00f6n\u00fcndeki tek se\u00e7enek cerrahi bir i\u015flemdir. Bir di\u011fer ad\u0131 t\u00fcp mide ameliyat\u0131 olan [&hellip;]<\/p>\n","protected":false},"author":1,"featured_media":1557,"parent":0,"menu_order":0,"comment_status":"closed","ping_status":"closed","template":"page.php","meta":{"om_disable_all_campaigns":false,"_mi_skip_tracking":false,"footnotes":""},"class_list":["post-98","page","type-page","status-publish","has-post-thumbnail","hentry"],"_links":{"self":[{"href":"https:\/\/www.healdone.com\/tr\/wp-json\/wp\/v2\/pages\/98","targetHints":{"allow":["GET"]}}],"collection":[{"href":"https:\/\/www.healdone.com\/tr\/wp-json\/wp\/v2\/pages"}],"about":[{"href":"https:\/\/www.healdone.com\/tr\/wp-json\/wp\/v2\/types\/page"}],"author":[{"embeddable":true,"href":"https:\/\/www.healdone.com\/tr\/wp-json\/wp\/v2\/users\/1"}],"replies":[{"embeddable":true,"href":"https:\/\/www.healdone.com\/tr\/wp-json\/wp\/v2\/comments?post=98"}],"version-history":[{"count":0,"href":"https:\/\/www.healdone.com\/tr\/wp-json\/wp\/v2\/pages\/98\/revisions"}],"wp:featuredmedia":[{"embeddable":true,"href":"https:\/\/www.healdone.com\/tr\/wp-json\/wp\/v2\/media\/1557"}],"wp:attachment":[{"href":"https:\/\/www.healdone.com\/tr\/wp-json\/wp\/v2\/media?parent=98"}],"curies":[{"name":"wp","href":"https:\/\/api.w.org\/{rel}","templated":true}]}}